{"id":29,"date":"2018-02-13T13:50:04","date_gmt":"2018-02-13T15:50:04","guid":{"rendered":"http:\/\/nossacasa.net\/nossosriachos\/rios\/?page_id=29"},"modified":"2018-02-14T15:05:36","modified_gmt":"2018-02-14T17:05:36","slug":"bacia-atlantico-nordeste-ocidental","status":"publish","type":"page","link":"http:\/\/nossacasa.net\/nossosriachos\/rios\/bacia-atlantico-nordeste-ocidental\/","title":{"rendered":"Bacia Atl\u00e2ntico Nordeste Ocidental"},"content":{"rendered":"<div style=\"text-align:justify\">\n<img loading=\"lazy\" decoding=\"async\" src=\"http:\/\/nossacasa.net\/nossosriachos\/rios\/wp-content\/uploads\/sites\/8\/2018\/02\/atlantico_norte-ocidental.jpg\" alt=\"\" width=\"226\" height=\"223\" class=\"aligncenter size-full wp-image-69\" srcset=\"http:\/\/nossacasa.net\/nossosriachos\/rios\/wp-content\/uploads\/sites\/8\/2018\/02\/atlantico_norte-ocidental.jpg 226w, http:\/\/nossacasa.net\/nossosriachos\/rios\/wp-content\/uploads\/sites\/8\/2018\/02\/atlantico_norte-ocidental-50x50.jpg 50w\" sizes=\"auto, (max-width: 226px) 100vw, 226px\" \/><br \/>\n<strong>Regi\u00e3o Hidrogr\u00e1fica Atl\u00e2ntico Nordeste Ocidental<\/strong><\/p>\n<p>A Regi\u00e3o Hidrogr\u00e1fica Atl\u00e2ntico Nordeste Ocidental \u00e9 constitu\u00edda pelas bacias hidrogr\u00e1ficas dos rios que des\u00e1guam<br \/>\nno Atl\u00e2ntico &#8211; trecho Nordeste, estando limitada a oeste pela regi\u00e3o hidrogr\u00e1fica do Tocantins\/Araguaia, exclusive, e a leste pela regi\u00e3o hidrogr\u00e1fica do Parna\u00edba<\/p>\n<hr>\n<p>Localizada no Estado do Maranh\u00e3o e em uma pequena por\u00e7\u00e3o oriental do Par\u00e1, fazem parte da regi\u00e3o hidrogr\u00e1fica do Atl\u00e2ntico Nordeste Ocidental os rios Gurupi, Turia\u00e7u, Pericum\u00e3, Mearim, Itapecuru, Munim e a regi\u00e3o do litoral do Maranh\u00e3o. Com uma \u00e1rea de 254.100 km2, a bacia atinge 233 munic\u00edpios, sendo 9% no Par\u00e1 e 91% no Maranh\u00e3o.\n<\/p><\/div>\n<p>Fonte: <a href=\"http:\/\/www.mma.gov.br\/sitio\/index.php?ido=conteudo.monta&#038;idEstrutura=161&#038;idConteudo=9513\" rel=\"noopener\" target=\"_blank\">Plano Nacional de Recursos H\u00eddricos<\/a><\/p>\n","protected":false},"excerpt":{"rendered":"<p>Regi\u00e3o Hidrogr\u00e1fica Atl\u00e2ntico Nordeste Ocidental A Regi\u00e3o Hidrogr\u00e1fica Atl\u00e2ntico Nordeste Ocidental \u00e9 constitu\u00edda pelas bacias hidrogr\u00e1ficas dos rios que des\u00e1guam no Atl\u00e2ntico &#8211; trecho Nordeste, estando limitada a oeste pela regi\u00e3o hidrogr\u00e1fica do Tocantins\/Araguaia, exclusive, e a leste pela regi\u00e3o &hellip; <a href=\"http:\/\/nossacasa.net\/nossosriachos\/rios\/bacia-atlantico-nordeste-ocidental\/\">Continue lendo <span class=\"meta-nav\">&rarr;<\/span><\/a><\/p>\n","protected":false},"author":1,"featured_media":69,"parent":0,"menu_order":0,"comment_status":"closed","ping_status":"closed","template":"","meta":{"footnotes":""},"class_list":["post-29","page","type-page","status-publish","has-post-thumbnail","hentry"],"_links":{"self":[{"href":"http:\/\/nossacasa.net\/nossosriachos\/rios\/wp-json\/wp\/v2\/pages\/29","targetHints":{"allow":["GET"]}}],"collection":[{"href":"http:\/\/nossacasa.net\/nossosriachos\/rios\/wp-json\/wp\/v2\/pages"}],"about":[{"href":"http:\/\/nossacasa.net\/nossosriachos\/rios\/wp-json\/wp\/v2\/types\/page"}],"author":[{"embeddable":true,"href":"http:\/\/nossacasa.net\/nossosriachos\/rios\/wp-json\/wp\/v2\/users\/1"}],"replies":[{"embeddable":true,"href":"http:\/\/nossacasa.net\/nossosriachos\/rios\/wp-json\/wp\/v2\/comments?post=29"}],"version-history":[{"count":5,"href":"http:\/\/nossacasa.net\/nossosriachos\/rios\/wp-json\/wp\/v2\/pages\/29\/revisions"}],"predecessor-version":[{"id":110,"href":"http:\/\/nossacasa.net\/nossosriachos\/rios\/wp-json\/wp\/v2\/pages\/29\/revisions\/110"}],"wp:featuredmedia":[{"embeddable":true,"href":"http:\/\/nossacasa.net\/nossosriachos\/rios\/wp-json\/wp\/v2\/media\/69"}],"wp:attachment":[{"href":"http:\/\/nossacasa.net\/nossosriachos\/rios\/wp-json\/wp\/v2\/media?parent=29"}],"curies":[{"name":"wp","href":"https:\/\/api.w.org\/{rel}","templated":true}]}}