{"id":2909,"date":"2019-09-17T14:23:48","date_gmt":"2019-09-17T17:23:48","guid":{"rendered":"http:\/\/nossacasa.net\/nossosriachos\/rios\/?page_id=2909"},"modified":"2019-09-17T14:55:21","modified_gmt":"2019-09-17T17:55:21","slug":"chave-de-serrasalmidae","status":"publish","type":"page","link":"http:\/\/nossacasa.net\/nossosriachos\/rios\/chave-de-serrasalmidae\/","title":{"rendered":"Chave de Serrasalmidae"},"content":{"rendered":"\n<table id=\"tablepress-45\" class=\"tablepress tablepress-id-45 tbody-has-connected-cells\">\n<tbody class=\"row-striping row-hover\">\n<tr class=\"row-1\">\n\t<td colspan=\"4\" class=\"column-1\"><h1><a href=\"http:\/\/nossacasa.net\/nossosriachos\/rios\/serrasalmidae\/\">SERRASALMIDAE<\/a><\/h1><br \/>\nOs <strong><a href=\"http:\/\/nossacasa.net\/nossosriachos\/rios\/serrasalmidae\/\">Serrasalmidae<\/a><\/strong> do Tabuleiro s\u00e3o representados por cinco g\u00eaneros (todos introduzidos): <strong><em><a href=\"http:\/\/nossacasa.net\/nossosriachos\/rios\/metynnis\/\">Metynnis<\/a><\/em><\/strong>, <strong><em><a href=\"http:\/\/nossacasa.net\/nossosriachos\/rios\/myleus\/\">Myleus<\/a><\/em><\/strong>, <strong><em><a href=\"http:\/\/nossacasa.net\/nossosriachos\/rios\/serrasalmus\/\">Serrasalmus<\/a><\/em><\/strong>, <strong><em><a href=\"http:\/\/nossacasa.net\/nossosriachos\/rios\/piaractus\/\">Piaractus<\/a><\/em><\/strong> e <strong><em><a href=\"http:\/\/nossacasa.net\/nossosriachos\/rios\/pygocentrus\/\">Pygocentrus<\/a><\/em><\/strong>. <\/td>\n<\/tr>\n<tr class=\"row-2\">\n\t<td class=\"column-1\"><strong>1A<\/strong><\/td><td class=\"column-2\">Premaxilar com duas fileiras de dentes; <br \/>\ndentes da fileira interna molariformes; <br \/>\ndent\u00e1rio geralmente com um par de dentes c\u00f4nicos atr\u00e1s da s\u00e9rie principal.<\/td><td class=\"column-3\"><strong><a href=\"#2\">2<\/a><\/strong><br \/>\n<strong>(Myleinae)<\/strong><\/td><td class=\"column-4\"><img loading=\"lazy\" decoding=\"async\" src=\"http:\/\/nossacasa.net\/nossosriachos\/rios\/wp-content\/uploads\/sites\/8\/2019\/08\/Serrasalmidae_1A.png\" alt=\"\" width=\"800\" height=\"836\" class=\"aligncenter size-full wp-image-831\" srcset=\"http:\/\/nossacasa.net\/nossosriachos\/rios\/wp-content\/uploads\/sites\/8\/2019\/08\/Serrasalmidae_1A.png 800w, http:\/\/nossacasa.net\/nossosriachos\/rios\/wp-content\/uploads\/sites\/8\/2019\/08\/Serrasalmidae_1A-287x300.png 287w, http:\/\/nossacasa.net\/nossosriachos\/rios\/wp-content\/uploads\/sites\/8\/2019\/08\/Serrasalmidae_1A-768x803.png 768w\" sizes=\"auto, (max-width: 800px) 100vw, 800px\" \/><\/td>\n<\/tr>\n<tr class=\"row-3\">\n\t<td class=\"column-1\"><strong>1B<\/strong><\/td><td class=\"column-2\">Premaxilar com uma fileira de dentes; <br \/>\ndentes em geral laminares; <br \/>\ndent\u00e1rio formando uma fileira cont\u00ednua, sem dentes c\u00f4nicos.<\/td><td class=\"column-3\"><strong><a href=\"#4\">4<\/a><\/strong><br \/>\n<strong>(Serrasalminae)<\/strong><\/td><td class=\"column-4\"><img loading=\"lazy\" decoding=\"async\" src=\"http:\/\/nossacasa.net\/nossosriachos\/rios\/wp-content\/uploads\/sites\/8\/2019\/08\/Serrasalmidae_1B.png\" alt=\"\" width=\"800\" height=\"917\" class=\"aligncenter size-full wp-image-832\" srcset=\"http:\/\/nossacasa.net\/nossosriachos\/rios\/wp-content\/uploads\/sites\/8\/2019\/08\/Serrasalmidae_1B.png 800w, http:\/\/nossacasa.net\/nossosriachos\/rios\/wp-content\/uploads\/sites\/8\/2019\/08\/Serrasalmidae_1B-262x300.png 262w, http:\/\/nossacasa.net\/nossosriachos\/rios\/wp-content\/uploads\/sites\/8\/2019\/08\/Serrasalmidae_1B-768x880.png 768w\" sizes=\"auto, (max-width: 800px) 100vw, 800px\" \/><\/td>\n<\/tr>\n<tr class=\"row-4\">\n\t<td class=\"column-1\"><strong id=\"2\">2A<\/strong><\/td><td class=\"column-2\">Espinho pr\u00e9-dorsal presente (voltado para a frente, vis\u00edvel ap\u00f3s dissec\u00e7\u00e3o da pele, como ilustrado).<\/td><td class=\"column-3\"><strong><a href=\"#3\">3<\/a<\/strong><\/td><td class=\"column-4\"><img loading=\"lazy\" decoding=\"async\" src=\"http:\/\/nossacasa.net\/nossosriachos\/rios\/wp-content\/uploads\/sites\/8\/2019\/08\/Serrasalmidae_2A.png\" alt=\"\" width=\"800\" height=\"600\" class=\"aligncenter size-full wp-image-833\" srcset=\"http:\/\/nossacasa.net\/nossosriachos\/rios\/wp-content\/uploads\/sites\/8\/2019\/08\/Serrasalmidae_2A.png 800w, http:\/\/nossacasa.net\/nossosriachos\/rios\/wp-content\/uploads\/sites\/8\/2019\/08\/Serrasalmidae_2A-300x225.png 300w, http:\/\/nossacasa.net\/nossosriachos\/rios\/wp-content\/uploads\/sites\/8\/2019\/08\/Serrasalmidae_2A-768x576.png 768w, http:\/\/nossacasa.net\/nossosriachos\/rios\/wp-content\/uploads\/sites\/8\/2019\/08\/Serrasalmidae_2A-400x300.png 400w\" sizes=\"auto, (max-width: 800px) 100vw, 800px\" \/><\/td>\n<\/tr>\n<tr class=\"row-5\">\n\t<td class=\"column-1\"><strong>2B<\/strong><\/td><td class=\"column-2\">Espinho pr\u00e9-dorsal ausente.<\/td><td class=\"column-3\"><strong><em><a href=\"http:\/\/nossacasa.net\/nossosriachos\/rios\/piaractus\/\">Piaractus<\/a><\/em><\/strong><\/td><td class=\"column-4\"><img loading=\"lazy\" decoding=\"async\" src=\"http:\/\/nossacasa.net\/nossosriachos\/rios\/wp-content\/uploads\/sites\/8\/2019\/08\/Serrasalmidae_2B.png\" alt=\"\" width=\"800\" height=\"439\" class=\"aligncenter size-full wp-image-834\" srcset=\"http:\/\/nossacasa.net\/nossosriachos\/rios\/wp-content\/uploads\/sites\/8\/2019\/08\/Serrasalmidae_2B.png 800w, http:\/\/nossacasa.net\/nossosriachos\/rios\/wp-content\/uploads\/sites\/8\/2019\/08\/Serrasalmidae_2B-300x165.png 300w, http:\/\/nossacasa.net\/nossosriachos\/rios\/wp-content\/uploads\/sites\/8\/2019\/08\/Serrasalmidae_2B-768x421.png 768w, http:\/\/nossacasa.net\/nossosriachos\/rios\/wp-content\/uploads\/sites\/8\/2019\/08\/Serrasalmidae_2B-500x274.png 500w\" sizes=\"auto, (max-width: 800px) 100vw, 800px\" \/><\/td>\n<\/tr>\n<tr class=\"row-6\">\n\t<td class=\"column-1\"><strong id=\"3\">3A<\/strong><\/td><td class=\"column-2\">Base da nadadeira adiposa mais longa do que a dist\u00e2ncia entre a dorsal e a adiposa; <br \/>\nsem dimorfismo sexual pronunciado.<\/td><td class=\"column-3\"><strong><em><a href=\"http:\/\/nossacasa.net\/nossosriachos\/rios\/metynnis\/\">Metynnis<\/a><\/em><\/strong><\/td><td class=\"column-4\"><img loading=\"lazy\" decoding=\"async\" src=\"http:\/\/nossacasa.net\/nossosriachos\/rios\/wp-content\/uploads\/sites\/8\/2019\/08\/Serrasalmidae_3A.png\" alt=\"\" width=\"800\" height=\"523\" class=\"aligncenter size-full wp-image-835\" srcset=\"http:\/\/nossacasa.net\/nossosriachos\/rios\/wp-content\/uploads\/sites\/8\/2019\/08\/Serrasalmidae_3A.png 800w, http:\/\/nossacasa.net\/nossosriachos\/rios\/wp-content\/uploads\/sites\/8\/2019\/08\/Serrasalmidae_3A-300x196.png 300w, http:\/\/nossacasa.net\/nossosriachos\/rios\/wp-content\/uploads\/sites\/8\/2019\/08\/Serrasalmidae_3A-768x502.png 768w, http:\/\/nossacasa.net\/nossosriachos\/rios\/wp-content\/uploads\/sites\/8\/2019\/08\/Serrasalmidae_3A-459x300.png 459w\" sizes=\"auto, (max-width: 800px) 100vw, 800px\" \/><\/td>\n<\/tr>\n<tr class=\"row-7\">\n\t<td class=\"column-1\"><strong>3B<\/strong><\/td><td class=\"column-2\">Base da nadadeira adiposa mais curta do que a dist\u00e2ncia entre a dorsal e a adiposa; <br \/>\nnadadeira anal fortemente falcada em f\u00eameas e bilobada em machos.<\/td><td class=\"column-3\"><strong><em><a href=\"http:\/\/nossacasa.net\/nossosriachos\/rios\/myleus\/\">Myleus<\/a><\/em><\/strong><\/td><td class=\"column-4\"><img loading=\"lazy\" decoding=\"async\" src=\"http:\/\/nossacasa.net\/nossosriachos\/rios\/wp-content\/uploads\/sites\/8\/2019\/08\/Serrasalmidae_3B.png\" alt=\"\" width=\"800\" height=\"585\" class=\"aligncenter size-full wp-image-836\" srcset=\"http:\/\/nossacasa.net\/nossosriachos\/rios\/wp-content\/uploads\/sites\/8\/2019\/08\/Serrasalmidae_3B.png 800w, http:\/\/nossacasa.net\/nossosriachos\/rios\/wp-content\/uploads\/sites\/8\/2019\/08\/Serrasalmidae_3B-300x219.png 300w, http:\/\/nossacasa.net\/nossosriachos\/rios\/wp-content\/uploads\/sites\/8\/2019\/08\/Serrasalmidae_3B-768x562.png 768w, http:\/\/nossacasa.net\/nossosriachos\/rios\/wp-content\/uploads\/sites\/8\/2019\/08\/Serrasalmidae_3B-410x300.png 410w\" sizes=\"auto, (max-width: 800px) 100vw, 800px\" \/><\/td>\n<\/tr>\n<tr class=\"row-8\">\n\t<td class=\"column-1\"><strong id=\"4\">4A<\/strong><\/td><td class=\"column-2\">Perfil dorsal anterior (do focinho a nadadeira dorsal) convexo; <br \/>\npalato sem dentes.<\/td><td class=\"column-3\"><strong><em><a href=\"http:\/\/nossacasa.net\/nossosriachos\/rios\/pygocentrus\/\">Pygocentrus<\/a><\/em><\/strong><\/td><td class=\"column-4\"><img loading=\"lazy\" decoding=\"async\" src=\"http:\/\/nossacasa.net\/nossosriachos\/rios\/wp-content\/uploads\/sites\/8\/2019\/08\/Serrasalmidae_4A.png\" alt=\"\" width=\"800\" height=\"371\" class=\"aligncenter size-full wp-image-837\" srcset=\"http:\/\/nossacasa.net\/nossosriachos\/rios\/wp-content\/uploads\/sites\/8\/2019\/08\/Serrasalmidae_4A.png 800w, http:\/\/nossacasa.net\/nossosriachos\/rios\/wp-content\/uploads\/sites\/8\/2019\/08\/Serrasalmidae_4A-300x139.png 300w, http:\/\/nossacasa.net\/nossosriachos\/rios\/wp-content\/uploads\/sites\/8\/2019\/08\/Serrasalmidae_4A-768x356.png 768w, http:\/\/nossacasa.net\/nossosriachos\/rios\/wp-content\/uploads\/sites\/8\/2019\/08\/Serrasalmidae_4A-500x232.png 500w\" sizes=\"auto, (max-width: 800px) 100vw, 800px\" \/><\/td>\n<\/tr>\n<tr class=\"row-9\">\n\t<td class=\"column-1\"><strong>4B<\/strong><\/td><td class=\"column-2\">Perfil dorsal anterior c\u00f4ncavo sobre a cabe\u00e7a; <br \/>\npalato com dentes.<\/td><td class=\"column-3\"><strong><em><a href=\"http:\/\/nossacasa.net\/nossosriachos\/rios\/serrasalmus\/\">Serrasalmus<\/a><\/em><\/strong><\/td><td class=\"column-4\"><img loading=\"lazy\" decoding=\"async\" src=\"http:\/\/nossacasa.net\/nossosriachos\/rios\/wp-content\/uploads\/sites\/8\/2019\/08\/Serrasalmidae_4B.png\" alt=\"\" width=\"800\" height=\"483\" class=\"aligncenter size-full wp-image-838\" srcset=\"http:\/\/nossacasa.net\/nossosriachos\/rios\/wp-content\/uploads\/sites\/8\/2019\/08\/Serrasalmidae_4B.png 800w, http:\/\/nossacasa.net\/nossosriachos\/rios\/wp-content\/uploads\/sites\/8\/2019\/08\/Serrasalmidae_4B-300x181.png 300w, http:\/\/nossacasa.net\/nossosriachos\/rios\/wp-content\/uploads\/sites\/8\/2019\/08\/Serrasalmidae_4B-768x464.png 768w, http:\/\/nossacasa.net\/nossosriachos\/rios\/wp-content\/uploads\/sites\/8\/2019\/08\/Serrasalmidae_4B-497x300.png 497w\" sizes=\"auto, (max-width: 800px) 100vw, 800px\" \/><\/td>\n<\/tr>\n<tr class=\"row-10\">\n\t<td colspan=\"4\" class=\"column-1\"><hr><br \/>\n<strong>Organiza\u00e7\u00e3o:<\/strong> L.M. Sarmento-Soares e R.F. Martins-Pinheiro. <br \/>\n<strong>Imagens<\/strong>: C.B.M. Alves, L.M. Sarmento-Soares e Fishbase.<br \/>\n<hr><\/td>\n<\/tr>\n<\/tbody>\n<\/table>\n\n","protected":false},"excerpt":{"rendered":"","protected":false},"author":1,"featured_media":0,"parent":0,"menu_order":0,"comment_status":"closed","ping_status":"closed","template":"template-page-builder-no-header-footer.php","meta":{"footnotes":""},"class_list":["post-2909","page","type-page","status-publish","hentry"],"_links":{"self":[{"href":"http:\/\/nossacasa.net\/nossosriachos\/rios\/wp-json\/wp\/v2\/pages\/2909","targetHints":{"allow":["GET"]}}],"collection":[{"href":"http:\/\/nossacasa.net\/nossosriachos\/rios\/wp-json\/wp\/v2\/pages"}],"about":[{"href":"http:\/\/nossacasa.net\/nossosriachos\/rios\/wp-json\/wp\/v2\/types\/page"}],"author":[{"embeddable":true,"href":"http:\/\/nossacasa.net\/nossosriachos\/rios\/wp-json\/wp\/v2\/users\/1"}],"replies":[{"embeddable":true,"href":"http:\/\/nossacasa.net\/nossosriachos\/rios\/wp-json\/wp\/v2\/comments?post=2909"}],"version-history":[{"count":2,"href":"http:\/\/nossacasa.net\/nossosriachos\/rios\/wp-json\/wp\/v2\/pages\/2909\/revisions"}],"predecessor-version":[{"id":2916,"href":"http:\/\/nossacasa.net\/nossosriachos\/rios\/wp-json\/wp\/v2\/pages\/2909\/revisions\/2916"}],"wp:attachment":[{"href":"http:\/\/nossacasa.net\/nossosriachos\/rios\/wp-json\/wp\/v2\/media?parent=2909"}],"curies":[{"name":"wp","href":"https:\/\/api.w.org\/{rel}","templated":true}]}}