{"id":2923,"date":"2019-09-17T15:14:18","date_gmt":"2019-09-17T18:14:18","guid":{"rendered":"http:\/\/nossacasa.net\/nossosriachos\/rios\/?page_id=2923"},"modified":"2019-09-17T15:14:18","modified_gmt":"2019-09-17T18:14:18","slug":"chave-de-synbranchidae","status":"publish","type":"page","link":"http:\/\/nossacasa.net\/nossosriachos\/rios\/chave-de-synbranchidae\/","title":{"rendered":"Chave de Synbranchidae"},"content":{"rendered":"\n<table id=\"tablepress-46\" class=\"tablepress tablepress-id-46 tbody-has-connected-cells\">\n<thead>\n<tr class=\"row-1\">\n\t<th colspan=\"4\" class=\"column-1\"><h1><a href=\"http:\/\/nossacasa.net\/nossosriachos\/rios\/synbranchidae\/\">SYNBRANCHIDAE<\/a><\/h1><br \/>\nOs <strong>Synbranchidae<\/strong> do Tabuleiro s\u00e3o representados por um \u00fanico g\u00eanero: <strong><em><a href=\"http:\/\/nossacasa.net\/nossosriachos\/rios\/synbranchus\/\">Synbranchus<\/a><\/em><\/strong>.<\/th>\n<\/tr>\n<\/thead>\n<tbody class=\"row-striping row-hover\">\n<tr class=\"row-2\">\n\t<td class=\"column-1\"><strong>1A<\/strong><\/td><td class=\"column-2\">Manchas regulares sobre o corpo, formando m\u00e1culas discretas; abertura branquial como um poro, ladeada por sulcos profundos; <br \/>\n4 a 6 raios branquiostegais.<\/td><td class=\"column-3\"><strong><em><a href=\"http:\/\/nossacasa.net\/nossosriachos\/rios\/synbranchus\/\">Synbranchus<\/a><\/em><\/strong><\/td><td class=\"column-4\"><img loading=\"lazy\" decoding=\"async\" src=\"http:\/\/nossacasa.net\/nossosriachos\/rios\/wp-content\/uploads\/sites\/8\/2019\/09\/Synbranchidae_1A.png\" alt=\"\" width=\"800\" height=\"149\" class=\"aligncenter size-full wp-image-1128\" \/<\/td srcset=\"http:\/\/nossacasa.net\/nossosriachos\/rios\/wp-content\/uploads\/sites\/8\/2019\/09\/Synbranchidae_1A.png 800w, http:\/\/nossacasa.net\/nossosriachos\/rios\/wp-content\/uploads\/sites\/8\/2019\/09\/Synbranchidae_1A-300x56.png 300w, http:\/\/nossacasa.net\/nossosriachos\/rios\/wp-content\/uploads\/sites\/8\/2019\/09\/Synbranchidae_1A-768x143.png 768w, http:\/\/nossacasa.net\/nossosriachos\/rios\/wp-content\/uploads\/sites\/8\/2019\/09\/Synbranchidae_1A-500x93.png 500w\" sizes=\"auto, (max-width: 800px) 100vw, 800px\" \/>\n<\/tr>\n<tr class=\"row-3\">\n\t<td class=\"column-1\"><strong>1B<\/strong><\/td><td class=\"column-2\">Manchas irregulares, como borr\u00f5es, espalhadas sobre o corpo; <br \/>\nabertura branquial como uma fenda, ladeada por sulcos rasos; <br \/>\n6 a 7 raios branquiostegais.<\/td><td class=\"column-3\"><strong>Outros g\u00eaneros<\/strong><\/td><td class=\"column-4\"><img loading=\"lazy\" decoding=\"async\" src=\"http:\/\/nossacasa.net\/nossosriachos\/rios\/wp-content\/uploads\/sites\/8\/2019\/09\/Synbranchidae_1B.png\" alt=\"\" width=\"800\" height=\"386\" class=\"aligncenter size-full wp-image-1129\" srcset=\"http:\/\/nossacasa.net\/nossosriachos\/rios\/wp-content\/uploads\/sites\/8\/2019\/09\/Synbranchidae_1B.png 800w, http:\/\/nossacasa.net\/nossosriachos\/rios\/wp-content\/uploads\/sites\/8\/2019\/09\/Synbranchidae_1B-300x145.png 300w, http:\/\/nossacasa.net\/nossosriachos\/rios\/wp-content\/uploads\/sites\/8\/2019\/09\/Synbranchidae_1B-768x371.png 768w, http:\/\/nossacasa.net\/nossosriachos\/rios\/wp-content\/uploads\/sites\/8\/2019\/09\/Synbranchidae_1B-500x241.png 500w\" sizes=\"auto, (max-width: 800px) 100vw, 800px\" \/><\/td>\n<\/tr>\n<tr class=\"row-4\">\n\t<td colspan=\"4\" class=\"column-1\"><hr><br \/>\n<strong>Organiza\u00e7\u00e3o:<\/strong> L.M. Sarmento-Soares e R.F. Martins-Pinheiro.<br \/>\nAdaptada de: Rosen &amp; Greenwood (1976).<br \/>\n<strong>Imagens:<\/strong> L.M. Sarmento-Soares e A.E. G\u00f3mez Gonz\u00e1lez<br \/>\n<strong>Refer\u00eancias<\/strong>: Luna-Reyes, R. 2018. Cap\u00edtulo V Fauna de la subcuenca r\u00edo Sabinal. Introducci\u00f3n. Pp. 134-137, y Luna-Reyes, R., P. E. P\u00e9rez-L\u00f3pez, O. Jim\u00e9nez-Lang y M. A. Garc\u00eda Jim\u00e9nez. 2018. Cap\u00edtulo V Fauna de la subcuenca r\u00edo Sabinal. Pp. 203-258.En: SEMAHN. El capital<br \/>\n<hr><\/td>\n<\/tr>\n<\/tbody>\n<\/table>\n\n","protected":false},"excerpt":{"rendered":"","protected":false},"author":1,"featured_media":0,"parent":0,"menu_order":0,"comment_status":"closed","ping_status":"closed","template":"template-page-builder-no-header-footer.php","meta":{"footnotes":""},"class_list":["post-2923","page","type-page","status-publish","hentry"],"_links":{"self":[{"href":"http:\/\/nossacasa.net\/nossosriachos\/rios\/wp-json\/wp\/v2\/pages\/2923","targetHints":{"allow":["GET"]}}],"collection":[{"href":"http:\/\/nossacasa.net\/nossosriachos\/rios\/wp-json\/wp\/v2\/pages"}],"about":[{"href":"http:\/\/nossacasa.net\/nossosriachos\/rios\/wp-json\/wp\/v2\/types\/page"}],"author":[{"embeddable":true,"href":"http:\/\/nossacasa.net\/nossosriachos\/rios\/wp-json\/wp\/v2\/users\/1"}],"replies":[{"embeddable":true,"href":"http:\/\/nossacasa.net\/nossosriachos\/rios\/wp-json\/wp\/v2\/comments?post=2923"}],"version-history":[{"count":1,"href":"http:\/\/nossacasa.net\/nossosriachos\/rios\/wp-json\/wp\/v2\/pages\/2923\/revisions"}],"predecessor-version":[{"id":2927,"href":"http:\/\/nossacasa.net\/nossosriachos\/rios\/wp-json\/wp\/v2\/pages\/2923\/revisions\/2927"}],"wp:attachment":[{"href":"http:\/\/nossacasa.net\/nossosriachos\/rios\/wp-json\/wp\/v2\/media?parent=2923"}],"curies":[{"name":"wp","href":"https:\/\/api.w.org\/{rel}","templated":true}]}}