{"id":31,"date":"2018-02-13T13:51:21","date_gmt":"2018-02-13T15:51:21","guid":{"rendered":"http:\/\/nossacasa.net\/nossosriachos\/rios\/?page_id=31"},"modified":"2018-02-14T15:08:44","modified_gmt":"2018-02-14T17:08:44","slug":"bacia-atlantico-nordeste-oriental","status":"publish","type":"page","link":"http:\/\/nossacasa.net\/nossosriachos\/rios\/bacia-atlantico-nordeste-oriental\/","title":{"rendered":"Bacia Atl\u00e2ntico Nordeste Oriental"},"content":{"rendered":"<div style=\"text-align:justify\">\n<img loading=\"lazy\" decoding=\"async\" src=\"http:\/\/nossacasa.net\/nossosriachos\/rios\/wp-content\/uploads\/sites\/8\/2018\/02\/Bacias_hidrograficas-nordeste-oriental.png\" alt=\"\" width=\"226\" height=\"223\" class=\"aligncenter size-full wp-image-73\" srcset=\"http:\/\/nossacasa.net\/nossosriachos\/rios\/wp-content\/uploads\/sites\/8\/2018\/02\/Bacias_hidrograficas-nordeste-oriental.png 226w, http:\/\/nossacasa.net\/nossosriachos\/rios\/wp-content\/uploads\/sites\/8\/2018\/02\/Bacias_hidrograficas-nordeste-oriental-50x50.png 50w\" sizes=\"auto, (max-width: 226px) 100vw, 226px\" \/><\/p>\n<p><strong>Regi\u00e3o Hidrogr\u00e1fica Atl\u00e2ntico Nordeste Oriental<\/strong><\/p>\n<p>A Regi\u00e3o Hidrogr\u00e1fica Atl\u00e2ntico Nordeste Oriental \u00e9 constitu\u00edda pelas bacias hidrogr\u00e1ficas dos rios que des\u00e1guam<br \/>\nno Atl\u00e2ntico &#8211; trecho Nordeste, estando limitada a oeste pela regi\u00e3o hidrogr\u00e1fica do Parna\u00edba e ao sul pela regi\u00e3o hidrogr\u00e1fica do S\u00e3o Francisco.<\/p>\n<hr>\n<p>A Bacia do Atl\u00e2ntico Nordeste Oriental n\u00e3o tem grandes rios e, por isso, apresenta baixa disponibilidade de \u00e1gua em rela\u00e7\u00e3o \u00e0 demanda local, principalmente em per\u00edodos de estiagem. Seus principais rios s\u00e3o o Capibaribe, Para\u00edba, Jaguaribe e Acara\u00fa.<\/p>\n<p>Os 287.348 km2 (3% do territ\u00f3rio brasileiro) dessa bacia atingem cinco Estados do Nordeste e suas capitais (Cear\u00e1, Rio Grande do Norte, Para\u00edba, Pernambuco e Alagoas), dezenas de n\u00facleos urbanos e um grande parque industrial. Al\u00e9m disso, a regi\u00e3o re\u00fane diversas bacias costeiras de pouca extens\u00e3o.<\/p>\n<p>No litoral do Cear\u00e1, Rio Grande do Norte, Para\u00edba e Pernambuco podem ser encontrados estu\u00e1rios (parte de um rio que se encontra em contato com o mar), manguezais e lagoas costeiras. O litoral de Alagoas inclui o delta do rio S\u00e3o Francisco, compartilhado com Sergipe, e o Complexo Estuarino-Lagunar Munda\u00fa \/ Manguaba.\n<\/p><\/div>\n<p>Fonte: <a href=\"http:\/\/www.mma.gov.br\/sitio\/index.php?ido=conteudo.monta&#038;idEstrutura=161&#038;idConteudo=9513\" rel=\"noopener\" target=\"_blank\">Plano Nacional de Recursos H\u00eddricos<\/a><\/p>\n","protected":false},"excerpt":{"rendered":"<p>Regi\u00e3o Hidrogr\u00e1fica Atl\u00e2ntico Nordeste Oriental A Regi\u00e3o Hidrogr\u00e1fica Atl\u00e2ntico Nordeste Oriental \u00e9 constitu\u00edda pelas bacias hidrogr\u00e1ficas dos rios que des\u00e1guam no Atl\u00e2ntico &#8211; trecho Nordeste, estando limitada a oeste pela regi\u00e3o hidrogr\u00e1fica do Parna\u00edba e ao sul pela regi\u00e3o hidrogr\u00e1fica &hellip; <a href=\"http:\/\/nossacasa.net\/nossosriachos\/rios\/bacia-atlantico-nordeste-oriental\/\">Continue lendo <span class=\"meta-nav\">&rarr;<\/span><\/a><\/p>\n","protected":false},"author":1,"featured_media":73,"parent":0,"menu_order":0,"comment_status":"closed","ping_status":"closed","template":"","meta":{"footnotes":""},"class_list":["post-31","page","type-page","status-publish","has-post-thumbnail","hentry"],"_links":{"self":[{"href":"http:\/\/nossacasa.net\/nossosriachos\/rios\/wp-json\/wp\/v2\/pages\/31","targetHints":{"allow":["GET"]}}],"collection":[{"href":"http:\/\/nossacasa.net\/nossosriachos\/rios\/wp-json\/wp\/v2\/pages"}],"about":[{"href":"http:\/\/nossacasa.net\/nossosriachos\/rios\/wp-json\/wp\/v2\/types\/page"}],"author":[{"embeddable":true,"href":"http:\/\/nossacasa.net\/nossosriachos\/rios\/wp-json\/wp\/v2\/users\/1"}],"replies":[{"embeddable":true,"href":"http:\/\/nossacasa.net\/nossosriachos\/rios\/wp-json\/wp\/v2\/comments?post=31"}],"version-history":[{"count":4,"href":"http:\/\/nossacasa.net\/nossosriachos\/rios\/wp-json\/wp\/v2\/pages\/31\/revisions"}],"predecessor-version":[{"id":114,"href":"http:\/\/nossacasa.net\/nossosriachos\/rios\/wp-json\/wp\/v2\/pages\/31\/revisions\/114"}],"wp:featuredmedia":[{"embeddable":true,"href":"http:\/\/nossacasa.net\/nossosriachos\/rios\/wp-json\/wp\/v2\/media\/73"}],"wp:attachment":[{"href":"http:\/\/nossacasa.net\/nossosriachos\/rios\/wp-json\/wp\/v2\/media?parent=31"}],"curies":[{"name":"wp","href":"https:\/\/api.w.org\/{rel}","templated":true}]}}