{"id":3181,"date":"2019-10-05T16:12:01","date_gmt":"2019-10-05T19:12:01","guid":{"rendered":"http:\/\/nossacasa.net\/nossosriachos\/rios\/?page_id=3181"},"modified":"2019-10-05T16:12:01","modified_gmt":"2019-10-05T19:12:01","slug":"ecorregioes","status":"publish","type":"page","link":"http:\/\/nossacasa.net\/nossosriachos\/rios\/ecorregioes\/","title":{"rendered":"Ecorregi\u00f5es"},"content":{"rendered":"<div style=\"text-align:justify\">\nAs ecorregi\u00f5es de \u00e1gua doce do mundo (FEOW) fornecem uma nova regionaliza\u00e7\u00e3o biogeogr\u00e1fica global da biodiversidade de \u00e1gua doce da Terra.<br \/>\nAbrangendo praticamente todos os habitats de \u00e1gua doce da Terra, este primeiro mapa de ecorregi\u00e3o, juntamente com dados de esp\u00e9cies associadas, \u00e9 uma ferramenta \u00fatil para apoiar os esfor\u00e7os de planejamento de conserva\u00e7\u00e3o global e regional, particularmente para identificar sistemas de \u00e1gua doce pendentes e amea\u00e7ados; por servir como uma estrutura l\u00f3gica para estrat\u00e9gias de conserva\u00e7\u00e3o em larga escala; e por fornecer uma base de conhecimento em escala global para aumentar a alfabetiza\u00e7\u00e3o biogeogr\u00e1fica em \u00e1gua doce.<\/p>\n<p>Fonte: http:\/\/www.feow.org\/<\/p>\n<\/div>\n","protected":false},"excerpt":{"rendered":"<p>As ecorregi\u00f5es de \u00e1gua doce do mundo (FEOW) fornecem uma nova regionaliza\u00e7\u00e3o biogeogr\u00e1fica global da biodiversidade de \u00e1gua doce da Terra. Abrangendo praticamente todos os habitats de \u00e1gua doce da Terra, este primeiro mapa de ecorregi\u00e3o, juntamente com dados de &hellip; <a href=\"http:\/\/nossacasa.net\/nossosriachos\/rios\/ecorregioes\/\">Continue lendo <span class=\"meta-nav\">&rarr;<\/span><\/a><\/p>\n","protected":false},"author":1,"featured_media":0,"parent":0,"menu_order":0,"comment_status":"closed","ping_status":"closed","template":"","meta":{"footnotes":""},"class_list":["post-3181","page","type-page","status-publish","hentry"],"_links":{"self":[{"href":"http:\/\/nossacasa.net\/nossosriachos\/rios\/wp-json\/wp\/v2\/pages\/3181","targetHints":{"allow":["GET"]}}],"collection":[{"href":"http:\/\/nossacasa.net\/nossosriachos\/rios\/wp-json\/wp\/v2\/pages"}],"about":[{"href":"http:\/\/nossacasa.net\/nossosriachos\/rios\/wp-json\/wp\/v2\/types\/page"}],"author":[{"embeddable":true,"href":"http:\/\/nossacasa.net\/nossosriachos\/rios\/wp-json\/wp\/v2\/users\/1"}],"replies":[{"embeddable":true,"href":"http:\/\/nossacasa.net\/nossosriachos\/rios\/wp-json\/wp\/v2\/comments?post=3181"}],"version-history":[{"count":1,"href":"http:\/\/nossacasa.net\/nossosriachos\/rios\/wp-json\/wp\/v2\/pages\/3181\/revisions"}],"predecessor-version":[{"id":3182,"href":"http:\/\/nossacasa.net\/nossosriachos\/rios\/wp-json\/wp\/v2\/pages\/3181\/revisions\/3182"}],"wp:attachment":[{"href":"http:\/\/nossacasa.net\/nossosriachos\/rios\/wp-json\/wp\/v2\/media?parent=3181"}],"curies":[{"name":"wp","href":"https:\/\/api.w.org\/{rel}","templated":true}]}}