{"id":3190,"date":"2019-10-05T17:27:02","date_gmt":"2019-10-05T20:27:02","guid":{"rendered":"http:\/\/nossacasa.net\/nossosriachos\/rios\/?page_id=3190"},"modified":"2019-10-07T11:36:22","modified_gmt":"2019-10-07T14:36:22","slug":"bacia-do-itaunas","status":"publish","type":"page","link":"http:\/\/nossacasa.net\/nossosriachos\/rios\/bacia-do-itaunas\/","title":{"rendered":"Bacia do Itaunas"},"content":{"rendered":"<div style=\"text-align:justify\">\n<img loading=\"lazy\" decoding=\"async\" src=\"http:\/\/nossacasa.net\/nossosriachos\/rios\/wp-content\/uploads\/sites\/8\/2019\/10\/Itaunas.png\" alt=\"\" width=\"800\" height=\"422\" class=\"aligncenter size-full wp-image-3194\" srcset=\"http:\/\/nossacasa.net\/nossosriachos\/rios\/wp-content\/uploads\/sites\/8\/2019\/10\/Itaunas.png 800w, http:\/\/nossacasa.net\/nossosriachos\/rios\/wp-content\/uploads\/sites\/8\/2019\/10\/Itaunas-300x158.png 300w, http:\/\/nossacasa.net\/nossosriachos\/rios\/wp-content\/uploads\/sites\/8\/2019\/10\/Itaunas-768x405.png 768w, http:\/\/nossacasa.net\/nossosriachos\/rios\/wp-content\/uploads\/sites\/8\/2019\/10\/Itaunas-500x264.png 500w\" sizes=\"auto, (max-width: 800px) 100vw, 800px\" \/><br \/>\n<strong>Bacia do Itaunas (07.59)<\/strong><br \/>\nBacia costeira formada pelo rio Itaunas.<br \/>\n<strong>Limites<\/strong><br \/>\nNorte: Bacia do Mucuri e Microbacias do Riacho Doce.<br \/>\nOeste: Bacia do Mucuri e S\u00e3o Mateus.<br \/>\nSul: Bacia do S\u00e3o Mateus.<br \/>\nLeste: Oceano Atl\u00e2ntico.<\/p>\n<p>Superf\u00edcie total: 4.809 km\u00b2 Km<sup>2<\/sup>  Per\u00edmetro: 312 Km<\/p>\n<p>O rio <strong>Ita\u00fanas<\/strong> (Figura) localiza-se ao sul da Bahia e a nordeste de Minas Gerais, n oextremo norte capixaba, tendo suas nascentes principais nos munic\u00edpios capixaba de Ponto Belo e Mucurici. <\/p>\n<p>\u00c9 um rio de dom\u00ednio estadual, mas a bacia tem as nascentes no c\u00f3rrego Barreado, em Minas Gerais, no munic\u00edpio de Nanuque, e a de outros c\u00f3rregos na Bahia, no munic\u00edpio de Mucuri. Sua bacia drena uma \u00e1rea de 4.314 km\u00b2 em territ\u00f3rio capixaba. Limitada a norte e oeste, em seu trecho superior, pela bacia do rio Mucuri, em Minas Gerais e Bahia, e ainda a norte, em seu baixo curso fluvial, pelas microbacias de Riacho Doce, na divisa entre Esp\u00edrito Santo e Bahia. Ao sul, os limites da bacia do Ita\u00fanas s\u00e3o definidos pela bacia do S\u00e3o Mateus, tamb\u00e9m no Esp\u00edrito Santo. <\/p>\n<p>As \u00e1guas da bacia do rio Ita\u00fanas banham os munic\u00edpios capixabas de Mucurici, Montanha, Pinheiros, Pedro Can\u00e1rio e parte dos munic\u00edpios capixabas de Ponto Belo, Boa Esperan\u00e7a, S\u00e3o Mateus, Concei\u00e7\u00e3o da Barra e ainda parte do munic\u00edpio de Mucuri, na Bahia. <\/p>\n<p>As unidades de conserva\u00e7\u00e3o situadas na bacia do Ita\u00fanas incluem a Floresta Nacional do Rio Preto, a Reserva Biol\u00f3gica de C\u00f3rrego Grande, a Reserva Biol\u00f3gica do C\u00f3rrego do Veado e o Parque Estadual de Ita\u00fanas.<\/p>\n<p><strong>Alto Ita\u00fanas<\/strong>.<br \/>\n\u00c9 a regi\u00e3o das cabeceiras do rio Ita\u00fanas \u00e9 definida pelo conjunto de c\u00f3rregos e rios que drenam para o trecho superior do rio Ita\u00fanas entre a nascente e a foz do Rio do Sul. Suas \u00e1guas banham os munic\u00edpios de Ponto Belo, Mucurici, Montanha e parte dos munic\u00edpios de Pedro Can\u00e1rio e Pinheiros. A nascente mais alta da bacia do Ita\u00fanas corresponde ao c\u00f3rrego Ita\u00fanas Grande, localizado a 370 m de altitude, pr\u00f3ximo \u00e0 divisa estadual com Minas Gerais.<\/p>\n<p><img loading=\"lazy\" decoding=\"async\" src=\"http:\/\/nossacasa.net\/nossosriachos\/rios\/wp-content\/uploads\/sites\/8\/2019\/10\/Tabela-1.png\" alt=\"\" width=\"800\" height=\"235\" class=\"aligncenter size-full wp-image-3196\" srcset=\"http:\/\/nossacasa.net\/nossosriachos\/rios\/wp-content\/uploads\/sites\/8\/2019\/10\/Tabela-1.png 800w, http:\/\/nossacasa.net\/nossosriachos\/rios\/wp-content\/uploads\/sites\/8\/2019\/10\/Tabela-1-300x88.png 300w, http:\/\/nossacasa.net\/nossosriachos\/rios\/wp-content\/uploads\/sites\/8\/2019\/10\/Tabela-1-768x226.png 768w, http:\/\/nossacasa.net\/nossosriachos\/rios\/wp-content\/uploads\/sites\/8\/2019\/10\/Tabela-1-500x147.png 500w\" sizes=\"auto, (max-width: 800px) 100vw, 800px\" \/><\/p>\n<p><strong>Baixo Ita\u00fanas<\/strong>.<br \/>\nO Baixo Rio Ita\u00fanas abriga o conjunto de c\u00f3rregos e rios que drenam para o trecho inferior do rio Ita\u00fanas ap\u00f3s encontro com o Rio do Sul at\u00e9 sua foz, na vila de Ita\u00fanas, no Oceano Atl\u00e2ntico. Suas \u00e1guas banham parcialmente os munic\u00edpios de Pedro Can\u00e1rio, Pinheiros, Boa Esperan\u00e7a, S\u00e3o Mateus e Concei\u00e7\u00e3o da Barra.<\/p>\n<p><img loading=\"lazy\" decoding=\"async\" src=\"http:\/\/nossacasa.net\/nossosriachos\/rios\/wp-content\/uploads\/sites\/8\/2019\/10\/Tabela-2.png\" alt=\"\" width=\"800\" height=\"226\" class=\"aligncenter size-full wp-image-3199\" srcset=\"http:\/\/nossacasa.net\/nossosriachos\/rios\/wp-content\/uploads\/sites\/8\/2019\/10\/Tabela-2.png 800w, http:\/\/nossacasa.net\/nossosriachos\/rios\/wp-content\/uploads\/sites\/8\/2019\/10\/Tabela-2-300x85.png 300w, http:\/\/nossacasa.net\/nossosriachos\/rios\/wp-content\/uploads\/sites\/8\/2019\/10\/Tabela-2-768x217.png 768w, http:\/\/nossacasa.net\/nossosriachos\/rios\/wp-content\/uploads\/sites\/8\/2019\/10\/Tabela-2-500x141.png 500w\" sizes=\"auto, (max-width: 800px) 100vw, 800px\" \/><\/p>\n<\/div>\n","protected":false},"excerpt":{"rendered":"<p>Bacia do Itaunas (07.59) Bacia costeira formada pelo rio Itaunas. Limites Norte: Bacia do Mucuri e Microbacias do Riacho Doce. Oeste: Bacia do Mucuri e S\u00e3o Mateus. Sul: Bacia do S\u00e3o Mateus. Leste: Oceano Atl\u00e2ntico. Superf\u00edcie total: 4.809 km\u00b2 Km2 &hellip; <a href=\"http:\/\/nossacasa.net\/nossosriachos\/rios\/bacia-do-itaunas\/\">Continue lendo <span class=\"meta-nav\">&rarr;<\/span><\/a><\/p>\n","protected":false},"author":1,"featured_media":3194,"parent":0,"menu_order":0,"comment_status":"closed","ping_status":"closed","template":"","meta":{"footnotes":""},"class_list":["post-3190","page","type-page","status-publish","has-post-thumbnail","hentry"],"_links":{"self":[{"href":"http:\/\/nossacasa.net\/nossosriachos\/rios\/wp-json\/wp\/v2\/pages\/3190","targetHints":{"allow":["GET"]}}],"collection":[{"href":"http:\/\/nossacasa.net\/nossosriachos\/rios\/wp-json\/wp\/v2\/pages"}],"about":[{"href":"http:\/\/nossacasa.net\/nossosriachos\/rios\/wp-json\/wp\/v2\/types\/page"}],"author":[{"embeddable":true,"href":"http:\/\/nossacasa.net\/nossosriachos\/rios\/wp-json\/wp\/v2\/users\/1"}],"replies":[{"embeddable":true,"href":"http:\/\/nossacasa.net\/nossosriachos\/rios\/wp-json\/wp\/v2\/comments?post=3190"}],"version-history":[{"count":5,"href":"http:\/\/nossacasa.net\/nossosriachos\/rios\/wp-json\/wp\/v2\/pages\/3190\/revisions"}],"predecessor-version":[{"id":3200,"href":"http:\/\/nossacasa.net\/nossosriachos\/rios\/wp-json\/wp\/v2\/pages\/3190\/revisions\/3200"}],"wp:featuredmedia":[{"embeddable":true,"href":"http:\/\/nossacasa.net\/nossosriachos\/rios\/wp-json\/wp\/v2\/media\/3194"}],"wp:attachment":[{"href":"http:\/\/nossacasa.net\/nossosriachos\/rios\/wp-json\/wp\/v2\/media?parent=3190"}],"curies":[{"name":"wp","href":"https:\/\/api.w.org\/{rel}","templated":true}]}}