{"id":3201,"date":"2019-10-06T14:58:25","date_gmt":"2019-10-06T17:58:25","guid":{"rendered":"http:\/\/nossacasa.net\/nossosriachos\/rios\/?page_id=3201"},"modified":"2019-10-07T11:37:23","modified_gmt":"2019-10-07T14:37:23","slug":"bacia-do-sao-mateus","status":"publish","type":"page","link":"http:\/\/nossacasa.net\/nossosriachos\/rios\/bacia-do-sao-mateus\/","title":{"rendered":"Bacia do S\u00e3o Mateus"},"content":{"rendered":"<div style=\"text-align:justify\">\n<div id=\"attachment_3202\" style=\"width: 810px\" class=\"wp-caption aligncenter\"><img loading=\"lazy\" decoding=\"async\" aria-describedby=\"caption-attachment-3202\" src=\"http:\/\/nossacasa.net\/nossosriachos\/rios\/wp-content\/uploads\/sites\/8\/2019\/10\/SaoMateus.png\" alt=\"\" width=\"800\" height=\"371\" class=\"size-full wp-image-3202\" srcset=\"http:\/\/nossacasa.net\/nossosriachos\/rios\/wp-content\/uploads\/sites\/8\/2019\/10\/SaoMateus.png 800w, http:\/\/nossacasa.net\/nossosriachos\/rios\/wp-content\/uploads\/sites\/8\/2019\/10\/SaoMateus-300x139.png 300w, http:\/\/nossacasa.net\/nossosriachos\/rios\/wp-content\/uploads\/sites\/8\/2019\/10\/SaoMateus-768x356.png 768w, http:\/\/nossacasa.net\/nossosriachos\/rios\/wp-content\/uploads\/sites\/8\/2019\/10\/SaoMateus-500x232.png 500w\" sizes=\"auto, (max-width: 800px) 100vw, 800px\" \/><p id=\"caption-attachment-3202\" class=\"wp-caption-text\">Figura 1 &#8211; Bacia do S\u00e3o Mateus<\/p><\/div><br \/>\n<strong>Bacia do S\u00e3o Mateus (07.60)<\/strong><br \/>\nBacia costeira formada pelo rio S\u00e3o Mateus.<br \/>\n<strong>Limites<\/strong><br \/>\nNorte: Bacia do Itaunas.<br \/>\nOeste: Bacia do Mucuri e Doce.<br \/>\nSul: Bacia do Barra Seca.<br \/>\nLeste: Oceano Atl\u00e2ntico.<\/p>\n<p>Superf\u00edcie total: 13.612 km\u00b2 Km<sup>2<\/sup>  Per\u00edmetro: 778 Km<\/p>\n<p>O rio <strong>S\u00e3o Mateus<\/strong> tem sua nascente no estado de Minas Gerais, desaguando no Esp\u00edrito Santo. Sua bacia, localizada no ponto mais ao sul da Regi\u00e3o Hidrogr\u00e1fica do Atl\u00e2ntico Leste (Figura 1). O rio <strong>S\u00e3o Mateus<\/strong> \u00e9 formado pela uni\u00e3o do rio Cotax\u00e9 ou Bra\u00e7o Norte e o rio Cricar\u00e9 ou Bra\u00e7o Sul. <\/p>\n<div id=\"attachment_3204\" style=\"width: 810px\" class=\"wp-caption aligncenter\"><img loading=\"lazy\" decoding=\"async\" aria-describedby=\"caption-attachment-3204\" src=\"http:\/\/nossacasa.net\/nossosriachos\/rios\/wp-content\/uploads\/sites\/8\/2019\/10\/Cotaxe-Cricare.png\" alt=\"\" width=\"800\" height=\"485\" class=\"size-full wp-image-3204\" srcset=\"http:\/\/nossacasa.net\/nossosriachos\/rios\/wp-content\/uploads\/sites\/8\/2019\/10\/Cotaxe-Cricare.png 800w, http:\/\/nossacasa.net\/nossosriachos\/rios\/wp-content\/uploads\/sites\/8\/2019\/10\/Cotaxe-Cricare-300x182.png 300w, http:\/\/nossacasa.net\/nossosriachos\/rios\/wp-content\/uploads\/sites\/8\/2019\/10\/Cotaxe-Cricare-768x466.png 768w, http:\/\/nossacasa.net\/nossosriachos\/rios\/wp-content\/uploads\/sites\/8\/2019\/10\/Cotaxe-Cricare-495x300.png 495w\" sizes=\"auto, (max-width: 800px) 100vw, 800px\" \/><p id=\"caption-attachment-3204\" class=\"wp-caption-text\">Figura 2 &#8211; Mapa da Bacia do S\u00e3o Mateus mostrando as sub-bacias do Cotax\u00e9, Cricar\u00e9 e S\u00e3o Mateus<\/p><\/div>\n<p><strong>Sub-bacia do Cotax\u00e9<\/strong>.<br \/>\nEsta sub-bacia \u00e9 definida pelo conjunto de c\u00f3rregos e rios que drenam para o rio Cotax\u00e9, ou bra\u00e7o norte do S\u00e3o Mateus.<br \/>\nCom uma \u00e1rea de drenagem de 3.675 km<sup>2<\/sup> no Esp\u00edrito Santo, banhando parcialmente os munic\u00edpios de Ecoporanga, Ponto Belo, Boa Esperan\u00e7a e S\u00e3o Mateus. O rio Cotax\u00e9 com aproximadamente 336 km de extens\u00e3o, nasce em Ouro Verde, em Minas Gerais, a uma altitude de 832 m.<\/p>\n<div id=\"attachment_3206\" style=\"width: 810px\" class=\"wp-caption aligncenter\"><img loading=\"lazy\" decoding=\"async\" aria-describedby=\"caption-attachment-3206\" src=\"http:\/\/nossacasa.net\/nossosriachos\/rios\/wp-content\/uploads\/sites\/8\/2019\/10\/Tabela-1_7_60.png\" alt=\"\" width=\"800\" height=\"370\" class=\"size-full wp-image-3206\" srcset=\"http:\/\/nossacasa.net\/nossosriachos\/rios\/wp-content\/uploads\/sites\/8\/2019\/10\/Tabela-1_7_60.png 800w, http:\/\/nossacasa.net\/nossosriachos\/rios\/wp-content\/uploads\/sites\/8\/2019\/10\/Tabela-1_7_60-300x139.png 300w, http:\/\/nossacasa.net\/nossosriachos\/rios\/wp-content\/uploads\/sites\/8\/2019\/10\/Tabela-1_7_60-768x355.png 768w, http:\/\/nossacasa.net\/nossosriachos\/rios\/wp-content\/uploads\/sites\/8\/2019\/10\/Tabela-1_7_60-500x231.png 500w\" sizes=\"auto, (max-width: 800px) 100vw, 800px\" \/><p id=\"caption-attachment-3206\" class=\"wp-caption-text\">Tabela 1 \u2013 Comprimento dos rios, altitudes das nascentes e \u00e1reas das sub-bacias do Cotax\u00e9<\/p><\/div>\n<p><strong>Sub-bacia do Cricar\u00e9<\/strong>.<br \/>\n\u00c9 definida pelo conjunto de c\u00f3rregos e rios que drenam para o rio Cricar\u00e9, ou bra\u00e7o sul do S\u00e3o Mateus. Com uma \u00e1rea de drenagem de 2.725 km<sup>2<\/sup> no Esp\u00edrito Santo, banhando os munic\u00edpios de Manten\u00f3polis, Barra de S\u00e3o Francisco, \u00c1gua Doce do Norte e parte dos munic\u00edpios de Vila Pav\u00e3o e Nova Ven\u00e9cia. O rio Cricar\u00e9 nasce com o nome de ribeir\u00e3o Mantena no Alto do Mantena, a uma altitude de aproximadamente 712 m, no munic\u00edpio de S\u00e3o Felix de Minas, em territ\u00f3rio mineiro.<\/p>\n<div id=\"attachment_3209\" style=\"width: 810px\" class=\"wp-caption aligncenter\"><img loading=\"lazy\" decoding=\"async\" aria-describedby=\"caption-attachment-3209\" src=\"http:\/\/nossacasa.net\/nossosriachos\/rios\/wp-content\/uploads\/sites\/8\/2019\/10\/Tabela-2_7_60.png\" alt=\"\" width=\"800\" height=\"449\" class=\"size-full wp-image-3209\" srcset=\"http:\/\/nossacasa.net\/nossosriachos\/rios\/wp-content\/uploads\/sites\/8\/2019\/10\/Tabela-2_7_60.png 800w, http:\/\/nossacasa.net\/nossosriachos\/rios\/wp-content\/uploads\/sites\/8\/2019\/10\/Tabela-2_7_60-300x168.png 300w, http:\/\/nossacasa.net\/nossosriachos\/rios\/wp-content\/uploads\/sites\/8\/2019\/10\/Tabela-2_7_60-768x431.png 768w, http:\/\/nossacasa.net\/nossosriachos\/rios\/wp-content\/uploads\/sites\/8\/2019\/10\/Tabela-2_7_60-500x281.png 500w\" sizes=\"auto, (max-width: 800px) 100vw, 800px\" \/><p id=\"caption-attachment-3209\" class=\"wp-caption-text\">Tabela 2 \u2013 Comprimento dos rios, altitudes das nascente e \u00e1reas das sub-bacias do Cricar\u00e9<\/p><\/div>\n<p><strong>Sub-bacia do S\u00e3o Mateus<\/strong>.<br \/>\n\u00c9 definida pelo conjunto de c\u00f3rregos e rios que drenam para o rio S\u00e3o Mateus ap\u00f3s a uni\u00e3o dos rios Cotax\u00e9 e Cricar\u00e9.<br \/>\nO manguezal do rio S\u00e3o Mateus exibe fisionomia alterada por tensores naturais e antr\u00f3picos, tendo como agentes principais: eros\u00e3o, assoreamento, desmatamento, invas\u00e3o por palafitas, abertura de estradas, urbaniza\u00e7\u00e3o, lan\u00e7amento de efluentes dom\u00e9sticos e pesca predat\u00f3ria (Silva et al. 2005). O Baixo Rio S\u00e3o Mateus banha parcialmente os munic\u00edpios de S\u00e3o Mateus, Jaguar\u00e9 e Concei\u00e7\u00e3o da Barra. Em Concei\u00e7\u00e3o da Barra a popula\u00e7\u00e3o refere-se ao rio S\u00e3o Mateus como rio Cricar\u00e9.<\/p>\n<div id=\"attachment_3212\" style=\"width: 810px\" class=\"wp-caption aligncenter\"><img loading=\"lazy\" decoding=\"async\" aria-describedby=\"caption-attachment-3212\" src=\"http:\/\/nossacasa.net\/nossosriachos\/rios\/wp-content\/uploads\/sites\/8\/2019\/10\/Tabela-3_7_60.png\" alt=\"\" width=\"800\" height=\"202\" class=\"size-full wp-image-3212\" srcset=\"http:\/\/nossacasa.net\/nossosriachos\/rios\/wp-content\/uploads\/sites\/8\/2019\/10\/Tabela-3_7_60.png 800w, http:\/\/nossacasa.net\/nossosriachos\/rios\/wp-content\/uploads\/sites\/8\/2019\/10\/Tabela-3_7_60-300x76.png 300w, http:\/\/nossacasa.net\/nossosriachos\/rios\/wp-content\/uploads\/sites\/8\/2019\/10\/Tabela-3_7_60-768x194.png 768w, http:\/\/nossacasa.net\/nossosriachos\/rios\/wp-content\/uploads\/sites\/8\/2019\/10\/Tabela-3_7_60-500x126.png 500w\" sizes=\"auto, (max-width: 800px) 100vw, 800px\" \/><p id=\"caption-attachment-3212\" class=\"wp-caption-text\">Tabela 3 \u2013 Comprimento dos rios, altitudes das nascentes e \u00e1reas das sub-bacias no baixo S\u00e3o<br \/>Mateus<\/p><\/div>\n<\/div>\n","protected":false},"excerpt":{"rendered":"<p>Bacia do S\u00e3o Mateus (07.60) Bacia costeira formada pelo rio S\u00e3o Mateus. Limites Norte: Bacia do Itaunas. Oeste: Bacia do Mucuri e Doce. Sul: Bacia do Barra Seca. Leste: Oceano Atl\u00e2ntico. Superf\u00edcie total: 13.612 km\u00b2 Km2 Per\u00edmetro: 778 Km O &hellip; <a href=\"http:\/\/nossacasa.net\/nossosriachos\/rios\/bacia-do-sao-mateus\/\">Continue lendo <span class=\"meta-nav\">&rarr;<\/span><\/a><\/p>\n","protected":false},"author":1,"featured_media":3202,"parent":0,"menu_order":0,"comment_status":"closed","ping_status":"closed","template":"","meta":{"footnotes":""},"class_list":["post-3201","page","type-page","status-publish","has-post-thumbnail","hentry"],"_links":{"self":[{"href":"http:\/\/nossacasa.net\/nossosriachos\/rios\/wp-json\/wp\/v2\/pages\/3201","targetHints":{"allow":["GET"]}}],"collection":[{"href":"http:\/\/nossacasa.net\/nossosriachos\/rios\/wp-json\/wp\/v2\/pages"}],"about":[{"href":"http:\/\/nossacasa.net\/nossosriachos\/rios\/wp-json\/wp\/v2\/types\/page"}],"author":[{"embeddable":true,"href":"http:\/\/nossacasa.net\/nossosriachos\/rios\/wp-json\/wp\/v2\/users\/1"}],"replies":[{"embeddable":true,"href":"http:\/\/nossacasa.net\/nossosriachos\/rios\/wp-json\/wp\/v2\/comments?post=3201"}],"version-history":[{"count":7,"href":"http:\/\/nossacasa.net\/nossosriachos\/rios\/wp-json\/wp\/v2\/pages\/3201\/revisions"}],"predecessor-version":[{"id":3213,"href":"http:\/\/nossacasa.net\/nossosriachos\/rios\/wp-json\/wp\/v2\/pages\/3201\/revisions\/3213"}],"wp:featuredmedia":[{"embeddable":true,"href":"http:\/\/nossacasa.net\/nossosriachos\/rios\/wp-json\/wp\/v2\/media\/3202"}],"wp:attachment":[{"href":"http:\/\/nossacasa.net\/nossosriachos\/rios\/wp-json\/wp\/v2\/media?parent=3201"}],"curies":[{"name":"wp","href":"https:\/\/api.w.org\/{rel}","templated":true}]}}