{"id":3249,"date":"2019-10-08T08:25:27","date_gmt":"2019-10-08T11:25:27","guid":{"rendered":"http:\/\/nossacasa.net\/nossosriachos\/rios\/?page_id=3249"},"modified":"2019-10-09T11:43:17","modified_gmt":"2019-10-09T14:43:17","slug":"bacia-do-benevente","status":"publish","type":"page","link":"http:\/\/nossacasa.net\/nossosriachos\/rios\/bacia-do-benevente\/","title":{"rendered":"Bacia do Benevente"},"content":{"rendered":"<div id=\"attachment_3236\" style=\"width: 810px\" class=\"wp-caption aligncenter\"><img loading=\"lazy\" decoding=\"async\" aria-describedby=\"caption-attachment-3236\" src=\"http:\/\/nossacasa.net\/nossosriachos\/rios\/wp-content\/uploads\/sites\/8\/2019\/10\/Benevente.png\" alt=\"\" width=\"800\" height=\"400\" class=\"size-full wp-image-3236\" srcset=\"http:\/\/nossacasa.net\/nossosriachos\/rios\/wp-content\/uploads\/sites\/8\/2019\/10\/Benevente.png 800w, http:\/\/nossacasa.net\/nossosriachos\/rios\/wp-content\/uploads\/sites\/8\/2019\/10\/Benevente-300x150.png 300w, http:\/\/nossacasa.net\/nossosriachos\/rios\/wp-content\/uploads\/sites\/8\/2019\/10\/Benevente-768x384.png 768w, http:\/\/nossacasa.net\/nossosriachos\/rios\/wp-content\/uploads\/sites\/8\/2019\/10\/Benevente-500x250.png 500w\" sizes=\"auto, (max-width: 800px) 100vw, 800px\" \/><p id=\"caption-attachment-3236\" class=\"wp-caption-text\">Figura 1 &#8211; Mapa da Bacia do Benevente\/Microbacias Guarapari-Anchieta<\/p><\/div>\n<div style=\"text-align:justify\">\n<p><strong>Bacia do Benevente (08.13)<\/strong><br \/>\nBacia formada pelo rio Benevente na regi\u00e3o costeira sul do Esp\u00edrito Santo.<\/p>\n<p><strong>Limites<\/strong><br \/>\nNorte: Bacia do Jucu.<br \/>\nOeste: Bacias do Itapemirim.<br \/>\nSul: Bacia do Rio Novo e Microbacias de Anchieta.<br \/>\nLeste: Microbacias de Guarapari e Oceano Atl\u00e2ntico.<\/p>\n<p><strong>Rio Benevente (08.13)<\/strong><br \/>\nSuperf\u00edcie total: 1.092 Km<sup>2<\/sup>  Per\u00edmetro: 219 Km<br \/>\n<strong>Microbacias Guarapari-Anchieta (08.13a)<\/strong><br \/>\nSuperf\u00edcie total: 85 Km<sup>2<\/sup>  Per\u00edmetro: 62 Km<\/p>\n<p>O rio Benevente nasce na Serra do Tamanco entre os munic\u00edpios de Alfredo Chaves e Vargem Alta. As cabeceiras de drenagem que formam as nascentes principais deste rio encontram-se na regi\u00e3o da Pedra do Alto do Redentor, ap\u00f3s o distrito de Ur\u00e2nia, originando o C\u00f3rrego do Redentor, que nas proximidades deste distrito, passa a receber o nome de rio Benevente. Tem uma \u00e1rea de drenagem de aproximadamente 1.096 Km<sup>2<\/sup> e sua disponibilidade h\u00eddrica \u00e9 estimada em 30 m<sup>3<\/sup>\/s.<\/p>\n<div id=\"attachment_3237\" style=\"width: 810px\" class=\"wp-caption aligncenter\"><img loading=\"lazy\" decoding=\"async\" aria-describedby=\"caption-attachment-3237\" src=\"http:\/\/nossacasa.net\/nossosriachos\/rios\/wp-content\/uploads\/sites\/8\/2019\/10\/Benevente_2.png\" alt=\"\" width=\"800\" height=\"671\" class=\"size-full wp-image-3237\" srcset=\"http:\/\/nossacasa.net\/nossosriachos\/rios\/wp-content\/uploads\/sites\/8\/2019\/10\/Benevente_2.png 800w, http:\/\/nossacasa.net\/nossosriachos\/rios\/wp-content\/uploads\/sites\/8\/2019\/10\/Benevente_2-300x252.png 300w, http:\/\/nossacasa.net\/nossosriachos\/rios\/wp-content\/uploads\/sites\/8\/2019\/10\/Benevente_2-768x644.png 768w, http:\/\/nossacasa.net\/nossosriachos\/rios\/wp-content\/uploads\/sites\/8\/2019\/10\/Benevente_2-358x300.png 358w\" sizes=\"auto, (max-width: 800px) 100vw, 800px\" \/><p id=\"caption-attachment-3237\" class=\"wp-caption-text\">Figura 2 &#8211; Mapa do Benevente e microbacias pr\u00f3ximas.<\/p><\/div>\n<p>O rio Benevente percorre 84,5 km at\u00e9 desaguar em Anchieta e sua bacia banha os munic\u00edpios de Anchieta, Alfredo Chaves e parte dos munic\u00edpios de Iconha, Guarapari e Pi\u00fama.<\/p>\n<p><strong>Microbacias de Guarapari-Anchieta<\/strong>.<br \/>\nEntre Guarapari e Anchieta abrigam-se algumas microbacias como as do Rio Mea\u00edpe, a da Lagoa M\u00e3e B\u00e1 e outras menores.<br \/>\n<div id=\"attachment_3241\" style=\"width: 810px\" class=\"wp-caption aligncenter\"><img loading=\"lazy\" decoding=\"async\" aria-describedby=\"caption-attachment-3241\" src=\"http:\/\/nossacasa.net\/nossosriachos\/rios\/wp-content\/uploads\/sites\/8\/2019\/10\/Tabela-1_8_13.png\" alt=\"\" width=\"800\" height=\"185\" class=\"size-full wp-image-3241\" srcset=\"http:\/\/nossacasa.net\/nossosriachos\/rios\/wp-content\/uploads\/sites\/8\/2019\/10\/Tabela-1_8_13.png 800w, http:\/\/nossacasa.net\/nossosriachos\/rios\/wp-content\/uploads\/sites\/8\/2019\/10\/Tabela-1_8_13-300x69.png 300w, http:\/\/nossacasa.net\/nossosriachos\/rios\/wp-content\/uploads\/sites\/8\/2019\/10\/Tabela-1_8_13-768x178.png 768w, http:\/\/nossacasa.net\/nossosriachos\/rios\/wp-content\/uploads\/sites\/8\/2019\/10\/Tabela-1_8_13-500x116.png 500w\" sizes=\"auto, (max-width: 800px) 100vw, 800px\" \/><p id=\"caption-attachment-3241\" class=\"wp-caption-text\">Tabela 1 \u2013 Comprimento dos rios, altitudes das nascentes e \u00e1reas das Microbacias de Guarapari-Anchieta<\/p><\/div><\/p>\n<p><strong>Alto Benevente<\/strong>.<br \/>\nEsta regi\u00e3o hidrogr\u00e1fica foi definida com a regi\u00e3o das nascentes formadoras do rio Benevente at\u00e9 o Baixo Rio Benevente. O rio Benevente surge da conflu\u00eancia do C\u00f3rrego da Fortuna com o C\u00f3rrego do Redentor, que nascem na Serra da Maravilha e na Serra do Redentor, a uma altitude de 1.120 e 1.360 m, respectivamente. Na parte mais alta da bacia, temos ainda o c\u00f3rrego S\u00e3o Bento, que des\u00e1gua no C\u00f3rrego da Fortuna, pr\u00f3ximo \u00e0 sua foz, e nasce em uma cota de 1.320 m, o C\u00f3rrego da Pedra, que nasce a 1.110 m, e o c\u00f3rrego Alto Benevente, que nasce em uma cota de 1.090 m. Seus principais contribuintes abaixo desta regi\u00e3o de terras altas s\u00e3o: o ribeir\u00e3o S\u00e3o Joaquim e os rios Iriritimirim, Batatal e Crubix\u00e1. A regi\u00e3o das cabeceiras \u00e9 marcada por trechos torrenciais e encachoeiramentos, a exemplo da Cachoeira da Matilde, um dos destinos tur\u00edsticos mais procurados em Alfredo Chaves.<\/p>\n<div id=\"attachment_3242\" style=\"width: 810px\" class=\"wp-caption aligncenter\"><img loading=\"lazy\" decoding=\"async\" aria-describedby=\"caption-attachment-3242\" src=\"http:\/\/nossacasa.net\/nossosriachos\/rios\/wp-content\/uploads\/sites\/8\/2019\/10\/Tabela-2_8_13.png\" alt=\"\" width=\"800\" height=\"315\" class=\"size-full wp-image-3242\" srcset=\"http:\/\/nossacasa.net\/nossosriachos\/rios\/wp-content\/uploads\/sites\/8\/2019\/10\/Tabela-2_8_13.png 800w, http:\/\/nossacasa.net\/nossosriachos\/rios\/wp-content\/uploads\/sites\/8\/2019\/10\/Tabela-2_8_13-300x118.png 300w, http:\/\/nossacasa.net\/nossosriachos\/rios\/wp-content\/uploads\/sites\/8\/2019\/10\/Tabela-2_8_13-768x302.png 768w, http:\/\/nossacasa.net\/nossosriachos\/rios\/wp-content\/uploads\/sites\/8\/2019\/10\/Tabela-2_8_13-500x197.png 500w\" sizes=\"auto, (max-width: 800px) 100vw, 800px\" \/><p id=\"caption-attachment-3242\" class=\"wp-caption-text\">Tabela 2 \u2013 Comprimentos dos rios, altitude das nascentes e \u00e1reas das sub-bacisa do Alto<br \/>Benevente<\/p><\/div>\n<p><strong>Baixo Benevente<\/strong>.<br \/>\nA regi\u00e3o hidrogr\u00e1fica do Baixo Rio Benevente \u00e9 delimitada pelo rio Benevente, antes da sede do munic\u00edpio de Afonso Cl\u00e1udio, e pelos afluentes que desembocam abaixo deste ponto. Sua foz abriga um dos maiores manguezais do Esp\u00edrito Santo, que penetra at\u00e9 6,5 km da costa.<br \/>\n<div id=\"attachment_3243\" style=\"width: 810px\" class=\"wp-caption aligncenter\"><img loading=\"lazy\" decoding=\"async\" aria-describedby=\"caption-attachment-3243\" src=\"http:\/\/nossacasa.net\/nossosriachos\/rios\/wp-content\/uploads\/sites\/8\/2019\/10\/Tabela-3_8_13.png\" alt=\"\" width=\"800\" height=\"317\" class=\"size-full wp-image-3243\" srcset=\"http:\/\/nossacasa.net\/nossosriachos\/rios\/wp-content\/uploads\/sites\/8\/2019\/10\/Tabela-3_8_13.png 800w, http:\/\/nossacasa.net\/nossosriachos\/rios\/wp-content\/uploads\/sites\/8\/2019\/10\/Tabela-3_8_13-300x119.png 300w, http:\/\/nossacasa.net\/nossosriachos\/rios\/wp-content\/uploads\/sites\/8\/2019\/10\/Tabela-3_8_13-768x304.png 768w, http:\/\/nossacasa.net\/nossosriachos\/rios\/wp-content\/uploads\/sites\/8\/2019\/10\/Tabela-3_8_13-500x198.png 500w\" sizes=\"auto, (max-width: 800px) 100vw, 800px\" \/><p id=\"caption-attachment-3243\" class=\"wp-caption-text\">Tabela 3 \u2013 Comprimentos dos rios, altitude das nascentes e \u00e1reas das sub-bacias do Baixo<br \/>Benevente<\/p><\/div> <\/p>\n<hr \/>\n<\/div>\n","protected":false},"excerpt":{"rendered":"<p>Bacia do Benevente (08.13) Bacia formada pelo rio Benevente na regi\u00e3o costeira sul do Esp\u00edrito Santo. Limites Norte: Bacia do Jucu. Oeste: Bacias do Itapemirim. Sul: Bacia do Rio Novo e Microbacias de Anchieta. Leste: Microbacias de Guarapari e Oceano &hellip; <a href=\"http:\/\/nossacasa.net\/nossosriachos\/rios\/bacia-do-benevente\/\">Continue lendo <span class=\"meta-nav\">&rarr;<\/span><\/a><\/p>\n","protected":false},"author":1,"featured_media":3236,"parent":0,"menu_order":0,"comment_status":"closed","ping_status":"closed","template":"","meta":{"footnotes":""},"class_list":["post-3249","page","type-page","status-publish","has-post-thumbnail","hentry"],"_links":{"self":[{"href":"http:\/\/nossacasa.net\/nossosriachos\/rios\/wp-json\/wp\/v2\/pages\/3249","targetHints":{"allow":["GET"]}}],"collection":[{"href":"http:\/\/nossacasa.net\/nossosriachos\/rios\/wp-json\/wp\/v2\/pages"}],"about":[{"href":"http:\/\/nossacasa.net\/nossosriachos\/rios\/wp-json\/wp\/v2\/types\/page"}],"author":[{"embeddable":true,"href":"http:\/\/nossacasa.net\/nossosriachos\/rios\/wp-json\/wp\/v2\/users\/1"}],"replies":[{"embeddable":true,"href":"http:\/\/nossacasa.net\/nossosriachos\/rios\/wp-json\/wp\/v2\/comments?post=3249"}],"version-history":[{"count":6,"href":"http:\/\/nossacasa.net\/nossosriachos\/rios\/wp-json\/wp\/v2\/pages\/3249\/revisions"}],"predecessor-version":[{"id":3290,"href":"http:\/\/nossacasa.net\/nossosriachos\/rios\/wp-json\/wp\/v2\/pages\/3249\/revisions\/3290"}],"wp:featuredmedia":[{"embeddable":true,"href":"http:\/\/nossacasa.net\/nossosriachos\/rios\/wp-json\/wp\/v2\/media\/3236"}],"wp:attachment":[{"href":"http:\/\/nossacasa.net\/nossosriachos\/rios\/wp-json\/wp\/v2\/media?parent=3249"}],"curies":[{"name":"wp","href":"https:\/\/api.w.org\/{rel}","templated":true}]}}