{"id":3260,"date":"2019-10-08T14:06:42","date_gmt":"2019-10-08T17:06:42","guid":{"rendered":"http:\/\/nossacasa.net\/nossosriachos\/rios\/?page_id=3260"},"modified":"2019-10-09T09:02:41","modified_gmt":"2019-10-09T12:02:41","slug":"microbacias-de-anchieta","status":"publish","type":"page","link":"http:\/\/nossacasa.net\/nossosriachos\/rios\/microbacias-de-anchieta\/","title":{"rendered":"Microbacias de Anchieta"},"content":{"rendered":"<div style=\"text-align:justify\">\n<div id=\"attachment_3261\" style=\"width: 810px\" class=\"wp-caption aligncenter\"><img loading=\"lazy\" decoding=\"async\" aria-describedby=\"caption-attachment-3261\" src=\"http:\/\/nossacasa.net\/nossosriachos\/rios\/wp-content\/uploads\/sites\/8\/2019\/10\/Microbacias-de-Anchieta.png\" alt=\"\" width=\"800\" height=\"516\" class=\"size-full wp-image-3261\" srcset=\"http:\/\/nossacasa.net\/nossosriachos\/rios\/wp-content\/uploads\/sites\/8\/2019\/10\/Microbacias-de-Anchieta.png 800w, http:\/\/nossacasa.net\/nossosriachos\/rios\/wp-content\/uploads\/sites\/8\/2019\/10\/Microbacias-de-Anchieta-300x194.png 300w, http:\/\/nossacasa.net\/nossosriachos\/rios\/wp-content\/uploads\/sites\/8\/2019\/10\/Microbacias-de-Anchieta-768x495.png 768w, http:\/\/nossacasa.net\/nossosriachos\/rios\/wp-content\/uploads\/sites\/8\/2019\/10\/Microbacias-de-Anchieta-465x300.png 465w\" sizes=\"auto, (max-width: 800px) 100vw, 800px\" \/><p id=\"caption-attachment-3261\" class=\"wp-caption-text\">Figura 1 &#8211; Mapa das Microbacias de Anchieta<\/p><\/div>\n<p><strong>Microbacias de Anchieta (08.14)<\/strong><br \/>\nMicrobacias costeira formadas por diversos pequenos cursos de \u00e1gua de desaguam no munic\u00edpio de Anchieta (ES).<br \/>\n<strong>Limites<\/strong><br \/>\nNorte: Bacias do Beneventes.<br \/>\nOeste: Bacia do Rio Novo.<br \/>\nSul: Bacia do Rio Novo.<br \/>\nLeste: Oceano Atl\u00e2ntico.<\/p>\n<p>Superf\u00edcie total: 31 Km<sup>2<\/sup>  Per\u00edmetro: 35 Km<\/p>\n<p>Entre Anchieta e Pi\u00fama encontra-se a microbacia do C\u00f3rrego Iriri, al\u00e9m de outros c\u00f3rregos min\u00fasculos.<\/p>\n<div id=\"attachment_3262\" style=\"width: 810px\" class=\"wp-caption aligncenter\"><img loading=\"lazy\" decoding=\"async\" aria-describedby=\"caption-attachment-3262\" src=\"http:\/\/nossacasa.net\/nossosriachos\/rios\/wp-content\/uploads\/sites\/8\/2019\/10\/Microbacias-de-Anchieta_2.png\" alt=\"\" width=\"800\" height=\"632\" class=\"size-full wp-image-3262\" srcset=\"http:\/\/nossacasa.net\/nossosriachos\/rios\/wp-content\/uploads\/sites\/8\/2019\/10\/Microbacias-de-Anchieta_2.png 800w, http:\/\/nossacasa.net\/nossosriachos\/rios\/wp-content\/uploads\/sites\/8\/2019\/10\/Microbacias-de-Anchieta_2-300x237.png 300w, http:\/\/nossacasa.net\/nossosriachos\/rios\/wp-content\/uploads\/sites\/8\/2019\/10\/Microbacias-de-Anchieta_2-768x607.png 768w, http:\/\/nossacasa.net\/nossosriachos\/rios\/wp-content\/uploads\/sites\/8\/2019\/10\/Microbacias-de-Anchieta_2-380x300.png 380w\" sizes=\"auto, (max-width: 800px) 100vw, 800px\" \/><p id=\"caption-attachment-3262\" class=\"wp-caption-text\">Figura 2 &#8211; C\u00f3rrego Iriri nas microbacias de Anchieta<\/p><\/div>\n<div id=\"attachment_3265\" style=\"width: 810px\" class=\"wp-caption aligncenter\"><img loading=\"lazy\" decoding=\"async\" aria-describedby=\"caption-attachment-3265\" src=\"http:\/\/nossacasa.net\/nossosriachos\/rios\/wp-content\/uploads\/sites\/8\/2019\/10\/Tabela-1_8_14.png\" alt=\"\" width=\"800\" height=\"114\" class=\"size-full wp-image-3265\" srcset=\"http:\/\/nossacasa.net\/nossosriachos\/rios\/wp-content\/uploads\/sites\/8\/2019\/10\/Tabela-1_8_14.png 800w, http:\/\/nossacasa.net\/nossosriachos\/rios\/wp-content\/uploads\/sites\/8\/2019\/10\/Tabela-1_8_14-300x43.png 300w, http:\/\/nossacasa.net\/nossosriachos\/rios\/wp-content\/uploads\/sites\/8\/2019\/10\/Tabela-1_8_14-768x109.png 768w, http:\/\/nossacasa.net\/nossosriachos\/rios\/wp-content\/uploads\/sites\/8\/2019\/10\/Tabela-1_8_14-500x71.png 500w\" sizes=\"auto, (max-width: 800px) 100vw, 800px\" \/><p id=\"caption-attachment-3265\" class=\"wp-caption-text\">Tabela 1 \u2013 Comprimento dos rios, altitudes das nascentes e \u00e1reas das Microbacias de Anchieta.<\/p><\/div>\n<hr \/>\n<\/div>\n","protected":false},"excerpt":{"rendered":"<p>Microbacias de Anchieta (08.14) Microbacias costeira formadas por diversos pequenos cursos de \u00e1gua de desaguam no munic\u00edpio de Anchieta (ES). Limites Norte: Bacias do Beneventes. Oeste: Bacia do Rio Novo. Sul: Bacia do Rio Novo. Leste: Oceano Atl\u00e2ntico. Superf\u00edcie total: &hellip; <a href=\"http:\/\/nossacasa.net\/nossosriachos\/rios\/microbacias-de-anchieta\/\">Continue lendo <span class=\"meta-nav\">&rarr;<\/span><\/a><\/p>\n","protected":false},"author":1,"featured_media":3261,"parent":0,"menu_order":0,"comment_status":"closed","ping_status":"closed","template":"","meta":{"footnotes":""},"class_list":["post-3260","page","type-page","status-publish","has-post-thumbnail","hentry"],"_links":{"self":[{"href":"http:\/\/nossacasa.net\/nossosriachos\/rios\/wp-json\/wp\/v2\/pages\/3260","targetHints":{"allow":["GET"]}}],"collection":[{"href":"http:\/\/nossacasa.net\/nossosriachos\/rios\/wp-json\/wp\/v2\/pages"}],"about":[{"href":"http:\/\/nossacasa.net\/nossosriachos\/rios\/wp-json\/wp\/v2\/types\/page"}],"author":[{"embeddable":true,"href":"http:\/\/nossacasa.net\/nossosriachos\/rios\/wp-json\/wp\/v2\/users\/1"}],"replies":[{"embeddable":true,"href":"http:\/\/nossacasa.net\/nossosriachos\/rios\/wp-json\/wp\/v2\/comments?post=3260"}],"version-history":[{"count":3,"href":"http:\/\/nossacasa.net\/nossosriachos\/rios\/wp-json\/wp\/v2\/pages\/3260\/revisions"}],"predecessor-version":[{"id":3270,"href":"http:\/\/nossacasa.net\/nossosriachos\/rios\/wp-json\/wp\/v2\/pages\/3260\/revisions\/3270"}],"wp:featuredmedia":[{"embeddable":true,"href":"http:\/\/nossacasa.net\/nossosriachos\/rios\/wp-json\/wp\/v2\/media\/3261"}],"wp:attachment":[{"href":"http:\/\/nossacasa.net\/nossosriachos\/rios\/wp-json\/wp\/v2\/media?parent=3260"}],"curies":[{"name":"wp","href":"https:\/\/api.w.org\/{rel}","templated":true}]}}