{"id":3271,"date":"2019-10-09T09:12:39","date_gmt":"2019-10-09T12:12:39","guid":{"rendered":"http:\/\/nossacasa.net\/nossosriachos\/rios\/?page_id=3271"},"modified":"2019-10-09T11:45:30","modified_gmt":"2019-10-09T14:45:30","slug":"bacia-do-rio-novo","status":"publish","type":"page","link":"http:\/\/nossacasa.net\/nossosriachos\/rios\/bacia-do-rio-novo\/","title":{"rendered":"Bacia do Rio Novo"},"content":{"rendered":"<div style=\"text-align:justify\">\n<div id=\"attachment_3263\" style=\"width: 810px\" class=\"wp-caption aligncenter\"><img loading=\"lazy\" decoding=\"async\" aria-describedby=\"caption-attachment-3263\" src=\"http:\/\/nossacasa.net\/nossosriachos\/rios\/wp-content\/uploads\/sites\/8\/2019\/10\/Rio-Novo.png\" alt=\"\" width=\"800\" height=\"684\" class=\"size-full wp-image-3263\" srcset=\"http:\/\/nossacasa.net\/nossosriachos\/rios\/wp-content\/uploads\/sites\/8\/2019\/10\/Rio-Novo.png 800w, http:\/\/nossacasa.net\/nossosriachos\/rios\/wp-content\/uploads\/sites\/8\/2019\/10\/Rio-Novo-300x257.png 300w, http:\/\/nossacasa.net\/nossosriachos\/rios\/wp-content\/uploads\/sites\/8\/2019\/10\/Rio-Novo-768x657.png 768w, http:\/\/nossacasa.net\/nossosriachos\/rios\/wp-content\/uploads\/sites\/8\/2019\/10\/Rio-Novo-351x300.png 351w\" sizes=\"auto, (max-width: 800px) 100vw, 800px\" \/><p id=\"caption-attachment-3263\" class=\"wp-caption-text\">Figura 1 &#8211; Mapa da bacia do Rio Novo.<\/p><\/div>\n<p><strong>Bacia do Rio Novo (08.15)<\/strong><br \/>\nRio Novo \u00e9 um rio costeiro no sul do Esp\u00edrito Santo.<\/p>\n<p><strong>Limites<\/strong><br \/>\nNorte: Microbacias de Anchieta e Bacia do Benevente.<br \/>\nOeste: Bacia do Itapemirim<br \/>\nSul: Bacia do Itapemirim.<br \/>\nLeste: Microbacias de Itapemirim e Oceano Atl\u00e2ntico.<\/p>\n<p>Superf\u00edcie total: 768 Km<sup>2<\/sup>  Per\u00edmetro: 151 Km<\/p>\n<p>O Rio Novo nasce na Serra do Richmond, na localidade de Ipea\u00e7u, no munic\u00edpio de Vargem Alta, a uma altitude em torno de 800 m. Seu principal afluente \u00e9 o rio Iconha, que nasce da conflu\u00eancia de tr\u00eas rios: ribeir\u00e3o Inha\u00fama, ribeir\u00e3o Monte Alegre e o ribeir\u00e3o S\u00e3o<br \/>\nPedro. Os rios, Novo e Iconha seguem em diagonal, se aproximando um do outro at\u00e9 sua conflu\u00eancia, no munic\u00edpio de Pi\u00fama, j\u00e1 na regi\u00e3o das baixadas litor\u00e2neas, nas proximidades da foz do Rio Novo. As \u00e1guas da bacia do Rio Novo banham o munic\u00edpio de Rio Novo do Sul, Iconha e parte dos munic\u00edpios de Vargem Alta, Pi\u00fama e Itapemirim.<\/p>\n<div id=\"attachment_3264\" style=\"width: 581px\" class=\"wp-caption aligncenter\"><img loading=\"lazy\" decoding=\"async\" aria-describedby=\"caption-attachment-3264\" src=\"http:\/\/nossacasa.net\/nossosriachos\/rios\/wp-content\/uploads\/sites\/8\/2019\/10\/Rio-Novo_2.png\" alt=\"\" width=\"571\" height=\"597\" class=\"size-full wp-image-3264\" srcset=\"http:\/\/nossacasa.net\/nossosriachos\/rios\/wp-content\/uploads\/sites\/8\/2019\/10\/Rio-Novo_2.png 571w, http:\/\/nossacasa.net\/nossosriachos\/rios\/wp-content\/uploads\/sites\/8\/2019\/10\/Rio-Novo_2-287x300.png 287w\" sizes=\"auto, (max-width: 571px) 100vw, 571px\" \/><p id=\"caption-attachment-3264\" class=\"wp-caption-text\">Figura 2 &#8211; Bacia do Rio Novo com as regi\u00f5es alto e baixo da bacia.<\/p><\/div>\n<p><strong>Alto Rio Novo<\/strong>.<br \/>\nEsta regi\u00e3o hidrogr\u00e1fica foi definida com a regi\u00e3o das nascentes formadoras dos rios Novos e Iconha, at\u00e9 o Baixo Rio Novo. Neste trecho de declividades acentuadas, o rio \u00e9 torrencial e encachoeirado, com correnteza r\u00e1pida e pedras. O principal contribuinte do Rio Novo no trecho superior \u00e9 o ribeir\u00e3o Conc\u00f3rdia, cuja conflu\u00eancia com o Rio Novo se d\u00e1 j\u00e1 na divisa municipal com Rio Novo do Sul. O c\u00f3rrego Rodeio, afluente do ribeir\u00e3o Monte Alegre, corresponde \u00e0 nascente mais alta do rio Iconha, e nasce a uma altitude de 800 m, na localidade de Princesa, em Rio Novo do Sul, tamb\u00e9m em um prolongamento da Serra do Richmond. Nas cabeceiras, os vales fluviais s\u00e3o ocupados principalmente pela lavoura de caf\u00e9 e banana.<\/p>\n<div id=\"attachment_3266\" style=\"width: 810px\" class=\"wp-caption aligncenter\"><img loading=\"lazy\" decoding=\"async\" aria-describedby=\"caption-attachment-3266\" src=\"http:\/\/nossacasa.net\/nossosriachos\/rios\/wp-content\/uploads\/sites\/8\/2019\/10\/Tabela-1_8_15.png\" alt=\"\" width=\"800\" height=\"413\" class=\"size-full wp-image-3266\" srcset=\"http:\/\/nossacasa.net\/nossosriachos\/rios\/wp-content\/uploads\/sites\/8\/2019\/10\/Tabela-1_8_15.png 800w, http:\/\/nossacasa.net\/nossosriachos\/rios\/wp-content\/uploads\/sites\/8\/2019\/10\/Tabela-1_8_15-300x155.png 300w, http:\/\/nossacasa.net\/nossosriachos\/rios\/wp-content\/uploads\/sites\/8\/2019\/10\/Tabela-1_8_15-768x396.png 768w, http:\/\/nossacasa.net\/nossosriachos\/rios\/wp-content\/uploads\/sites\/8\/2019\/10\/Tabela-1_8_15-500x258.png 500w\" sizes=\"auto, (max-width: 800px) 100vw, 800px\" \/><p id=\"caption-attachment-3266\" class=\"wp-caption-text\">Tabela 1 &#8211;  Comprimentos dos rios, altitude das nascentes e \u00e1reas das sub-bacias do Alto Rio Novo<\/p><\/div>\n<p><strong>Baixo Rio Novo<\/strong>.<br \/>\nA regi\u00e3o hidrogr\u00e1fica do Baixo Rio Novo \u00e9 delimitada pelo Rio Novo, abaixo da cota de 40 m, e pelos afluentes que desembocam abaixo desta cota. A regi\u00e3o formada pelo rio Iconha e seus afluentes abaixo da cota de 40 m, tamb\u00e9m est\u00e1 inclu\u00edda no Baixo Rio Novo. A declividade no ter\u00e7o inferior \u00e9 mais suave, por\u00e9m marcada por pequenos encachoeiramentos em determinados trechos. A baixa declividade facilitou a ocupa\u00e7\u00e3o dos vales fluviais e neste trecho se encontram as cidades de Rio Novo do Sul e Iconha, \u00e0s margens dos rios Novo e Iconha, respectivamente. Em seu baixo curso o Rio Novo forma uma ampla plan\u00edcie inund\u00e1vel, marcada por brejos e uma lagoa costeira com<br \/>\n0,6 km<sup>2<\/sup> , a lagoa Guanandy, no munic\u00edpio de Itapemirim.<\/p>\n<div id=\"attachment_3267\" style=\"width: 810px\" class=\"wp-caption aligncenter\"><img loading=\"lazy\" decoding=\"async\" aria-describedby=\"caption-attachment-3267\" src=\"http:\/\/nossacasa.net\/nossosriachos\/rios\/wp-content\/uploads\/sites\/8\/2019\/10\/Tabela-2_8_15.png\" alt=\"\" width=\"800\" height=\"485\" class=\"size-full wp-image-3267\" srcset=\"http:\/\/nossacasa.net\/nossosriachos\/rios\/wp-content\/uploads\/sites\/8\/2019\/10\/Tabela-2_8_15.png 800w, http:\/\/nossacasa.net\/nossosriachos\/rios\/wp-content\/uploads\/sites\/8\/2019\/10\/Tabela-2_8_15-300x182.png 300w, http:\/\/nossacasa.net\/nossosriachos\/rios\/wp-content\/uploads\/sites\/8\/2019\/10\/Tabela-2_8_15-768x466.png 768w, http:\/\/nossacasa.net\/nossosriachos\/rios\/wp-content\/uploads\/sites\/8\/2019\/10\/Tabela-2_8_15-495x300.png 495w\" sizes=\"auto, (max-width: 800px) 100vw, 800px\" \/><p id=\"caption-attachment-3267\" class=\"wp-caption-text\">Tabela 2 &#8211;  Comprimentos dos rios, altitude das nascentes e \u00e1reas das sub-bacias do Baixo Rio Novo<\/p><\/div>\n<hr \/>\n<\/div>\n","protected":false},"excerpt":{"rendered":"<p>Bacia do Rio Novo (08.15) Rio Novo \u00e9 um rio costeiro no sul do Esp\u00edrito Santo. Limites Norte: Microbacias de Anchieta e Bacia do Benevente. Oeste: Bacia do Itapemirim Sul: Bacia do Itapemirim. Leste: Microbacias de Itapemirim e Oceano Atl\u00e2ntico. &hellip; <a href=\"http:\/\/nossacasa.net\/nossosriachos\/rios\/bacia-do-rio-novo\/\">Continue lendo <span class=\"meta-nav\">&rarr;<\/span><\/a><\/p>\n","protected":false},"author":1,"featured_media":3263,"parent":0,"menu_order":0,"comment_status":"closed","ping_status":"closed","template":"","meta":{"footnotes":""},"class_list":["post-3271","page","type-page","status-publish","has-post-thumbnail","hentry"],"_links":{"self":[{"href":"http:\/\/nossacasa.net\/nossosriachos\/rios\/wp-json\/wp\/v2\/pages\/3271","targetHints":{"allow":["GET"]}}],"collection":[{"href":"http:\/\/nossacasa.net\/nossosriachos\/rios\/wp-json\/wp\/v2\/pages"}],"about":[{"href":"http:\/\/nossacasa.net\/nossosriachos\/rios\/wp-json\/wp\/v2\/types\/page"}],"author":[{"embeddable":true,"href":"http:\/\/nossacasa.net\/nossosriachos\/rios\/wp-json\/wp\/v2\/users\/1"}],"replies":[{"embeddable":true,"href":"http:\/\/nossacasa.net\/nossosriachos\/rios\/wp-json\/wp\/v2\/comments?post=3271"}],"version-history":[{"count":4,"href":"http:\/\/nossacasa.net\/nossosriachos\/rios\/wp-json\/wp\/v2\/pages\/3271\/revisions"}],"predecessor-version":[{"id":3291,"href":"http:\/\/nossacasa.net\/nossosriachos\/rios\/wp-json\/wp\/v2\/pages\/3271\/revisions\/3291"}],"wp:featuredmedia":[{"embeddable":true,"href":"http:\/\/nossacasa.net\/nossosriachos\/rios\/wp-json\/wp\/v2\/media\/3263"}],"wp:attachment":[{"href":"http:\/\/nossacasa.net\/nossosriachos\/rios\/wp-json\/wp\/v2\/media?parent=3271"}],"curies":[{"name":"wp","href":"https:\/\/api.w.org\/{rel}","templated":true}]}}