{"id":3288,"date":"2019-10-09T11:38:10","date_gmt":"2019-10-09T14:38:10","guid":{"rendered":"http:\/\/nossacasa.net\/nossosriachos\/rios\/?page_id=3288"},"modified":"2019-10-09T12:53:49","modified_gmt":"2019-10-09T15:53:49","slug":"bacia-do-itapemirim","status":"publish","type":"page","link":"http:\/\/nossacasa.net\/nossosriachos\/rios\/bacia-do-itapemirim\/","title":{"rendered":"Bacia do Itapemirim"},"content":{"rendered":"<div style=\"text-align:justify\">\n<div id=\"attachment_3293\" style=\"width: 810px\" class=\"wp-caption aligncenter\"><img loading=\"lazy\" decoding=\"async\" aria-describedby=\"caption-attachment-3293\" src=\"http:\/\/nossacasa.net\/nossosriachos\/rios\/wp-content\/uploads\/sites\/8\/2019\/10\/Itapemirim.png\" alt=\"\" width=\"800\" height=\"514\" class=\"size-full wp-image-3293\" srcset=\"http:\/\/nossacasa.net\/nossosriachos\/rios\/wp-content\/uploads\/sites\/8\/2019\/10\/Itapemirim.png 800w, http:\/\/nossacasa.net\/nossosriachos\/rios\/wp-content\/uploads\/sites\/8\/2019\/10\/Itapemirim-300x193.png 300w, http:\/\/nossacasa.net\/nossosriachos\/rios\/wp-content\/uploads\/sites\/8\/2019\/10\/Itapemirim-768x493.png 768w, http:\/\/nossacasa.net\/nossosriachos\/rios\/wp-content\/uploads\/sites\/8\/2019\/10\/Itapemirim-467x300.png 467w\" sizes=\"auto, (max-width: 800px) 100vw, 800px\" \/><p id=\"caption-attachment-3293\" class=\"wp-caption-text\">Figura 1 &#8211; Bacia do Itapemirim com as bacias limites<\/p><\/div>\n<p><strong>Bacia do Itapemirim (08.17)<\/strong><br \/>\nFormada pelo rio Itapemirim. Um rio costeiro no sul do Esp\u00edrito Santo.<\/p>\n<p><strong>Limites<\/strong><br \/>\nNorte: Microbacias de Itapemirim e Bacias do Rio Novo, Benevente e Jucu.<br \/>\nOeste: Bacia do Doce.<br \/>\nSul: Bacia do Itabapoana e Microbacias de Marata\u00edzes<br \/>\nLeste: Oceano Atl\u00e2ntico.<\/p>\n<p>Superf\u00edcie total: 5.950 Km<sup>2<\/sup>  Per\u00edmetro: 493 Km<\/p>\n<p>O Rio Tapemeri, atual Itapemirim, foi usado por Pero de G\u00f3is da Silveira donat\u00e1rio da capitania de S\u00e3o Tom\u00e9 e Vasco Fernandes Coutinho, donat\u00e1rio da capitania do Esp\u00edrito Santo para ajustar os limites entre estas capitanias (Soffiati Netto, 2011). <\/p>\n<p>Com uma \u00e1rea de drenagem de 5.950 Km<sup>2<\/sup> a bacia formada pelo Rio Itapemirim banha os munic\u00edpios capixabas de Itapemirim, Cachoeiro de Itapemirim, Vargem Alta, Castelo, Venda Nova do Imigrante, Concei\u00e7\u00e3o do Castelo, Muniz Freire, I\u00fana, Ibatiba, Ibitirama,<br \/>\nAlegre, Jer\u00f4nimo Monteiro, Muqui, At\u00edlio Vivacqua e Presidente Kennedy, e ainda uma pequena parte do Estado de Minas Gerais.<\/p>\n<div id=\"attachment_3294\" style=\"width: 810px\" class=\"wp-caption aligncenter\"><img loading=\"lazy\" decoding=\"async\" aria-describedby=\"caption-attachment-3294\" src=\"http:\/\/nossacasa.net\/nossosriachos\/rios\/wp-content\/uploads\/sites\/8\/2019\/10\/Itapemirim_2.png\" alt=\"\" width=\"800\" height=\"711\" class=\"size-full wp-image-3294\" srcset=\"http:\/\/nossacasa.net\/nossosriachos\/rios\/wp-content\/uploads\/sites\/8\/2019\/10\/Itapemirim_2.png 800w, http:\/\/nossacasa.net\/nossosriachos\/rios\/wp-content\/uploads\/sites\/8\/2019\/10\/Itapemirim_2-300x267.png 300w, http:\/\/nossacasa.net\/nossosriachos\/rios\/wp-content\/uploads\/sites\/8\/2019\/10\/Itapemirim_2-768x683.png 768w, http:\/\/nossacasa.net\/nossosriachos\/rios\/wp-content\/uploads\/sites\/8\/2019\/10\/Itapemirim_2-338x300.png 338w\" sizes=\"auto, (max-width: 800px) 100vw, 800px\" \/><p id=\"caption-attachment-3294\" class=\"wp-caption-text\">Figura 2 &#8211; Bacia do Itapemirim com as regi\u00f5es alto, m\u00e9dio e baixo.<\/p><\/div>\n<p><strong>Alto Itapemirim.<\/strong><br \/>\nOs principais formadores do Itapemirim s\u00e3o os rios Bra\u00e7o Norte Esquerdo e Bra\u00e7o Norte Direito. O Bra\u00e7o Norte Esquerdo tem suas nascentes no Esp\u00edrito Santo no extremo norte do munic\u00edpio de Muniz Freire, pr\u00f3ximo \u00e0 divisa com Itatiba. Desce no sentido sudoeste at\u00e9 encontrar o Bra\u00e7o Norte Direito formando o rio Itapemirim. <\/p>\n<p>O rio Bra\u00e7o Norte Direito nasce no limite oeste do munic\u00edpio de Ibitirama (ES) quase na fronteira com Alto Capara\u00f3 (MG). Desce em sentido Oeste-Leste at\u00e9 I\u00fana, quando muda o sentido para Sudeste recebendo o rio Bra\u00e7o Norte Esquerdo para dar in\u00edcio ao rio Itapemirim. <\/p>\n<p>O Alto Itapemirim inclui toda \u00e1 \u00e1rea de drenagem dos rios Bra\u00e7o Norte Esquerdo e Direito e do rio Itapemirim at\u00e9 a jusante da foz do C\u00f3rrego Olho D&#8217;\u00c1gua, antes da foz do rio Castelo.<\/p>\n<div id=\"attachment_3297\" style=\"width: 810px\" class=\"wp-caption aligncenter\"><img loading=\"lazy\" decoding=\"async\" aria-describedby=\"caption-attachment-3297\" src=\"http:\/\/nossacasa.net\/nossosriachos\/rios\/wp-content\/uploads\/sites\/8\/2019\/10\/Tabela-1_8_17.png\" alt=\"\" width=\"800\" height=\"1958\" class=\"size-full wp-image-3297\" srcset=\"http:\/\/nossacasa.net\/nossosriachos\/rios\/wp-content\/uploads\/sites\/8\/2019\/10\/Tabela-1_8_17.png 800w, http:\/\/nossacasa.net\/nossosriachos\/rios\/wp-content\/uploads\/sites\/8\/2019\/10\/Tabela-1_8_17-123x300.png 123w, http:\/\/nossacasa.net\/nossosriachos\/rios\/wp-content\/uploads\/sites\/8\/2019\/10\/Tabela-1_8_17-768x1880.png 768w, http:\/\/nossacasa.net\/nossosriachos\/rios\/wp-content\/uploads\/sites\/8\/2019\/10\/Tabela-1_8_17-418x1024.png 418w\" sizes=\"auto, (max-width: 800px) 100vw, 800px\" \/><p id=\"caption-attachment-3297\" class=\"wp-caption-text\">Tabela 1 &#8211; Comprimento dos rios, altitude das nascentes e \u00e1reas das sub-bacias do Alto Itapemirim.<\/p><\/div>\n<p><strong>M\u00e9dio Itapemirim.<\/strong><br \/>\nA sub-regi\u00e3o hidrogr\u00e1fica \u201cM\u00e9dio Itapemirim\u201d inclui a \u00e1rea drenada pelo rio Itapemirim desde a montante da foz rio Castelo at\u00e9 a jusante da foz do C\u00f3rrego Independ\u00eancia no limite leste do Munic\u00edpio de Cachoeiro de Itapemirim<\/p>\n<p>No ter\u00e7o m\u00e9dio destaca-se a sub-bacia do rio Castelo, que nasce na divisa norte do Munic\u00edpio de Concei\u00e7\u00e3o do Castelo, desce no sentido sul passando por Castelo indo desaguar no rio Itapemirim. <\/p>\n<div id=\"attachment_3299\" style=\"width: 810px\" class=\"wp-caption aligncenter\"><img loading=\"lazy\" decoding=\"async\" aria-describedby=\"caption-attachment-3299\" src=\"http:\/\/nossacasa.net\/nossosriachos\/rios\/wp-content\/uploads\/sites\/8\/2019\/10\/Tabela-2_8_17.png\" alt=\"\" width=\"800\" height=\"1050\" class=\"size-full wp-image-3299\" srcset=\"http:\/\/nossacasa.net\/nossosriachos\/rios\/wp-content\/uploads\/sites\/8\/2019\/10\/Tabela-2_8_17.png 800w, http:\/\/nossacasa.net\/nossosriachos\/rios\/wp-content\/uploads\/sites\/8\/2019\/10\/Tabela-2_8_17-229x300.png 229w, http:\/\/nossacasa.net\/nossosriachos\/rios\/wp-content\/uploads\/sites\/8\/2019\/10\/Tabela-2_8_17-768x1008.png 768w, http:\/\/nossacasa.net\/nossosriachos\/rios\/wp-content\/uploads\/sites\/8\/2019\/10\/Tabela-2_8_17-780x1024.png 780w\" sizes=\"auto, (max-width: 800px) 100vw, 800px\" \/><p id=\"caption-attachment-3299\" class=\"wp-caption-text\">Tabela 2 &#8211; Comprimento dos rios, altitude das nascentes e \u00e1reas das sub-bacias do M\u00e9dio Itapemirim.<\/p><\/div>\n<p><strong>Baixo Itapemirim.<\/strong><br \/>\nDa foz do Rio Castelo at\u00e9 o oceano estende-se a rede hidrogr\u00e1fica do baixo Itapemirim. <\/p>\n<div id=\"attachment_3300\" style=\"width: 810px\" class=\"wp-caption aligncenter\"><img loading=\"lazy\" decoding=\"async\" aria-describedby=\"caption-attachment-3300\" src=\"http:\/\/nossacasa.net\/nossosriachos\/rios\/wp-content\/uploads\/sites\/8\/2019\/10\/Tabela-3_8_17.png\" alt=\"\" width=\"800\" height=\"722\" class=\"size-full wp-image-3300\" srcset=\"http:\/\/nossacasa.net\/nossosriachos\/rios\/wp-content\/uploads\/sites\/8\/2019\/10\/Tabela-3_8_17.png 800w, http:\/\/nossacasa.net\/nossosriachos\/rios\/wp-content\/uploads\/sites\/8\/2019\/10\/Tabela-3_8_17-300x271.png 300w, http:\/\/nossacasa.net\/nossosriachos\/rios\/wp-content\/uploads\/sites\/8\/2019\/10\/Tabela-3_8_17-768x693.png 768w, http:\/\/nossacasa.net\/nossosriachos\/rios\/wp-content\/uploads\/sites\/8\/2019\/10\/Tabela-3_8_17-332x300.png 332w\" sizes=\"auto, (max-width: 800px) 100vw, 800px\" \/><p id=\"caption-attachment-3300\" class=\"wp-caption-text\">Tabela 3 &#8211; Comprimento dos rios, altitude das nascentes e \u00e1reas das sub-bacias do Baixo Itapemirim.<\/p><\/div>\n<hr \/>\n<\/div>\n","protected":false},"excerpt":{"rendered":"<p>Bacia do Itapemirim (08.17) Formada pelo rio Itapemirim. Um rio costeiro no sul do Esp\u00edrito Santo. Limites Norte: Microbacias de Itapemirim e Bacias do Rio Novo, Benevente e Jucu. Oeste: Bacia do Doce. Sul: Bacia do Itabapoana e Microbacias de &hellip; <a href=\"http:\/\/nossacasa.net\/nossosriachos\/rios\/bacia-do-itapemirim\/\">Continue lendo <span class=\"meta-nav\">&rarr;<\/span><\/a><\/p>\n","protected":false},"author":1,"featured_media":3293,"parent":0,"menu_order":0,"comment_status":"closed","ping_status":"closed","template":"","meta":{"footnotes":""},"class_list":["post-3288","page","type-page","status-publish","has-post-thumbnail","hentry"],"_links":{"self":[{"href":"http:\/\/nossacasa.net\/nossosriachos\/rios\/wp-json\/wp\/v2\/pages\/3288","targetHints":{"allow":["GET"]}}],"collection":[{"href":"http:\/\/nossacasa.net\/nossosriachos\/rios\/wp-json\/wp\/v2\/pages"}],"about":[{"href":"http:\/\/nossacasa.net\/nossosriachos\/rios\/wp-json\/wp\/v2\/types\/page"}],"author":[{"embeddable":true,"href":"http:\/\/nossacasa.net\/nossosriachos\/rios\/wp-json\/wp\/v2\/users\/1"}],"replies":[{"embeddable":true,"href":"http:\/\/nossacasa.net\/nossosriachos\/rios\/wp-json\/wp\/v2\/comments?post=3288"}],"version-history":[{"count":5,"href":"http:\/\/nossacasa.net\/nossosriachos\/rios\/wp-json\/wp\/v2\/pages\/3288\/revisions"}],"predecessor-version":[{"id":3303,"href":"http:\/\/nossacasa.net\/nossosriachos\/rios\/wp-json\/wp\/v2\/pages\/3288\/revisions\/3303"}],"wp:featuredmedia":[{"embeddable":true,"href":"http:\/\/nossacasa.net\/nossosriachos\/rios\/wp-json\/wp\/v2\/media\/3293"}],"wp:attachment":[{"href":"http:\/\/nossacasa.net\/nossosriachos\/rios\/wp-json\/wp\/v2\/media?parent=3288"}],"curies":[{"name":"wp","href":"https:\/\/api.w.org\/{rel}","templated":true}]}}