{"id":33,"date":"2018-02-13T13:52:19","date_gmt":"2018-02-13T15:52:19","guid":{"rendered":"http:\/\/nossacasa.net\/nossosriachos\/rios\/?page_id=33"},"modified":"2018-02-14T15:16:35","modified_gmt":"2018-02-14T17:16:35","slug":"bacia-do-parana","status":"publish","type":"page","link":"http:\/\/nossacasa.net\/nossosriachos\/rios\/bacia-do-parana\/","title":{"rendered":"Bacia do Paran\u00e1"},"content":{"rendered":"<div style=\"text-align:justify\">\n<img loading=\"lazy\" decoding=\"async\" src=\"http:\/\/nossacasa.net\/nossosriachos\/rios\/wp-content\/uploads\/sites\/8\/2018\/02\/regiao-hidrografica-parana-1306518009.gif\" alt=\"\" width=\"269\" height=\"265\" class=\"aligncenter size-full wp-image-87\" \/><br \/>\n<strong>Regi\u00e3o Hidrogr\u00e1fica do Paran\u00e1<\/strong><\/p>\n<p>Regi\u00e3o Hidrogr\u00e1fica do Paran\u00e1 \u00e9 constitu\u00edda pela bacia hidrogr\u00e1fica do rio Paran\u00e1 situada no territ\u00f3rio nacional.<\/p>\n<hr>\n<p>A regi\u00e3o onde est\u00e1 localizada a bacia do Paran\u00e1 \u00e9 de grande import\u00e2ncia para o Pa\u00eds e tem o maior desenvolvimento econ\u00f4mico do pa\u00eds e atinge 32% da popula\u00e7\u00e3o brasileira. Ocupa 10% do territ\u00f3rio nacional (879.860 km\u00b2) e se divide entre os Estados de S\u00e3o Paulo, Paran\u00e1, Mato Grosso do Sul, Minas Gerais, Goi\u00e1s, Santa Catarina e Distrito Federal.<\/p>\n<p>A bacia recebe esse nome por ter o rio Paran\u00e1 como seu principal formador. Com uma extens\u00e3o de 2750 km at\u00e9 sua foz, o Paran\u00e1 tem como principais afluentes o Parana\u00edba e o Grande.<\/p>\n<p>Essa regi\u00e3o hidrogr\u00e1fica se subdivide em seis grandes rios: Grande, Igua\u00e7u, Parana\u00edba, Paranapanema, Paran\u00e1 e Tiet\u00ea, apresentando uma vaz\u00e3o m\u00e9dia correspondente a 6,5% do total do pa\u00eds.<\/p>\n<p>A bacia do Paran\u00e1 tamb\u00e9m \u00e9 a que possui a maior capacidade de produ\u00e7\u00e3o (59,3% do total nacional) e demanda (75% do consumo nacional) de energia do pa\u00eds. Existem 176 usinas hidrel\u00e9tricas na regi\u00e3o, com destaque para Itaipu, Furnas, Porto Primavera e Marimbondo.\n<\/p><\/div>\n<p>Fonte: <a href=\"http:\/\/www.mma.gov.br\/sitio\/index.php?ido=conteudo.monta&#038;idEstrutura=161&#038;idConteudo=9513\" rel=\"noopener\" target=\"_blank\">Plano Nacional de Recursos H\u00eddricos<\/a><\/p>\n","protected":false},"excerpt":{"rendered":"<p>Regi\u00e3o Hidrogr\u00e1fica do Paran\u00e1 Regi\u00e3o Hidrogr\u00e1fica do Paran\u00e1 \u00e9 constitu\u00edda pela bacia hidrogr\u00e1fica do rio Paran\u00e1 situada no territ\u00f3rio nacional. A regi\u00e3o onde est\u00e1 localizada a bacia do Paran\u00e1 \u00e9 de grande import\u00e2ncia para o Pa\u00eds e tem o maior &hellip; <a href=\"http:\/\/nossacasa.net\/nossosriachos\/rios\/bacia-do-parana\/\">Continue lendo <span class=\"meta-nav\">&rarr;<\/span><\/a><\/p>\n","protected":false},"author":1,"featured_media":87,"parent":0,"menu_order":0,"comment_status":"closed","ping_status":"closed","template":"","meta":{"footnotes":""},"class_list":["post-33","page","type-page","status-publish","has-post-thumbnail","hentry"],"_links":{"self":[{"href":"http:\/\/nossacasa.net\/nossosriachos\/rios\/wp-json\/wp\/v2\/pages\/33","targetHints":{"allow":["GET"]}}],"collection":[{"href":"http:\/\/nossacasa.net\/nossosriachos\/rios\/wp-json\/wp\/v2\/pages"}],"about":[{"href":"http:\/\/nossacasa.net\/nossosriachos\/rios\/wp-json\/wp\/v2\/types\/page"}],"author":[{"embeddable":true,"href":"http:\/\/nossacasa.net\/nossosriachos\/rios\/wp-json\/wp\/v2\/users\/1"}],"replies":[{"embeddable":true,"href":"http:\/\/nossacasa.net\/nossosriachos\/rios\/wp-json\/wp\/v2\/comments?post=33"}],"version-history":[{"count":4,"href":"http:\/\/nossacasa.net\/nossosriachos\/rios\/wp-json\/wp\/v2\/pages\/33\/revisions"}],"predecessor-version":[{"id":123,"href":"http:\/\/nossacasa.net\/nossosriachos\/rios\/wp-json\/wp\/v2\/pages\/33\/revisions\/123"}],"wp:featuredmedia":[{"embeddable":true,"href":"http:\/\/nossacasa.net\/nossosriachos\/rios\/wp-json\/wp\/v2\/media\/87"}],"wp:attachment":[{"href":"http:\/\/nossacasa.net\/nossosriachos\/rios\/wp-json\/wp\/v2\/media?parent=33"}],"curies":[{"name":"wp","href":"https:\/\/api.w.org\/{rel}","templated":true}]}}