{"id":35,"date":"2018-02-13T13:53:21","date_gmt":"2018-02-13T15:53:21","guid":{"rendered":"http:\/\/nossacasa.net\/nossosriachos\/rios\/?page_id=35"},"modified":"2018-02-14T15:06:47","modified_gmt":"2018-02-14T17:06:47","slug":"bacia-do-parnaiba","status":"publish","type":"page","link":"http:\/\/nossacasa.net\/nossosriachos\/rios\/bacia-do-parnaiba\/","title":{"rendered":"Bacia do Parna\u00edba"},"content":{"rendered":"<div style=\"text-align:justify\">\n<img loading=\"lazy\" decoding=\"async\" src=\"http:\/\/nossacasa.net\/nossosriachos\/rios\/wp-content\/uploads\/sites\/8\/2018\/02\/Regi\u00f5es_Hidrogr\u00e1ficas_do_Brasil_-_Parna\u00edba-300x296.png\" alt=\"\" width=\"300\" height=\"296\" class=\"aligncenter size-medium wp-image-74\" srcset=\"http:\/\/nossacasa.net\/nossosriachos\/rios\/wp-content\/uploads\/sites\/8\/2018\/02\/Regi\u00f5es_Hidrogr\u00e1ficas_do_Brasil_-_Parna\u00edba-300x296.png 300w, http:\/\/nossacasa.net\/nossosriachos\/rios\/wp-content\/uploads\/sites\/8\/2018\/02\/Regi\u00f5es_Hidrogr\u00e1ficas_do_Brasil_-_Parna\u00edba-304x300.png 304w, http:\/\/nossacasa.net\/nossosriachos\/rios\/wp-content\/uploads\/sites\/8\/2018\/02\/Regi\u00f5es_Hidrogr\u00e1ficas_do_Brasil_-_Parna\u00edba-50x50.png 50w, http:\/\/nossacasa.net\/nossosriachos\/rios\/wp-content\/uploads\/sites\/8\/2018\/02\/Regi\u00f5es_Hidrogr\u00e1ficas_do_Brasil_-_Parna\u00edba.png 589w\" sizes=\"auto, (max-width: 300px) 100vw, 300px\" \/><br \/>\n<strong>Regi\u00e3o Hidrogr\u00e1fica do Parna\u00edba<\/strong><\/p>\n<p>A Regi\u00e3o Hidrogr\u00e1fica do Parna\u00edba \u00e9 constitu\u00edda pela bacia hidrogr\u00e1fica do rio Parna\u00edba<\/p>\n<hr>\n<p>Com 344.112 km2 de \u00e1rea (3,9% do territ\u00f3rio nacional), a Bacia do Parna\u00edba ocupa 99% do Piau\u00ed, 19% do Maranh\u00e3o e 10% do Cear\u00e1. No Piau\u00ed, a \u00e1gua subterr\u00e2nea representa a principal fonte de abastecimento da popula\u00e7\u00e3o. Em \u00e1reas semi\u00e1ridas, nas quais muitos rios s\u00e3o intermitentes (ou seja, descont\u00ednuos, que terminam e recome\u00e7am por intervalos), \u00e9 a \u00fanica alternativa para os habitantes.<\/p>\n<p>Parte da Bacia do Parna\u00edba \u00e9 marcada por um elevado \u00edndice de pobreza, e a propor\u00e7\u00e3o da popula\u00e7\u00e3o que se encontra em zonas rurais (40%) \u00e9 alta em rela\u00e7\u00e3o \u00e0 m\u00e9dia nacional (18,2%). Nessa regi\u00e3o, a utiliza\u00e7\u00e3o m\u00e9dia de \u00e1gua por hectare \u00e9 superior \u00e0 m\u00e9dia do Brasil. Um dos motivos para isso \u00e9 a intensa perda de \u00e1gua para a atmosfera, causada pela evapora\u00e7\u00e3o a partir do solo e pela transpira\u00e7\u00e3o das plantas.\n<\/p><\/div>\n<p>Fonte: <a href=\"http:\/\/www.mma.gov.br\/sitio\/index.php?ido=conteudo.monta&#038;idEstrutura=161&#038;idConteudo=9513\" rel=\"noopener\" target=\"_blank\">Plano Nacional de Recursos H\u00eddricos<\/a><\/p>\n","protected":false},"excerpt":{"rendered":"<p>Regi\u00e3o Hidrogr\u00e1fica do Parna\u00edba A Regi\u00e3o Hidrogr\u00e1fica do Parna\u00edba \u00e9 constitu\u00edda pela bacia hidrogr\u00e1fica do rio Parna\u00edba Com 344.112 km2 de \u00e1rea (3,9% do territ\u00f3rio nacional), a Bacia do Parna\u00edba ocupa 99% do Piau\u00ed, 19% do Maranh\u00e3o e 10% do &hellip; <a href=\"http:\/\/nossacasa.net\/nossosriachos\/rios\/bacia-do-parnaiba\/\">Continue lendo <span class=\"meta-nav\">&rarr;<\/span><\/a><\/p>\n","protected":false},"author":1,"featured_media":74,"parent":0,"menu_order":0,"comment_status":"closed","ping_status":"closed","template":"","meta":{"footnotes":""},"class_list":["post-35","page","type-page","status-publish","has-post-thumbnail","hentry"],"_links":{"self":[{"href":"http:\/\/nossacasa.net\/nossosriachos\/rios\/wp-json\/wp\/v2\/pages\/35","targetHints":{"allow":["GET"]}}],"collection":[{"href":"http:\/\/nossacasa.net\/nossosriachos\/rios\/wp-json\/wp\/v2\/pages"}],"about":[{"href":"http:\/\/nossacasa.net\/nossosriachos\/rios\/wp-json\/wp\/v2\/types\/page"}],"author":[{"embeddable":true,"href":"http:\/\/nossacasa.net\/nossosriachos\/rios\/wp-json\/wp\/v2\/users\/1"}],"replies":[{"embeddable":true,"href":"http:\/\/nossacasa.net\/nossosriachos\/rios\/wp-json\/wp\/v2\/comments?post=35"}],"version-history":[{"count":4,"href":"http:\/\/nossacasa.net\/nossosriachos\/rios\/wp-json\/wp\/v2\/pages\/35\/revisions"}],"predecessor-version":[{"id":112,"href":"http:\/\/nossacasa.net\/nossosriachos\/rios\/wp-json\/wp\/v2\/pages\/35\/revisions\/112"}],"wp:featuredmedia":[{"embeddable":true,"href":"http:\/\/nossacasa.net\/nossosriachos\/rios\/wp-json\/wp\/v2\/media\/74"}],"wp:attachment":[{"href":"http:\/\/nossacasa.net\/nossosriachos\/rios\/wp-json\/wp\/v2\/media?parent=35"}],"curies":[{"name":"wp","href":"https:\/\/api.w.org\/{rel}","templated":true}]}}