{"id":353,"date":"2019-08-04T09:01:26","date_gmt":"2019-08-04T12:01:26","guid":{"rendered":"http:\/\/nossacasa.net\/nossosriachos\/rios\/?page_id=353"},"modified":"2019-09-06T14:25:33","modified_gmt":"2019-09-06T17:25:33","slug":"cyprinodontiformes","status":"publish","type":"page","link":"http:\/\/nossacasa.net\/nossosriachos\/rios\/cyprinodontiformes\/","title":{"rendered":"Cyprinodontiformes"},"content":{"rendered":"<div style=\"text-align: justify;\">\n<h1>Os Cyprinodontiformes Berg, 1940<\/h1>\n<p><img loading=\"lazy\" decoding=\"async\" src=\"http:\/\/nossacasa.net\/nossosriachos\/rios\/wp-content\/uploads\/sites\/8\/2019\/08\/Cyprinodontiformes.png\" alt=\"\" width=\"800\" height=\"276\" class=\"aligncenter size-full wp-image-354\" srcset=\"http:\/\/nossacasa.net\/nossosriachos\/rios\/wp-content\/uploads\/sites\/8\/2019\/08\/Cyprinodontiformes.png 800w, http:\/\/nossacasa.net\/nossosriachos\/rios\/wp-content\/uploads\/sites\/8\/2019\/08\/Cyprinodontiformes-300x104.png 300w, http:\/\/nossacasa.net\/nossosriachos\/rios\/wp-content\/uploads\/sites\/8\/2019\/08\/Cyprinodontiformes-768x265.png 768w, http:\/\/nossacasa.net\/nossosriachos\/rios\/wp-content\/uploads\/sites\/8\/2019\/08\/Cyprinodontiformes-500x173.png 500w\" sizes=\"auto, (max-width: 800px) 100vw, 800px\" \/><\/p>\n<p>Os peixes da ordem <strong>Cyprinodontiformes<\/strong> em geral possuem pequenas dimens\u00f5es, em geral com 50 mil\u00edmetros ou menos de comprimento padr\u00e3o. Incluem peixes muito comuns em aqu\u00e1rio ornamental, como o guppy, barrigudinho, espadinha e ainda os peixes anuais.<\/p>\n<p>Podem ocupar ambientes extremos, como \u00e1reas estuarinas, onde h\u00e1 mistura de \u00e1gua doce e salgada, ou ambientes tempor\u00e1rios, vivendo em alagados de \u00e1gua da chuva, que secam no inverno. Em geral vivem pr\u00f3ximos a superf\u00edcie, onde a elevada oxigena\u00e7\u00e3o da \u00e1gua pode compensar condi\u00e7\u00f5es ambientais n\u00e3o t\u00e3o favor\u00e1veis. Possuem a boca pequena e protr\u00e1til, capaz de se projetar para a frente, e pequenos dentes. O h\u00e1bito alimentar \u00e9 muitas vezes invert\u00edvoro, com ingest\u00e3o de insetos e pequenos invertebrados. Certas esp\u00e9cies foram utilizadas como larv\u00f3fagas, no combate a mosquitos. <\/p>\n<p>A viviparidade \u00e9 um modelo reprodutivo comum entre alguns destes peixes, que lhes rende o nome de barrigudinho, pois a f\u00eamea em gesta\u00e7\u00e3o possui o ventre bastante dilatado. <\/p>\n<p>A mata atl\u00e2ntica de tabuleiro \u00e9 habitada por duas distintas fam\u00edlias de peixes <strong>Cyprinidintiformes<\/strong>: <strong><a href=\"http:\/\/nossacasa.net\/nossosriachos\/rios\/rivulidae\/\">Rivulidade<\/a><\/strong> e <strong><a href=\"http:\/\/nossacasa.net\/nossosriachos\/rios\/poeciliidae\/\">Poeciliidae<\/a><\/strong>.<\/p>\n<p><strong><a href=\"http:\/\/nossacasa.net\/nossosriachos\/rios\/chave-de-cyprinodontiformes\/\">CHAVE DE CYPRINODONTIFORMES<\/a><\/strong><\/p>\n<\/div>\n","protected":false},"excerpt":{"rendered":"<p>Os Cyprinodontiformes Berg, 1940 Os peixes da ordem Cyprinodontiformes em geral possuem pequenas dimens\u00f5es, em geral com 50 mil\u00edmetros ou menos de comprimento padr\u00e3o. Incluem peixes muito comuns em aqu\u00e1rio ornamental, como o guppy, barrigudinho, espadinha e ainda os peixes &hellip; <a href=\"http:\/\/nossacasa.net\/nossosriachos\/rios\/cyprinodontiformes\/\">Continue lendo <span class=\"meta-nav\">&rarr;<\/span><\/a><\/p>\n","protected":false},"author":1,"featured_media":0,"parent":0,"menu_order":0,"comment_status":"closed","ping_status":"closed","template":"","meta":{"footnotes":""},"class_list":["post-353","page","type-page","status-publish","hentry"],"_links":{"self":[{"href":"http:\/\/nossacasa.net\/nossosriachos\/rios\/wp-json\/wp\/v2\/pages\/353","targetHints":{"allow":["GET"]}}],"collection":[{"href":"http:\/\/nossacasa.net\/nossosriachos\/rios\/wp-json\/wp\/v2\/pages"}],"about":[{"href":"http:\/\/nossacasa.net\/nossosriachos\/rios\/wp-json\/wp\/v2\/types\/page"}],"author":[{"embeddable":true,"href":"http:\/\/nossacasa.net\/nossosriachos\/rios\/wp-json\/wp\/v2\/users\/1"}],"replies":[{"embeddable":true,"href":"http:\/\/nossacasa.net\/nossosriachos\/rios\/wp-json\/wp\/v2\/comments?post=353"}],"version-history":[{"count":8,"href":"http:\/\/nossacasa.net\/nossosriachos\/rios\/wp-json\/wp\/v2\/pages\/353\/revisions"}],"predecessor-version":[{"id":1346,"href":"http:\/\/nossacasa.net\/nossosriachos\/rios\/wp-json\/wp\/v2\/pages\/353\/revisions\/1346"}],"wp:attachment":[{"href":"http:\/\/nossacasa.net\/nossosriachos\/rios\/wp-json\/wp\/v2\/media?parent=353"}],"curies":[{"name":"wp","href":"https:\/\/api.w.org\/{rel}","templated":true}]}}