{"id":3560,"date":"2021-09-20T14:30:44","date_gmt":"2021-09-20T17:30:44","guid":{"rendered":"http:\/\/nossacasa.net\/nossosriachos\/rios\/?page_id=3560"},"modified":"2021-09-20T14:30:44","modified_gmt":"2021-09-20T17:30:44","slug":"bacia-do-piraque-acu","status":"publish","type":"page","link":"http:\/\/nossacasa.net\/nossosriachos\/rios\/bacia-do-piraque-acu\/","title":{"rendered":"Bacia do Piraqu\u00ea-A\u00e7u"},"content":{"rendered":"<div style=\"text-align:justify\">\n<p><strong>Bacia do Piraqu\u00ea-A\u00e7u (08.05)<\/strong><br \/>\nDrenagem costeira formada pela Bacia do rio Piraqu\u00ea-A\u00e7u.<br \/>\n<strong>BREVE<\/strong><br \/>\n. <\/p>\n<\/div>\n","protected":false},"excerpt":{"rendered":"<p>Bacia do Piraqu\u00ea-A\u00e7u (08.05) Drenagem costeira formada pela Bacia do rio Piraqu\u00ea-A\u00e7u. BREVE .<\/p>\n","protected":false},"author":1,"featured_media":157,"parent":0,"menu_order":0,"comment_status":"closed","ping_status":"closed","template":"","meta":{"footnotes":""},"class_list":["post-3560","page","type-page","status-publish","has-post-thumbnail","hentry"],"_links":{"self":[{"href":"http:\/\/nossacasa.net\/nossosriachos\/rios\/wp-json\/wp\/v2\/pages\/3560","targetHints":{"allow":["GET"]}}],"collection":[{"href":"http:\/\/nossacasa.net\/nossosriachos\/rios\/wp-json\/wp\/v2\/pages"}],"about":[{"href":"http:\/\/nossacasa.net\/nossosriachos\/rios\/wp-json\/wp\/v2\/types\/page"}],"author":[{"embeddable":true,"href":"http:\/\/nossacasa.net\/nossosriachos\/rios\/wp-json\/wp\/v2\/users\/1"}],"replies":[{"embeddable":true,"href":"http:\/\/nossacasa.net\/nossosriachos\/rios\/wp-json\/wp\/v2\/comments?post=3560"}],"version-history":[{"count":1,"href":"http:\/\/nossacasa.net\/nossosriachos\/rios\/wp-json\/wp\/v2\/pages\/3560\/revisions"}],"predecessor-version":[{"id":3561,"href":"http:\/\/nossacasa.net\/nossosriachos\/rios\/wp-json\/wp\/v2\/pages\/3560\/revisions\/3561"}],"wp:featuredmedia":[{"embeddable":true,"href":"http:\/\/nossacasa.net\/nossosriachos\/rios\/wp-json\/wp\/v2\/media\/157"}],"wp:attachment":[{"href":"http:\/\/nossacasa.net\/nossosriachos\/rios\/wp-json\/wp\/v2\/media?parent=3560"}],"curies":[{"name":"wp","href":"https:\/\/api.w.org\/{rel}","templated":true}]}}