{"id":37,"date":"2018-02-13T13:54:25","date_gmt":"2018-02-13T15:54:25","guid":{"rendered":"http:\/\/nossacasa.net\/nossosriachos\/rios\/?page_id=37"},"modified":"2018-02-14T15:10:18","modified_gmt":"2018-02-14T17:10:18","slug":"bacia-do-sao-francisco","status":"publish","type":"page","link":"http:\/\/nossacasa.net\/nossosriachos\/rios\/bacia-do-sao-francisco\/","title":{"rendered":"Bacia do S\u00e3o Francisco"},"content":{"rendered":"<div style=\"text-align:justify\">\n<p><img loading=\"lazy\" decoding=\"async\" src=\"http:\/\/nossacasa.net\/nossosriachos\/rios\/wp-content\/uploads\/sites\/8\/2018\/02\/Regi\u00f5es_Hidrogr\u00e1ficas_do_Brasil_-_S\u00e3o_Francisco-300x296.png\" alt=\"\" width=\"300\" height=\"296\" class=\"aligncenter size-medium wp-image-75\" srcset=\"http:\/\/nossacasa.net\/nossosriachos\/rios\/wp-content\/uploads\/sites\/8\/2018\/02\/Regi\u00f5es_Hidrogr\u00e1ficas_do_Brasil_-_S\u00e3o_Francisco-300x296.png 300w, http:\/\/nossacasa.net\/nossosriachos\/rios\/wp-content\/uploads\/sites\/8\/2018\/02\/Regi\u00f5es_Hidrogr\u00e1ficas_do_Brasil_-_S\u00e3o_Francisco-304x300.png 304w, http:\/\/nossacasa.net\/nossosriachos\/rios\/wp-content\/uploads\/sites\/8\/2018\/02\/Regi\u00f5es_Hidrogr\u00e1ficas_do_Brasil_-_S\u00e3o_Francisco-50x50.png 50w, http:\/\/nossacasa.net\/nossosriachos\/rios\/wp-content\/uploads\/sites\/8\/2018\/02\/Regi\u00f5es_Hidrogr\u00e1ficas_do_Brasil_-_S\u00e3o_Francisco.png 589w\" sizes=\"auto, (max-width: 300px) 100vw, 300px\" \/><\/p>\n<p><strong>Regi\u00e3o Hidrogr\u00e1fica do S\u00e3o Francisco<\/strong><\/p>\n<p>A Regi\u00e3o Hidrogr\u00e1fica do S\u00e3o Francisco \u00e9 constitu\u00edda pela bacia hidrogr\u00e1fica do rio S\u00e3o Francisco.<\/p>\n<hr>\n<p>Conhecido como o rio da integra\u00e7\u00e3o nacional, o S\u00e3o Francisco tem sido cen\u00e1rio de fatos hist\u00f3ricos do pa\u00eds. Sua regi\u00e3o hidrogr\u00e1fica abrange sete Estados: Minas Gerais, Distrito Federal, Goi\u00e1s, Bahia, Pernambuco, Alagoas e Sergipe.<\/p>\n<p>Com cerca de 2.700 km de extens\u00e3o, o S\u00e3o Francisco nasce na Serra da Canastra (MG) e corre para o norte, seguindo at\u00e9 Pernambuco, onde muda o percurso para o Sudeste e desagua no Oceano Atl\u00e2ntico entre Alagoas e Sergipe. Ao todo s\u00e3o 168 afluentes, dos quais 99 constantes e 69 intermitentes.<\/p>\n<p>As hidrel\u00e9tricas da bacia do S\u00e3o Francisco s\u00e3o respons\u00e1veis por grande parte do abastecimento de energia da Regi\u00e3o Nordeste. S\u00e3o 33 usinas em opera\u00e7\u00e3o \u2013 nove no pr\u00f3prio rio S\u00e3o Francisco. Al\u00e9m disso, as barragens tamb\u00e9m s\u00e3o usadas para abastecimento, lazer e irriga\u00e7\u00e3o.\n<\/p><\/div>\n<p>Fonte: <a href=\"http:\/\/www.mma.gov.br\/sitio\/index.php?ido=conteudo.monta&#038;idEstrutura=161&#038;idConteudo=9513\" rel=\"noopener\" target=\"_blank\">Plano Nacional de Recursos H\u00eddricos<\/a><\/p>\n","protected":false},"excerpt":{"rendered":"<p>Regi\u00e3o Hidrogr\u00e1fica do S\u00e3o Francisco A Regi\u00e3o Hidrogr\u00e1fica do S\u00e3o Francisco \u00e9 constitu\u00edda pela bacia hidrogr\u00e1fica do rio S\u00e3o Francisco. Conhecido como o rio da integra\u00e7\u00e3o nacional, o S\u00e3o Francisco tem sido cen\u00e1rio de fatos hist\u00f3ricos do pa\u00eds. Sua regi\u00e3o &hellip; <a href=\"http:\/\/nossacasa.net\/nossosriachos\/rios\/bacia-do-sao-francisco\/\">Continue lendo <span class=\"meta-nav\">&rarr;<\/span><\/a><\/p>\n","protected":false},"author":1,"featured_media":75,"parent":0,"menu_order":0,"comment_status":"closed","ping_status":"closed","template":"","meta":{"footnotes":""},"class_list":["post-37","page","type-page","status-publish","has-post-thumbnail","hentry"],"_links":{"self":[{"href":"http:\/\/nossacasa.net\/nossosriachos\/rios\/wp-json\/wp\/v2\/pages\/37","targetHints":{"allow":["GET"]}}],"collection":[{"href":"http:\/\/nossacasa.net\/nossosriachos\/rios\/wp-json\/wp\/v2\/pages"}],"about":[{"href":"http:\/\/nossacasa.net\/nossosriachos\/rios\/wp-json\/wp\/v2\/types\/page"}],"author":[{"embeddable":true,"href":"http:\/\/nossacasa.net\/nossosriachos\/rios\/wp-json\/wp\/v2\/users\/1"}],"replies":[{"embeddable":true,"href":"http:\/\/nossacasa.net\/nossosriachos\/rios\/wp-json\/wp\/v2\/comments?post=37"}],"version-history":[{"count":4,"href":"http:\/\/nossacasa.net\/nossosriachos\/rios\/wp-json\/wp\/v2\/pages\/37\/revisions"}],"predecessor-version":[{"id":116,"href":"http:\/\/nossacasa.net\/nossosriachos\/rios\/wp-json\/wp\/v2\/pages\/37\/revisions\/116"}],"wp:featuredmedia":[{"embeddable":true,"href":"http:\/\/nossacasa.net\/nossosriachos\/rios\/wp-json\/wp\/v2\/media\/75"}],"wp:attachment":[{"href":"http:\/\/nossacasa.net\/nossosriachos\/rios\/wp-json\/wp\/v2\/media?parent=37"}],"curies":[{"name":"wp","href":"https:\/\/api.w.org\/{rel}","templated":true}]}}