{"id":3730,"date":"2021-12-09T17:28:31","date_gmt":"2021-12-09T20:28:31","guid":{"rendered":"http:\/\/nossacasa.net\/nossosriachos\/rios\/?page_id=3730"},"modified":"2021-12-10T20:20:07","modified_gmt":"2021-12-10T23:20:07","slug":"imagens-da-bacia-do-rio-caputera","status":"publish","type":"page","link":"http:\/\/nossacasa.net\/nossosriachos\/rios\/imagens-da-bacia-do-rio-caputera\/","title":{"rendered":"Bacia do rio Caputera"},"content":{"rendered":"<div style=\"text-align:justify\">\n<table>\n<tr>\n<td>Estrada do rio Caputera &#8211; Fim do asfalto e in\u00edcio da terra (-22,9462184906006 e -44,319580078125)<\/td>\n<\/tr>\n<tr>\n<td><img decoding=\"async\" src=\"http:\/\/nossacasa.net\/fotos\/microbaciasdeangra\/caputera\/20211130_095131.jpg\" alt=\"\" \/><\/td>\n<\/tr>\n<tr>\n<td>Estrada do rio Caputera &#8211; Fim do asfalto e in\u00edcio da terra (-22,9462184906006 e -44,319580078125)<\/td>\n<\/tr>\n<tr>\n<td><img decoding=\"async\" src=\"http:\/\/nossacasa.net\/fotos\/microbaciasdeangra\/caputera\/20211130_095138.jpg\" alt=\"\" \/><\/td>\n<\/tr>\n<tr>\n<td>Estrada do rio Caputera &#8211; Fim do asfalto e in\u00edcio da terra (-22,9462184906006 e -44,319580078125)<\/td>\n<\/tr>\n<tr>\n<td><img decoding=\"async\" src=\"http:\/\/nossacasa.net\/fotos\/microbaciasdeangra\/caputera\/20211130_095601.jpg\" alt=\"\" \/><\/td>\n<\/tr>\n<tr>\n<td>Estrada do rio Caputera &#8211; Capelinha no caminho<\/td>\n<\/tr>\n<tr>\n<td><img decoding=\"async\" src=\"http:\/\/nossacasa.net\/fotos\/microbaciasdeangra\/caputera\/20211130_095643.jpg\" alt=\"\" \/><\/td>\n<\/tr>\n<tr>\n<td>Estrada do rio Caputera &#8211; (-22,9417928494513 e -44,3110984191299)<\/td>\n<\/tr>\n<tr>\n<td><img decoding=\"async\" src=\"http:\/\/nossacasa.net\/fotos\/microbaciasdeangra\/caputera\/20211130_095930.jpg\" alt=\"\" \/><\/td>\n<\/tr>\n<tr>\n<td>Estrada do rio Caputera &#8211; (-22,9417928494513 e -44,3110984191299)<\/td>\n<\/tr>\n<tr>\n<td><img decoding=\"async\" src=\"http:\/\/nossacasa.net\/fotos\/microbaciasdeangra\/caputera\/20211130_100157.jpg\" alt=\"\" \/><\/td>\n<\/tr>\n<tr>\n<td>Estrada do rio Caputera &#8211; (-22,9417928494513 e -44,3110984191299)<\/td>\n<\/tr>\n<tr>\n<td><img decoding=\"async\" src=\"http:\/\/nossacasa.net\/fotos\/microbaciasdeangra\/caputera\/20211130_100202.jpg\" alt=\"\" \/><\/td>\n<\/tr>\n<tr>\n<td>Rio Caputera &#8211; Ponto 002 -(-22,9427270125598 e -44,3129469640553)<\/td>\n<\/tr>\n<tr>\n<td><img decoding=\"async\" src=\"http:\/\/nossacasa.net\/fotos\/microbaciasdeangra\/caputera\/20211130_101254.jpg\" alt=\"\" \/><\/td>\n<\/tr>\n<tr>\n<td>Rio Caputera Ponto 002 (-22,9427270125598 e -44,3129469640553)<\/td>\n<\/tr>\n<tr>\n<td><img decoding=\"async\" src=\"http:\/\/nossacasa.net\/fotos\/microbaciasdeangra\/caputera\/20211130_101301.jpg\" alt=\"\" \/><\/td>\n<\/tr>\n<tr>\n<td>Rio Caputera Ponto 002 (-22,9427270125598 e -44,3129469640553)<\/td>\n<\/tr>\n<tr>\n<td><figure class=\"wp-block-embed wp-block-embed-youtube is-type-video is-provider-youtube epyt-figure\"><div class=\"wp-block-embed__wrapper\"><iframe loading=\"lazy\"  id=\"_ytid_63821\"  width=\"584\" height=\"329\"  data-origwidth=\"584\" data-origheight=\"329\" src=\"https:\/\/www.youtube.com\/embed\/xfq9gax9AC8?enablejsapi=1&autoplay=0&cc_load_policy=0&cc_lang_pref=&iv_load_policy=1&loop=0&rel=1&fs=1&playsinline=0&autohide=2&theme=dark&color=red&controls=1&disablekb=0&\" class=\"__youtube_prefs__  no-lazyload\" title=\"YouTube player\"  allow=\"fullscreen; accelerometer; autoplay; clipboard-write; encrypted-media; gyroscope; picture-in-picture; web-share\" referrerpolicy=\"strict-origin-when-cross-origin\" allowfullscreen data-no-lazy=\"1\" data-skipgform_ajax_framebjll=\"\"><\/iframe><\/div><\/figure><\/td>\n<\/tr>\n<tr>\n<td>Rio Caputera &#8211; Ponto 003 (-22,9446694348008 e -44,3180042691529)<\/td>\n<\/tr>\n<tr>\n<td><img decoding=\"async\" src=\"http:\/\/nossacasa.net\/fotos\/microbaciasdeangra\/caputera\/20211130_101523.jpg\" alt=\"\" \/><\/td>\n<\/tr>\n<tr>\n<td>Rio Caputera &#8211; Ponto 003 (-22,9446694348008 e -44,3180042691529)<\/td>\n<\/tr>\n<tr>\n<td><img decoding=\"async\" src=\"http:\/\/nossacasa.net\/fotos\/microbaciasdeangra\/caputera\/20211130_102358.jpg\" alt=\"\" \/><\/td>\n<\/tr>\n<tr>\n<td>Rio Caputera &#8211; Ponto 003 (-22,9446694348008 e -44,3180042691529)<\/td>\n<\/tr>\n<tr>\n<td><img decoding=\"async\" src=\"http:\/\/nossacasa.net\/fotos\/microbaciasdeangra\/caputera\/20211130_102418.jpg\" alt=\"\" \/><\/td>\n<\/tr>\n<tr>\n<td>Rio Caputera &#8211; Ponto 003 (-22,9446694348008 e -44,3180042691529)<\/td>\n<\/tr>\n<tr>\n<td><figure class=\"wp-block-embed wp-block-embed-youtube is-type-video is-provider-youtube epyt-figure\"><div class=\"wp-block-embed__wrapper\"><iframe loading=\"lazy\"  id=\"_ytid_86410\"  width=\"584\" height=\"329\"  data-origwidth=\"584\" data-origheight=\"329\" src=\"https:\/\/www.youtube.com\/embed\/KjwL6O-7C54?enablejsapi=1&autoplay=0&cc_load_policy=0&cc_lang_pref=&iv_load_policy=1&loop=0&rel=1&fs=1&playsinline=0&autohide=2&theme=dark&color=red&controls=1&disablekb=0&\" class=\"__youtube_prefs__  no-lazyload\" title=\"YouTube player\"  allow=\"fullscreen; accelerometer; autoplay; clipboard-write; encrypted-media; gyroscope; picture-in-picture; web-share\" referrerpolicy=\"strict-origin-when-cross-origin\" allowfullscreen data-no-lazy=\"1\" data-skipgform_ajax_framebjll=\"\"><\/iframe><\/div><\/figure><\/td>\n<\/tr>\n<tr>\n<td>Rio Caputera &#8211; Ponto 003 (-22,9446694348008 e -44,3180042691529)<\/td>\n<\/tr>\n<tr>\n<td><figure class=\"wp-block-embed wp-block-embed-youtube is-type-video is-provider-youtube epyt-figure\"><div class=\"wp-block-embed__wrapper\"><iframe loading=\"lazy\"  id=\"_ytid_86904\"  width=\"584\" height=\"329\"  data-origwidth=\"584\" data-origheight=\"329\" src=\"https:\/\/www.youtube.com\/embed\/EQzo4LD-Lig?enablejsapi=1&autoplay=0&cc_load_policy=0&cc_lang_pref=&iv_load_policy=1&loop=0&rel=1&fs=1&playsinline=0&autohide=2&theme=dark&color=red&controls=1&disablekb=0&\" class=\"__youtube_prefs__  no-lazyload\" title=\"YouTube player\"  allow=\"fullscreen; accelerometer; autoplay; clipboard-write; encrypted-media; gyroscope; picture-in-picture; web-share\" referrerpolicy=\"strict-origin-when-cross-origin\" allowfullscreen data-no-lazy=\"1\" data-skipgform_ajax_framebjll=\"\"><\/iframe><\/div><\/figure><\/td>\n<\/tr>\n<tr>\n<td>Rio Caputera na ponte (Ponto 004) (-22,9479661211372 e -44,3217871058733)<\/td>\n<\/tr>\n<tr>\n<td><img decoding=\"async\" src=\"http:\/\/nossacasa.net\/fotos\/microbaciasdeangra\/caputera\/20211130_103338.jpg\" alt=\"\" \/><\/td>\n<\/tr>\n<tr>\n<td>Rio Caputera na ponte (Ponto 004) (-22,9479661211372 e -44,3217871058733)<\/td>\n<\/tr>\n<tr>\n<td><img decoding=\"async\" src=\"http:\/\/nossacasa.net\/fotos\/microbaciasdeangra\/caputera\/20211130_103347.jpg\" alt=\"\" \/><\/td>\n<\/tr>\n<tr>\n<td>Rio Caputera na ponte (Ponto 004) (-22,9479661211372 e -44,3217871058733)<\/td>\n<\/tr>\n<tr>\n<td><img decoding=\"async\" src=\"http:\/\/nossacasa.net\/fotos\/microbaciasdeangra\/caputera\/20211130_103354.jpg\" alt=\"\" \/><\/td>\n<\/tr>\n<tr>\n<td>Rio Caputera na ponte (Ponto 004) (-22,9479661211372 e -44,3217871058733)<\/td>\n<\/tr>\n<tr>\n<td><img decoding=\"async\" src=\"http:\/\/nossacasa.net\/fotos\/microbaciasdeangra\/caputera\/20211130_103405.jpg\" alt=\"\" \/><\/td>\n<\/tr>\n<tr>\n<td>Rio Caputera na ponte (Ponto 004) (-22,9479661211372 e -44,3217871058733)<\/td>\n<\/tr>\n<tr>\n<td><figure class=\"wp-block-embed wp-block-embed-youtube is-type-video is-provider-youtube epyt-figure\"><div class=\"wp-block-embed__wrapper\"><iframe loading=\"lazy\"  id=\"_ytid_17364\"  width=\"584\" height=\"329\"  data-origwidth=\"584\" data-origheight=\"329\" src=\"https:\/\/www.youtube.com\/embed\/0u_y6MDaKT0?enablejsapi=1&autoplay=0&cc_load_policy=0&cc_lang_pref=&iv_load_policy=1&loop=0&rel=1&fs=1&playsinline=0&autohide=2&theme=dark&color=red&controls=1&disablekb=0&\" class=\"__youtube_prefs__  no-lazyload\" title=\"YouTube player\"  allow=\"fullscreen; accelerometer; autoplay; clipboard-write; encrypted-media; gyroscope; picture-in-picture; web-share\" referrerpolicy=\"strict-origin-when-cross-origin\" allowfullscreen data-no-lazy=\"1\" data-skipgform_ajax_framebjll=\"\"><\/iframe><\/div><\/figure><\/td>\n<\/tr>\n<tr>\n<td>Localidade de Pontal pr\u00f3ximo ao Ponto 004<\/td>\n<\/tr>\n<tr>\n<td><img decoding=\"async\" src=\"http:\/\/nossacasa.net\/fotos\/microbaciasdeangra\/caputera\/20211130_103544.jpg\" alt=\"\" \/><\/td>\n<\/tr>\n<tr>\n<td>Localidade de Pontal pr\u00f3ximo ao Ponto 004<\/td>\n<\/tr>\n<tr>\n<td><img decoding=\"async\" src=\"http:\/\/nossacasa.net\/fotos\/microbaciasdeangra\/caputera\/20211130_103609.jpg\" alt=\"\" \/><\/td>\n<\/tr>\n<tr>\n<td>Rio Caputera sob a ponte  Ponto 005 (-22,9492110013962 e -44,3246348574758)<\/td>\n<\/tr>\n<tr>\n<td><img decoding=\"async\" src=\"http:\/\/nossacasa.net\/fotos\/microbaciasdeangra\/caputera\/20211130_104447.jpg\" alt=\"\" \/><\/td>\n<\/tr>\n<tr>\n<td>Rio Caputera sob a ponte  Ponto 005 (-22,9492110013962 e -44,3246348574758)<\/td>\n<\/tr>\n<tr>\n<td><img decoding=\"async\" src=\"http:\/\/nossacasa.net\/fotos\/microbaciasdeangra\/caputera\/20211130_104503.jpg\" alt=\"\" \/><\/td>\n<\/tr>\n<tr>\n<td>Rio Caputera sob a ponte  Ponto 005 (-22,9492110013962 e -44,3246348574758)<\/td>\n<\/tr>\n<tr>\n<td><figure class=\"wp-block-embed wp-block-embed-youtube is-type-video is-provider-youtube epyt-figure\"><div class=\"wp-block-embed__wrapper\"><iframe loading=\"lazy\"  id=\"_ytid_63908\"  width=\"584\" height=\"329\"  data-origwidth=\"584\" data-origheight=\"329\" src=\"https:\/\/www.youtube.com\/embed\/U6ljJOdtoBg?enablejsapi=1&autoplay=0&cc_load_policy=0&cc_lang_pref=&iv_load_policy=1&loop=0&rel=1&fs=1&playsinline=0&autohide=2&theme=dark&color=red&controls=1&disablekb=0&\" class=\"__youtube_prefs__  no-lazyload\" title=\"YouTube player\"  allow=\"fullscreen; accelerometer; autoplay; clipboard-write; encrypted-media; gyroscope; picture-in-picture; web-share\" referrerpolicy=\"strict-origin-when-cross-origin\" allowfullscreen data-no-lazy=\"1\" data-skipgform_ajax_framebjll=\"\"><\/iframe><\/div><\/figure><\/td>\n<\/tr>\n<tr>\n<td>Rio Caputera sob a ponte BR-101 Ponto 7 (-22,9487545199481 e -44,3281335409107)<\/td>\n<\/tr>\n<tr>\n<td><img decoding=\"async\" src=\"http:\/\/nossacasa.net\/fotos\/microbaciasdeangra\/caputera\/20210720 (58).jpg\" alt=\"\" \/><\/td>\n<\/tr>\n<tr>\n<td>Rio Caputera sob a ponte BR-101 Ponto 7 (-22,9487545199481 e -44,3281335409107)<\/td>\n<\/tr>\n<tr>\n<td><img decoding=\"async\" src=\"http:\/\/nossacasa.net\/fotos\/microbaciasdeangra\/caputera\/20210720 (59).jpg\" alt=\"\" \/><\/td>\n<\/tr>\n<tr>\n<td>Rio Caputera &#8211; Ponto 010 (-22,9475181084126 e -44,3299908936024)<\/td>\n<\/tr>\n<tr>\n<td><img decoding=\"async\" src=\"http:\/\/nossacasa.net\/fotos\/microbaciasdeangra\/caputera\/20211130_120922.jpg\" alt=\"\" \/><\/td>\n<\/tr>\n<tr>\n<td>Rio Caputera &#8211; Ponto 010 (-22,9475181084126 e -44,3299908936024)<\/td>\n<\/tr>\n<tr>\n<td><img decoding=\"async\" src=\"http:\/\/nossacasa.net\/fotos\/microbaciasdeangra\/caputera\/20211130_120950.jpg\" alt=\"\" \/><\/td>\n<\/tr>\n<tr>\n<td>Rio Caputera &#8211; Ponto 010 (-22,9475181084126 e -44,3299908936024)<\/td>\n<\/tr>\n<tr>\n<td><img decoding=\"async\" src=\"http:\/\/nossacasa.net\/fotos\/microbaciasdeangra\/caputera\/20211130_121008.jpg\" alt=\"\" \/><\/td>\n<\/tr>\n<tr>\n<td>Rio Caputera &#8211; Ponto 010 (-22,9475181084126 e -44,3299908936024)<\/td>\n<\/tr>\n<tr>\n<td><figure class=\"wp-block-embed wp-block-embed-youtube is-type-video is-provider-youtube epyt-figure\"><div class=\"wp-block-embed__wrapper\"><iframe loading=\"lazy\"  id=\"_ytid_18231\"  width=\"584\" height=\"329\"  data-origwidth=\"584\" data-origheight=\"329\" src=\"https:\/\/www.youtube.com\/embed\/4gW0WanUOu0?enablejsapi=1&autoplay=0&cc_load_policy=0&cc_lang_pref=&iv_load_policy=1&loop=0&rel=1&fs=1&playsinline=0&autohide=2&theme=dark&color=red&controls=1&disablekb=0&\" class=\"__youtube_prefs__  no-lazyload\" title=\"YouTube player\"  allow=\"fullscreen; accelerometer; autoplay; clipboard-write; encrypted-media; gyroscope; picture-in-picture; web-share\" referrerpolicy=\"strict-origin-when-cross-origin\" allowfullscreen data-no-lazy=\"1\" data-skipgform_ajax_framebjll=\"\"><\/iframe><\/div><\/figure><\/td>\n<\/tr>\n<\/table>\n<\/div>\n","protected":false},"excerpt":{"rendered":"<p>Estrada do rio Caputera &#8211; Fim do asfalto e in\u00edcio da terra (-22,9462184906006 e -44,319580078125) Estrada do rio Caputera &#8211; Fim do asfalto e in\u00edcio da terra (-22,9462184906006 e -44,319580078125) Estrada do rio Caputera &#8211; Fim do asfalto e in\u00edcio &hellip; <a href=\"http:\/\/nossacasa.net\/nossosriachos\/rios\/imagens-da-bacia-do-rio-caputera\/\">Continue lendo <span class=\"meta-nav\">&rarr;<\/span><\/a><\/p>\n","protected":false},"author":1,"featured_media":0,"parent":0,"menu_order":0,"comment_status":"closed","ping_status":"closed","template":"","meta":{"footnotes":""},"class_list":["post-3730","page","type-page","status-publish","hentry"],"_links":{"self":[{"href":"http:\/\/nossacasa.net\/nossosriachos\/rios\/wp-json\/wp\/v2\/pages\/3730","targetHints":{"allow":["GET"]}}],"collection":[{"href":"http:\/\/nossacasa.net\/nossosriachos\/rios\/wp-json\/wp\/v2\/pages"}],"about":[{"href":"http:\/\/nossacasa.net\/nossosriachos\/rios\/wp-json\/wp\/v2\/types\/page"}],"author":[{"embeddable":true,"href":"http:\/\/nossacasa.net\/nossosriachos\/rios\/wp-json\/wp\/v2\/users\/1"}],"replies":[{"embeddable":true,"href":"http:\/\/nossacasa.net\/nossosriachos\/rios\/wp-json\/wp\/v2\/comments?post=3730"}],"version-history":[{"count":23,"href":"http:\/\/nossacasa.net\/nossosriachos\/rios\/wp-json\/wp\/v2\/pages\/3730\/revisions"}],"predecessor-version":[{"id":3777,"href":"http:\/\/nossacasa.net\/nossosriachos\/rios\/wp-json\/wp\/v2\/pages\/3730\/revisions\/3777"}],"wp:attachment":[{"href":"http:\/\/nossacasa.net\/nossosriachos\/rios\/wp-json\/wp\/v2\/media?parent=3730"}],"curies":[{"name":"wp","href":"https:\/\/api.w.org\/{rel}","templated":true}]}}