{"id":39,"date":"2018-02-13T13:55:49","date_gmt":"2018-02-13T15:55:49","guid":{"rendered":"http:\/\/nossacasa.net\/nossosriachos\/rios\/?page_id=39"},"modified":"2019-10-06T15:17:43","modified_gmt":"2019-10-06T18:17:43","slug":"bacia-do-atlantico-leste","status":"publish","type":"page","link":"http:\/\/nossacasa.net\/nossosriachos\/rios\/bacia-do-atlantico-leste\/","title":{"rendered":"Bacia do Atl\u00e2ntico Leste"},"content":{"rendered":"<div style=\"text-align:justify\">\n<p><img loading=\"lazy\" decoding=\"async\" src=\"http:\/\/nossacasa.net\/nossosriachos\/rios\/wp-content\/uploads\/sites\/8\/2018\/02\/atlantico_leste-300x296.jpg\" alt=\"\" width=\"300\" height=\"296\" class=\"aligncenter size-medium wp-image-68\" srcset=\"http:\/\/nossacasa.net\/nossosriachos\/rios\/wp-content\/uploads\/sites\/8\/2018\/02\/atlantico_leste-300x296.jpg 300w, http:\/\/nossacasa.net\/nossosriachos\/rios\/wp-content\/uploads\/sites\/8\/2018\/02\/atlantico_leste-304x300.jpg 304w, http:\/\/nossacasa.net\/nossosriachos\/rios\/wp-content\/uploads\/sites\/8\/2018\/02\/atlantico_leste-50x50.jpg 50w, http:\/\/nossacasa.net\/nossosriachos\/rios\/wp-content\/uploads\/sites\/8\/2018\/02\/atlantico_leste.jpg 310w\" sizes=\"auto, (max-width: 300px) 100vw, 300px\" \/><\/p>\n<p><strong>Regi\u00e3o Hidrogr\u00e1fica Atl\u00e2ntico Leste<\/strong><\/p>\n<p>A Regi\u00e3o Hidrogr\u00e1fica Atl\u00e2ntico Leste \u00e9 constitu\u00edda pelas bacias hidrogr\u00e1ficas de rios que des\u00e1guam no Atl\u00e2ntico &#8211; trecho Leste, estando limitada ao norte e a oeste pela regi\u00e3o hidrogr\u00e1fica do S\u00e3o Francisco e ao sul pelas bacias hidrogr\u00e1ficas dos rios Jequitinhonha, Mucuri e S\u00e3o Mateus, inclusive <\/p>\n<hr \/>\n<p>Com uma \u00e1rea que corresponde a 8% do pa\u00eds (374.677 km\u00b2), a regi\u00e3o hidrogr\u00e1fica do Atl\u00e2ntico Leste inclui parte dos Estados de Sergipe, Bahia, Minas Gerais e Esp\u00edrito Santo. Atinge 526 cidades, alguns grandes n\u00facleos urbanos e um parque industrial.<\/p>\n<p>Entre seus principais rios est\u00e3o o Paragua\u00e7u, Contas, Salinas, Pardo, Jequitinhonha e Mucuri. Al\u00e9m disso, nas bacias costeiras, entre Sergipe e Esp\u00edrito Santo, tamb\u00e9m existe uma grande diversidade de rios, c\u00f3rregos e riachos.\n<\/p><\/div>\n<p>Fonte: <a href=\"http:\/\/www.mma.gov.br\/sitio\/index.php?ido=conteudo.monta&#038;idEstrutura=161&#038;idConteudo=9513\" rel=\"noopener noreferrer\" target=\"_blank\">Plano Nacional de Recursos H\u00eddricos<\/a><\/p>\n","protected":false},"excerpt":{"rendered":"<p>Regi\u00e3o Hidrogr\u00e1fica Atl\u00e2ntico Leste A Regi\u00e3o Hidrogr\u00e1fica Atl\u00e2ntico Leste \u00e9 constitu\u00edda pelas bacias hidrogr\u00e1ficas de rios que des\u00e1guam no Atl\u00e2ntico &#8211; trecho Leste, estando limitada ao norte e a oeste pela regi\u00e3o hidrogr\u00e1fica do S\u00e3o Francisco e ao sul pelas &hellip; <a href=\"http:\/\/nossacasa.net\/nossosriachos\/rios\/bacia-do-atlantico-leste\/\">Continue lendo <span class=\"meta-nav\">&rarr;<\/span><\/a><\/p>\n","protected":false},"author":1,"featured_media":68,"parent":0,"menu_order":0,"comment_status":"closed","ping_status":"closed","template":"","meta":{"footnotes":""},"class_list":["post-39","page","type-page","status-publish","has-post-thumbnail","hentry"],"_links":{"self":[{"href":"http:\/\/nossacasa.net\/nossosriachos\/rios\/wp-json\/wp\/v2\/pages\/39","targetHints":{"allow":["GET"]}}],"collection":[{"href":"http:\/\/nossacasa.net\/nossosriachos\/rios\/wp-json\/wp\/v2\/pages"}],"about":[{"href":"http:\/\/nossacasa.net\/nossosriachos\/rios\/wp-json\/wp\/v2\/types\/page"}],"author":[{"embeddable":true,"href":"http:\/\/nossacasa.net\/nossosriachos\/rios\/wp-json\/wp\/v2\/users\/1"}],"replies":[{"embeddable":true,"href":"http:\/\/nossacasa.net\/nossosriachos\/rios\/wp-json\/wp\/v2\/comments?post=39"}],"version-history":[{"count":6,"href":"http:\/\/nossacasa.net\/nossosriachos\/rios\/wp-json\/wp\/v2\/pages\/39\/revisions"}],"predecessor-version":[{"id":3218,"href":"http:\/\/nossacasa.net\/nossosriachos\/rios\/wp-json\/wp\/v2\/pages\/39\/revisions\/3218"}],"wp:featuredmedia":[{"embeddable":true,"href":"http:\/\/nossacasa.net\/nossosriachos\/rios\/wp-json\/wp\/v2\/media\/68"}],"wp:attachment":[{"href":"http:\/\/nossacasa.net\/nossosriachos\/rios\/wp-json\/wp\/v2\/media?parent=39"}],"curies":[{"name":"wp","href":"https:\/\/api.w.org\/{rel}","templated":true}]}}