{"id":41,"date":"2018-02-13T13:56:47","date_gmt":"2018-02-13T15:56:47","guid":{"rendered":"http:\/\/nossacasa.net\/nossosriachos\/rios\/?page_id=41"},"modified":"2018-02-14T15:14:31","modified_gmt":"2018-02-14T17:14:31","slug":"bacia-do-atlantico-sudeste","status":"publish","type":"page","link":"http:\/\/nossacasa.net\/nossosriachos\/rios\/bacia-do-atlantico-sudeste\/","title":{"rendered":"Bacia do Atl\u00e2ntico Sudeste"},"content":{"rendered":"<div style=\"text-align:justify\">\n<p><img loading=\"lazy\" decoding=\"async\" src=\"http:\/\/nossacasa.net\/nossosriachos\/rios\/wp-content\/uploads\/sites\/8\/2018\/02\/atlantico_sudeste-300x296.jpg\" alt=\"\" width=\"300\" height=\"296\" class=\"aligncenter size-medium wp-image-82\" srcset=\"http:\/\/nossacasa.net\/nossosriachos\/rios\/wp-content\/uploads\/sites\/8\/2018\/02\/atlantico_sudeste-300x296.jpg 300w, http:\/\/nossacasa.net\/nossosriachos\/rios\/wp-content\/uploads\/sites\/8\/2018\/02\/atlantico_sudeste-50x50.jpg 50w, http:\/\/nossacasa.net\/nossosriachos\/rios\/wp-content\/uploads\/sites\/8\/2018\/02\/atlantico_sudeste.jpg 301w\" sizes=\"auto, (max-width: 300px) 100vw, 300px\" \/><\/p>\n<p><strong>Regi\u00e3o Hidrogr\u00e1fica Atl\u00e2ntico Sudeste<\/strong><\/p>\n<p>A Regi\u00e3o Hidrogr\u00e1fica Atl\u00e2ntico Sudeste \u00e9 constitu\u00edda pelas bacias hidrogr\u00e1ficas de rios que des\u00e1guam no Atl\u00e2ntico &#8211; trecho Sudeste, estando limitada ao norte pela bacia hidrogr\u00e1fica do rio Doce, inclusive, a oeste pelas regi\u00f5es hidrogr\u00e1ficas do S\u00e3o Francisco e do Paran\u00e1 e ao sul pela bacia hidrogr\u00e1fica do rio Ribeira, inclusive.<\/p>\n<hr>\n<p>Regi\u00e3o mais populosa do pa\u00eds, o Sudeste tamb\u00e9m possui o maior p\u00f3lo econ\u00f4mico e industrial do Brasil. Por isso, a regi\u00e3o hidrogr\u00e1fica do atl\u00e2ntico sudeste \u2013 distribu\u00edda pelos Estados do Estados do Esp\u00edrito Santo, Minas Gerais, Rio de Janeiro, S\u00e3o Paulo e o litoral do Paran\u00e1 &#8211; possui grande import\u00e2ncia no cen\u00e1rio econ\u00f4mico nacional.<\/p>\n<p>Com uma \u00e1rea de 229.972 km2, equivalente a 2,7% do territ\u00f3rio brasileiro, seus principais rios s\u00e3o o Para\u00edba do Sul e Doce, com respectivamente 1.150 e 853 km. Al\u00e9m desses, v\u00e1rios outros rios de menor porte formam as seguintes bacias: S\u00e3o Mateus, Santa Maria, Reis Magos, Benevente, Itabapoana, Itapemirim, Jacu, Ribeira e litorais do Rio de Janeiro e de S\u00e3o Paulo.<\/p>\n<p>Por ser a mais populosa e industrializada, a regi\u00e3o tem uma grande demanda de \u00e1gua (10% do total nacional), sendo 41% para a \u00e1rea urbana e 15% para a \u00e1rea industrial.\n<\/p><\/div>\n<p>Fonte: <a href=\"http:\/\/www.mma.gov.br\/sitio\/index.php?ido=conteudo.monta&#038;idEstrutura=161&#038;idConteudo=9513\" rel=\"noopener\" target=\"_blank\">Plano Nacional de Recursos H\u00eddricos<\/a><\/p>\n","protected":false},"excerpt":{"rendered":"<p>Regi\u00e3o Hidrogr\u00e1fica Atl\u00e2ntico Sudeste A Regi\u00e3o Hidrogr\u00e1fica Atl\u00e2ntico Sudeste \u00e9 constitu\u00edda pelas bacias hidrogr\u00e1ficas de rios que des\u00e1guam no Atl\u00e2ntico &#8211; trecho Sudeste, estando limitada ao norte pela bacia hidrogr\u00e1fica do rio Doce, inclusive, a oeste pelas regi\u00f5es hidrogr\u00e1ficas do &hellip; <a href=\"http:\/\/nossacasa.net\/nossosriachos\/rios\/bacia-do-atlantico-sudeste\/\">Continue lendo <span class=\"meta-nav\">&rarr;<\/span><\/a><\/p>\n","protected":false},"author":1,"featured_media":82,"parent":0,"menu_order":0,"comment_status":"closed","ping_status":"closed","template":"","meta":{"footnotes":""},"class_list":["post-41","page","type-page","status-publish","has-post-thumbnail","hentry"],"_links":{"self":[{"href":"http:\/\/nossacasa.net\/nossosriachos\/rios\/wp-json\/wp\/v2\/pages\/41","targetHints":{"allow":["GET"]}}],"collection":[{"href":"http:\/\/nossacasa.net\/nossosriachos\/rios\/wp-json\/wp\/v2\/pages"}],"about":[{"href":"http:\/\/nossacasa.net\/nossosriachos\/rios\/wp-json\/wp\/v2\/types\/page"}],"author":[{"embeddable":true,"href":"http:\/\/nossacasa.net\/nossosriachos\/rios\/wp-json\/wp\/v2\/users\/1"}],"replies":[{"embeddable":true,"href":"http:\/\/nossacasa.net\/nossosriachos\/rios\/wp-json\/wp\/v2\/comments?post=41"}],"version-history":[{"count":6,"href":"http:\/\/nossacasa.net\/nossosriachos\/rios\/wp-json\/wp\/v2\/pages\/41\/revisions"}],"predecessor-version":[{"id":121,"href":"http:\/\/nossacasa.net\/nossosriachos\/rios\/wp-json\/wp\/v2\/pages\/41\/revisions\/121"}],"wp:featuredmedia":[{"embeddable":true,"href":"http:\/\/nossacasa.net\/nossosriachos\/rios\/wp-json\/wp\/v2\/media\/82"}],"wp:attachment":[{"href":"http:\/\/nossacasa.net\/nossosriachos\/rios\/wp-json\/wp\/v2\/media?parent=41"}],"curies":[{"name":"wp","href":"https:\/\/api.w.org\/{rel}","templated":true}]}}