{"id":425,"date":"2019-08-04T15:03:05","date_gmt":"2019-08-04T18:03:05","guid":{"rendered":"http:\/\/nossacasa.net\/nossosriachos\/rios\/?page_id=425"},"modified":"2019-09-06T18:30:05","modified_gmt":"2019-09-06T21:30:05","slug":"perciformes","status":"publish","type":"page","link":"http:\/\/nossacasa.net\/nossosriachos\/rios\/perciformes\/","title":{"rendered":"Perciformes"},"content":{"rendered":"<div style=\"text-align: justify;\">\n<h1>Os Perciformes Bleeker, 1863<\/h1>\n<p><img loading=\"lazy\" decoding=\"async\" src=\"http:\/\/nossacasa.net\/nossosriachos\/rios\/wp-content\/uploads\/sites\/8\/2019\/08\/Perciformes.png\" alt=\"\" width=\"800\" height=\"309\" class=\"aligncenter size-full wp-image-584\" srcset=\"http:\/\/nossacasa.net\/nossosriachos\/rios\/wp-content\/uploads\/sites\/8\/2019\/08\/Perciformes.png 800w, http:\/\/nossacasa.net\/nossosriachos\/rios\/wp-content\/uploads\/sites\/8\/2019\/08\/Perciformes-300x116.png 300w, http:\/\/nossacasa.net\/nossosriachos\/rios\/wp-content\/uploads\/sites\/8\/2019\/08\/Perciformes-768x297.png 768w, http:\/\/nossacasa.net\/nossosriachos\/rios\/wp-content\/uploads\/sites\/8\/2019\/08\/Perciformes-500x193.png 500w\" sizes=\"auto, (max-width: 800px) 100vw, 800px\" \/><\/p>\n<p>As caracter\u00edsticas gerais que permitem o reconhecimento de peixes Perciformes s\u00e3o ilustradas acima.<\/p>\n<p>Os peixes da ordem <strong>Perciformes<\/strong> formam um grupo com problemas taxon\u00f4micos na aloca\u00e7\u00e3o de seus integrantes. A ordem engloba mais de 10.000 esp\u00e9cies distribu\u00eddas em 62 fam\u00edlias (Eschmeyer &#038; Fong, 2019), habitando especialmente ambiente marinho, com algumas formas em estu\u00e1rios e \u00e1gua doce, como a perca austral, que adentra os rios na Patag\u00f4nia Argentina e Chilena. <\/p>\n<p>\u00c9 de longe o mais especioso grupo de vertebrados, contendo perto da metade de todos os peixes \u00f3sseos viventes. S\u00e3o Perciformes os robalos, que adentram os estu\u00e1rios e rios, e ainda uma grande variedade de peixes marinhos que ocorrem no litoral da Am\u00e9rica do Sul, como as comercialmente valorizadas garoupas (<strong>Serranidae<\/strong>), dent\u00f5es (<strong>Lutjanidae<\/strong>) e ainda as carapebas (<strong>Gerreidae<\/strong>), que beliscam nossos p\u00e9s nas praias de ba\u00eda. Os Perciformes ocorrem nas regi\u00f5es tropicais, subtropicais e temperadas do planeta.<\/p>\n<p>Nos \u00faltimos anos algumas fam\u00edlias de Perciformes foram removidas da ordem, e alocadas em outros grupos, como aconteceu com o grupo das pescadas (fam\u00edlia <strong>Sciaenidae<\/strong>) por exemplo. Enquanto os estudos taxon\u00f4micos para resolver este diversificado grupo procedem, adotamos a proposi\u00e7\u00e3o de integrantes nesta ordem conforme Nelson et al., 2016. <\/p>\n<p>Os <strong>Perciformes<\/strong> incluem muitas esp\u00e9cies que formam cardumes numerosos, vivendo ativamente a meia \u00e1gua e profundidade.<\/p>\n<p>Todos os Perciformes da costa brasileira est\u00e3o agrupados na sub-ordem Percoidei. A outra sub-ordem, Notothenioidei, inclui peixes de \u00e1guas frias, que vivem na Am\u00e9rica do Sul apenas na regi\u00e3o austral e ainda na Ant\u00e1rtida.<\/p>\n<p>Os <strong>Perciformes<\/strong> na Mata Atl\u00e2ntica de tabuleiros est\u00e3o limitados a fam\u00edlia <strong>Centropomidae<\/strong>, cujos filhotes se criam em \u00e1guas estuarinas<\/p>\n<hr>\n<p><strong><a href=\"http:\/\/nossacasa.net\/nossosriachos\/rios\/chave-de-perciformes\/\">CHAVE DE PERCIFORMES<\/a><\/strong><\/p>\n<hr>\n<\/div>\n","protected":false},"excerpt":{"rendered":"<p>Os Perciformes Bleeker, 1863 As caracter\u00edsticas gerais que permitem o reconhecimento de peixes Perciformes s\u00e3o ilustradas acima. Os peixes da ordem Perciformes formam um grupo com problemas taxon\u00f4micos na aloca\u00e7\u00e3o de seus integrantes. A ordem engloba mais de 10.000 esp\u00e9cies &hellip; <a href=\"http:\/\/nossacasa.net\/nossosriachos\/rios\/perciformes\/\">Continue lendo <span class=\"meta-nav\">&rarr;<\/span><\/a><\/p>\n","protected":false},"author":1,"featured_media":0,"parent":0,"menu_order":0,"comment_status":"closed","ping_status":"closed","template":"","meta":{"footnotes":""},"class_list":["post-425","page","type-page","status-publish","hentry"],"_links":{"self":[{"href":"http:\/\/nossacasa.net\/nossosriachos\/rios\/wp-json\/wp\/v2\/pages\/425","targetHints":{"allow":["GET"]}}],"collection":[{"href":"http:\/\/nossacasa.net\/nossosriachos\/rios\/wp-json\/wp\/v2\/pages"}],"about":[{"href":"http:\/\/nossacasa.net\/nossosriachos\/rios\/wp-json\/wp\/v2\/types\/page"}],"author":[{"embeddable":true,"href":"http:\/\/nossacasa.net\/nossosriachos\/rios\/wp-json\/wp\/v2\/users\/1"}],"replies":[{"embeddable":true,"href":"http:\/\/nossacasa.net\/nossosriachos\/rios\/wp-json\/wp\/v2\/comments?post=425"}],"version-history":[{"count":6,"href":"http:\/\/nossacasa.net\/nossosriachos\/rios\/wp-json\/wp\/v2\/pages\/425\/revisions"}],"predecessor-version":[{"id":1403,"href":"http:\/\/nossacasa.net\/nossosriachos\/rios\/wp-json\/wp\/v2\/pages\/425\/revisions\/1403"}],"wp:attachment":[{"href":"http:\/\/nossacasa.net\/nossosriachos\/rios\/wp-json\/wp\/v2\/media?parent=425"}],"curies":[{"name":"wp","href":"https:\/\/api.w.org\/{rel}","templated":true}]}}