{"id":43,"date":"2018-02-13T13:57:47","date_gmt":"2018-02-13T15:57:47","guid":{"rendered":"http:\/\/nossacasa.net\/nossosriachos\/rios\/?page_id=43"},"modified":"2018-02-14T15:21:25","modified_gmt":"2018-02-14T17:21:25","slug":"bacia-do-atlantico-sul","status":"publish","type":"page","link":"http:\/\/nossacasa.net\/nossosriachos\/rios\/bacia-do-atlantico-sul\/","title":{"rendered":"Bacia do Atl\u00e2ntico Sul"},"content":{"rendered":"<div style=\"text-align:justify\">\n<p><img loading=\"lazy\" decoding=\"async\" src=\"http:\/\/nossacasa.net\/nossosriachos\/rios\/wp-content\/uploads\/sites\/8\/2018\/02\/atlantico_sul.jpg\" alt=\"\" width=\"226\" height=\"223\" class=\"aligncenter size-full wp-image-71\" srcset=\"http:\/\/nossacasa.net\/nossosriachos\/rios\/wp-content\/uploads\/sites\/8\/2018\/02\/atlantico_sul.jpg 226w, http:\/\/nossacasa.net\/nossosriachos\/rios\/wp-content\/uploads\/sites\/8\/2018\/02\/atlantico_sul-50x50.jpg 50w\" sizes=\"auto, (max-width: 226px) 100vw, 226px\" \/><\/p>\n<p><strong>Regi\u00e3o Hidrogr\u00e1fica Atl\u00e2ntico Sul<\/strong><\/p>\n<p>A Regi\u00e3o Hidrogr\u00e1fica Atl\u00e2ntico Sul \u00e9 constitu\u00edda pelas bacias hidrogr\u00e1ficas dos rios que des\u00e1guam no Atl\u00e2ntico &#8211; trecho Sul, estando limitada ao norte pelas bacias hidrogr\u00e1ficas dos rios Ipiranguinha, Iririaia-Mirim, Candapu\u00ed,<br \/>\nSerra Negra, Tabaga\u00e7a e Cachoeria, inclusive, a oeste pelas regi\u00f5es hidrogr\u00e1ficas do Paran\u00e1 e do Uruguai e ao sul pelo Uruguai.<\/p>\n<hr>\n<p>A regi\u00e3o hidrogr\u00e1fica Atl\u00e2ntico Sul tem in\u00edcio na divisa dos Estados de S\u00e3o Paulo e Paran\u00e1 e se estende at\u00e9 o Arroio Chu\u00ed, no extremo sul do pa\u00eds. Com uma \u00e1rea total de 185.856 km2 (2% do pa\u00eds) a regi\u00e3o abrange partes dos Estados do Paran\u00e1, Santa Catarina e Rio Grande do Sul.<\/p>\n<p>Na bacia do Atl\u00e2ntico Sul, predominam rios de pequeno porte que escoam diretamente para o mar. As exce\u00e7\u00f5es mais importantes s\u00e3o os rios Itaja\u00ed e Capivari, em Santa Catarina, que apresentam maior volume de \u00e1gua. Na regi\u00e3o do Rio Grande do Sul s\u00e3o encontrados rios de grande porte, como o Taquari-Antas, Jacu\u00ed, Vacaca\u00ed e Camaqu\u00e3.\n<\/p><\/div>\n<p>Fonte:<br \/>\n<a href=\"http:\/\/www.mma.gov.br\/sitio\/index.php?ido=conteudo.monta&#038;idEstrutura=161&#038;idConteudo=9513\" rel=\"noopener\" target=\"_blank\">Plano Nacional de Recursos H\u00eddricos<\/a><\/p>\n","protected":false},"excerpt":{"rendered":"<p>Regi\u00e3o Hidrogr\u00e1fica Atl\u00e2ntico Sul A Regi\u00e3o Hidrogr\u00e1fica Atl\u00e2ntico Sul \u00e9 constitu\u00edda pelas bacias hidrogr\u00e1ficas dos rios que des\u00e1guam no Atl\u00e2ntico &#8211; trecho Sul, estando limitada ao norte pelas bacias hidrogr\u00e1ficas dos rios Ipiranguinha, Iririaia-Mirim, Candapu\u00ed, Serra Negra, Tabaga\u00e7a e Cachoeria, &hellip; <a href=\"http:\/\/nossacasa.net\/nossosriachos\/rios\/bacia-do-atlantico-sul\/\">Continue lendo <span class=\"meta-nav\">&rarr;<\/span><\/a><\/p>\n","protected":false},"author":1,"featured_media":71,"parent":0,"menu_order":0,"comment_status":"closed","ping_status":"closed","template":"","meta":{"footnotes":""},"class_list":["post-43","page","type-page","status-publish","has-post-thumbnail","hentry"],"_links":{"self":[{"href":"http:\/\/nossacasa.net\/nossosriachos\/rios\/wp-json\/wp\/v2\/pages\/43","targetHints":{"allow":["GET"]}}],"collection":[{"href":"http:\/\/nossacasa.net\/nossosriachos\/rios\/wp-json\/wp\/v2\/pages"}],"about":[{"href":"http:\/\/nossacasa.net\/nossosriachos\/rios\/wp-json\/wp\/v2\/types\/page"}],"author":[{"embeddable":true,"href":"http:\/\/nossacasa.net\/nossosriachos\/rios\/wp-json\/wp\/v2\/users\/1"}],"replies":[{"embeddable":true,"href":"http:\/\/nossacasa.net\/nossosriachos\/rios\/wp-json\/wp\/v2\/comments?post=43"}],"version-history":[{"count":4,"href":"http:\/\/nossacasa.net\/nossosriachos\/rios\/wp-json\/wp\/v2\/pages\/43\/revisions"}],"predecessor-version":[{"id":128,"href":"http:\/\/nossacasa.net\/nossosriachos\/rios\/wp-json\/wp\/v2\/pages\/43\/revisions\/128"}],"wp:featuredmedia":[{"embeddable":true,"href":"http:\/\/nossacasa.net\/nossosriachos\/rios\/wp-json\/wp\/v2\/media\/71"}],"wp:attachment":[{"href":"http:\/\/nossacasa.net\/nossosriachos\/rios\/wp-json\/wp\/v2\/media?parent=43"}],"curies":[{"name":"wp","href":"https:\/\/api.w.org\/{rel}","templated":true}]}}