{"id":4304,"date":"2022-12-06T09:57:54","date_gmt":"2022-12-06T12:57:54","guid":{"rendered":"http:\/\/nossacasa.net\/nossosriachos\/rios\/?page_id=4304"},"modified":"2022-12-06T10:32:28","modified_gmt":"2022-12-06T13:32:28","slug":"corrego-praia-da-chacara","status":"publish","type":"page","link":"http:\/\/nossacasa.net\/nossosriachos\/rios\/corrego-praia-da-chacara\/","title":{"rendered":"C\u00f3rrego Praia da Ch\u00e1cara"},"content":{"rendered":"<div style=\"text-align: justify;\">\nO <strong>C\u00f3rrego Praia da Ch\u00e1cara<\/strong> tem um comprimento de 2,2 km, com sua nascente a 382 metros de altitude. Desagua na ba\u00eda da Ilha Grande, pr\u00f3ximo a Marina do Shopping Pirata. Ele desce com uma inclina\u00e7\u00e3o m\u00e9dia de 22,9% e m\u00e1xima de 70,2% (fig 1).<\/p>\n<div id=\"attachment_3831\" style=\"width: 1324px\" class=\"wp-caption aligncenter\"><img loading=\"lazy\" decoding=\"async\" aria-describedby=\"caption-attachment-3831\" class=\"size-full wp-image-3831\" src=\"http:\/\/nossacasa.net\/nossosriachos\/rios\/wp-content\/uploads\/sites\/8\/2021\/12\/Figura_8-2.jpg\" alt=\"\" width=\"1314\" height=\"664\" srcset=\"http:\/\/nossacasa.net\/nossosriachos\/rios\/wp-content\/uploads\/sites\/8\/2021\/12\/Figura_8-2.jpg 1314w, http:\/\/nossacasa.net\/nossosriachos\/rios\/wp-content\/uploads\/sites\/8\/2021\/12\/Figura_8-2-300x152.jpg 300w, http:\/\/nossacasa.net\/nossosriachos\/rios\/wp-content\/uploads\/sites\/8\/2021\/12\/Figura_8-2-1024x517.jpg 1024w, http:\/\/nossacasa.net\/nossosriachos\/rios\/wp-content\/uploads\/sites\/8\/2021\/12\/Figura_8-2-768x388.jpg 768w, http:\/\/nossacasa.net\/nossosriachos\/rios\/wp-content\/uploads\/sites\/8\/2021\/12\/Figura_8-2-500x253.jpg 500w\" sizes=\"auto, (max-width: 1314px) 100vw, 1314px\" \/><p id=\"caption-attachment-3831\" class=\"wp-caption-text\">Figura 1 &#8211; Imagem de sat\u00e9lite com o percurso e perfil do c\u00f3rrego Praia da Ch\u00e1cara<\/p><\/div>\n<p><div id=\"attachment_4314\" style=\"width: 1006px\" class=\"wp-caption aligncenter\"><img loading=\"lazy\" decoding=\"async\" aria-describedby=\"caption-attachment-4314\" src=\"http:\/\/nossacasa.net\/nossosriachos\/rios\/wp-content\/uploads\/sites\/8\/2022\/12\/Figura-2-Mapa.jpg\" alt=\"\" width=\"996\" height=\"615\" class=\"size-full wp-image-4314\" srcset=\"http:\/\/nossacasa.net\/nossosriachos\/rios\/wp-content\/uploads\/sites\/8\/2022\/12\/Figura-2-Mapa.jpg 996w, http:\/\/nossacasa.net\/nossosriachos\/rios\/wp-content\/uploads\/sites\/8\/2022\/12\/Figura-2-Mapa-300x185.jpg 300w, http:\/\/nossacasa.net\/nossosriachos\/rios\/wp-content\/uploads\/sites\/8\/2022\/12\/Figura-2-Mapa-768x474.jpg 768w, http:\/\/nossacasa.net\/nossosriachos\/rios\/wp-content\/uploads\/sites\/8\/2022\/12\/Figura-2-Mapa-486x300.jpg 486w\" sizes=\"auto, (max-width: 996px) 100vw, 996px\" \/><p id=\"caption-attachment-4314\" class=\"wp-caption-text\">Figura 2 &#8211; Mapa do c\u00f3rrego Praia da Ch\u00e1cara<\/p><\/div>\n<\/div>\n","protected":false},"excerpt":{"rendered":"<p>O C\u00f3rrego Praia da Ch\u00e1cara tem um comprimento de 2,2 km, com sua nascente a 382 metros de altitude. Desagua na ba\u00eda da Ilha Grande, pr\u00f3ximo a Marina do Shopping Pirata. Ele desce com uma inclina\u00e7\u00e3o m\u00e9dia de 22,9% e &hellip; <a href=\"http:\/\/nossacasa.net\/nossosriachos\/rios\/corrego-praia-da-chacara\/\">Continue lendo <span class=\"meta-nav\">&rarr;<\/span><\/a><\/p>\n","protected":false},"author":1,"featured_media":3691,"parent":0,"menu_order":0,"comment_status":"closed","ping_status":"closed","template":"","meta":{"footnotes":""},"class_list":["post-4304","page","type-page","status-publish","has-post-thumbnail","hentry"],"_links":{"self":[{"href":"http:\/\/nossacasa.net\/nossosriachos\/rios\/wp-json\/wp\/v2\/pages\/4304","targetHints":{"allow":["GET"]}}],"collection":[{"href":"http:\/\/nossacasa.net\/nossosriachos\/rios\/wp-json\/wp\/v2\/pages"}],"about":[{"href":"http:\/\/nossacasa.net\/nossosriachos\/rios\/wp-json\/wp\/v2\/types\/page"}],"author":[{"embeddable":true,"href":"http:\/\/nossacasa.net\/nossosriachos\/rios\/wp-json\/wp\/v2\/users\/1"}],"replies":[{"embeddable":true,"href":"http:\/\/nossacasa.net\/nossosriachos\/rios\/wp-json\/wp\/v2\/comments?post=4304"}],"version-history":[{"count":5,"href":"http:\/\/nossacasa.net\/nossosriachos\/rios\/wp-json\/wp\/v2\/pages\/4304\/revisions"}],"predecessor-version":[{"id":4315,"href":"http:\/\/nossacasa.net\/nossosriachos\/rios\/wp-json\/wp\/v2\/pages\/4304\/revisions\/4315"}],"wp:featuredmedia":[{"embeddable":true,"href":"http:\/\/nossacasa.net\/nossosriachos\/rios\/wp-json\/wp\/v2\/media\/3691"}],"wp:attachment":[{"href":"http:\/\/nossacasa.net\/nossosriachos\/rios\/wp-json\/wp\/v2\/media?parent=4304"}],"curies":[{"name":"wp","href":"https:\/\/api.w.org\/{rel}","templated":true}]}}