{"id":4308,"date":"2022-12-06T10:13:17","date_gmt":"2022-12-06T13:13:17","guid":{"rendered":"http:\/\/nossacasa.net\/nossosriachos\/rios\/?page_id=4308"},"modified":"2022-12-06T11:21:00","modified_gmt":"2022-12-06T14:21:00","slug":"corrego-da-rodoviaria","status":"publish","type":"page","link":"http:\/\/nossacasa.net\/nossosriachos\/rios\/corrego-da-rodoviaria\/","title":{"rendered":"C\u00f3rrego da Rodovi\u00e1ria"},"content":{"rendered":"<div style=\"text-align: justify;\">\nO <strong>C\u00f3rrego da Rodovi\u00e1ria<\/strong> tem um comprimento de 2,2 km, com sua nascente a 232 metros de altitude. Seu trecho final de 1,2 km \u00e9 totalmente retificado, seguindo a Rua Milton Bas\u00edlio Pereira e dobrando na Rua Prefeito Fausto Moreira at\u00e9 chegar \u00e0 Rodovi\u00e1ria de Angra. Desagua em uma pequena \u00e1rea de mangue na ba\u00eda da Ilha Grande, pr\u00f3ximo a Rodovi\u00e1ria de Angra dos Reis. Ele desce com uma inclina\u00e7\u00e3o m\u00e9dia de 13,7% e m\u00e1xima de 63,8% (fig 1).<\/p>\n<div id=\"attachment_3832\" style=\"width: 1322px\" class=\"wp-caption aligncenter\"><img loading=\"lazy\" decoding=\"async\" aria-describedby=\"caption-attachment-3832\" class=\"size-full wp-image-3832\" src=\"http:\/\/nossacasa.net\/nossosriachos\/rios\/wp-content\/uploads\/sites\/8\/2021\/12\/Figura_9-2.jpg\" alt=\"\" width=\"1312\" height=\"645\" srcset=\"http:\/\/nossacasa.net\/nossosriachos\/rios\/wp-content\/uploads\/sites\/8\/2021\/12\/Figura_9-2.jpg 1312w, http:\/\/nossacasa.net\/nossosriachos\/rios\/wp-content\/uploads\/sites\/8\/2021\/12\/Figura_9-2-300x147.jpg 300w, http:\/\/nossacasa.net\/nossosriachos\/rios\/wp-content\/uploads\/sites\/8\/2021\/12\/Figura_9-2-1024x503.jpg 1024w, http:\/\/nossacasa.net\/nossosriachos\/rios\/wp-content\/uploads\/sites\/8\/2021\/12\/Figura_9-2-768x378.jpg 768w, http:\/\/nossacasa.net\/nossosriachos\/rios\/wp-content\/uploads\/sites\/8\/2021\/12\/Figura_9-2-500x246.jpg 500w\" sizes=\"auto, (max-width: 1312px) 100vw, 1312px\" \/><p id=\"caption-attachment-3832\" class=\"wp-caption-text\">Figura 1 &#8211; Imagem de sat\u00e9lite com o percurso e perfil do c\u00f3rrego da Rodovi\u00e1ria<\/p><\/div>\n<div id=\"attachment_4316\" style=\"width: 1227px\" class=\"wp-caption aligncenter\"><img loading=\"lazy\" decoding=\"async\" aria-describedby=\"caption-attachment-4316\" src=\"http:\/\/nossacasa.net\/nossosriachos\/rios\/wp-content\/uploads\/sites\/8\/2022\/12\/Figura-2-mapa-dos-corregos-da-rodoviaria.jpg\" alt=\"\" width=\"1217\" height=\"621\" class=\"size-full wp-image-4316\" srcset=\"http:\/\/nossacasa.net\/nossosriachos\/rios\/wp-content\/uploads\/sites\/8\/2022\/12\/Figura-2-mapa-dos-corregos-da-rodoviaria.jpg 1217w, http:\/\/nossacasa.net\/nossosriachos\/rios\/wp-content\/uploads\/sites\/8\/2022\/12\/Figura-2-mapa-dos-corregos-da-rodoviaria-300x153.jpg 300w, http:\/\/nossacasa.net\/nossosriachos\/rios\/wp-content\/uploads\/sites\/8\/2022\/12\/Figura-2-mapa-dos-corregos-da-rodoviaria-1024x523.jpg 1024w, http:\/\/nossacasa.net\/nossosriachos\/rios\/wp-content\/uploads\/sites\/8\/2022\/12\/Figura-2-mapa-dos-corregos-da-rodoviaria-768x392.jpg 768w, http:\/\/nossacasa.net\/nossosriachos\/rios\/wp-content\/uploads\/sites\/8\/2022\/12\/Figura-2-mapa-dos-corregos-da-rodoviaria-500x255.jpg 500w\" sizes=\"auto, (max-width: 1217px) 100vw, 1217px\" \/><p id=\"caption-attachment-4316\" class=\"wp-caption-text\">Figura 2 &#8211; Mapa dos c\u00f3rregos da rodovi\u00e1ria<\/p><\/div>\n<p><div id=\"attachment_4318\" style=\"width: 1450px\" class=\"wp-caption aligncenter\"><img loading=\"lazy\" decoding=\"async\" aria-describedby=\"caption-attachment-4318\" src=\"http:\/\/nossacasa.net\/nossosriachos\/rios\/wp-content\/uploads\/sites\/8\/2022\/12\/20221130-12-scaled.jpg\" alt=\"\" width=\"1440\" height=\"2560\" class=\"size-full wp-image-4318\" srcset=\"http:\/\/nossacasa.net\/nossosriachos\/rios\/wp-content\/uploads\/sites\/8\/2022\/12\/20221130-12-scaled.jpg 1440w, http:\/\/nossacasa.net\/nossosriachos\/rios\/wp-content\/uploads\/sites\/8\/2022\/12\/20221130-12-169x300.jpg 169w, http:\/\/nossacasa.net\/nossosriachos\/rios\/wp-content\/uploads\/sites\/8\/2022\/12\/20221130-12-576x1024.jpg 576w, http:\/\/nossacasa.net\/nossosriachos\/rios\/wp-content\/uploads\/sites\/8\/2022\/12\/20221130-12-768x1365.jpg 768w, http:\/\/nossacasa.net\/nossosriachos\/rios\/wp-content\/uploads\/sites\/8\/2022\/12\/20221130-12-864x1536.jpg 864w, http:\/\/nossacasa.net\/nossosriachos\/rios\/wp-content\/uploads\/sites\/8\/2022\/12\/20221130-12-1152x2048.jpg 1152w\" sizes=\"auto, (max-width: 1440px) 100vw, 1440px\" \/><p id=\"caption-attachment-4318\" class=\"wp-caption-text\">FOTO 1 &#8211; c\u00f3rrego pr\u00f3ximo \u00e0 foz<\/p><\/div>\n<\/div>\n","protected":false},"excerpt":{"rendered":"<p>O C\u00f3rrego da Rodovi\u00e1ria tem um comprimento de 2,2 km, com sua nascente a 232 metros de altitude. Seu trecho final de 1,2 km \u00e9 totalmente retificado, seguindo a Rua Milton Bas\u00edlio Pereira e dobrando na Rua Prefeito Fausto Moreira &hellip; <a href=\"http:\/\/nossacasa.net\/nossosriachos\/rios\/corrego-da-rodoviaria\/\">Continue lendo <span class=\"meta-nav\">&rarr;<\/span><\/a><\/p>\n","protected":false},"author":1,"featured_media":3691,"parent":0,"menu_order":0,"comment_status":"closed","ping_status":"closed","template":"","meta":{"footnotes":""},"class_list":["post-4308","page","type-page","status-publish","has-post-thumbnail","hentry"],"_links":{"self":[{"href":"http:\/\/nossacasa.net\/nossosriachos\/rios\/wp-json\/wp\/v2\/pages\/4308","targetHints":{"allow":["GET"]}}],"collection":[{"href":"http:\/\/nossacasa.net\/nossosriachos\/rios\/wp-json\/wp\/v2\/pages"}],"about":[{"href":"http:\/\/nossacasa.net\/nossosriachos\/rios\/wp-json\/wp\/v2\/types\/page"}],"author":[{"embeddable":true,"href":"http:\/\/nossacasa.net\/nossosriachos\/rios\/wp-json\/wp\/v2\/users\/1"}],"replies":[{"embeddable":true,"href":"http:\/\/nossacasa.net\/nossosriachos\/rios\/wp-json\/wp\/v2\/comments?post=4308"}],"version-history":[{"count":5,"href":"http:\/\/nossacasa.net\/nossosriachos\/rios\/wp-json\/wp\/v2\/pages\/4308\/revisions"}],"predecessor-version":[{"id":4319,"href":"http:\/\/nossacasa.net\/nossosriachos\/rios\/wp-json\/wp\/v2\/pages\/4308\/revisions\/4319"}],"wp:featuredmedia":[{"embeddable":true,"href":"http:\/\/nossacasa.net\/nossosriachos\/rios\/wp-json\/wp\/v2\/media\/3691"}],"wp:attachment":[{"href":"http:\/\/nossacasa.net\/nossosriachos\/rios\/wp-json\/wp\/v2\/media?parent=4308"}],"curies":[{"name":"wp","href":"https:\/\/api.w.org\/{rel}","templated":true}]}}