{"id":4320,"date":"2022-12-06T13:11:32","date_gmt":"2022-12-06T16:11:32","guid":{"rendered":"http:\/\/nossacasa.net\/nossosriachos\/rios\/?page_id=4320"},"modified":"2022-12-06T13:35:01","modified_gmt":"2022-12-06T16:35:01","slug":"rio-do-choro","status":"publish","type":"page","link":"http:\/\/nossacasa.net\/nossosriachos\/rios\/rio-do-choro\/","title":{"rendered":"Rio do Choro"},"content":{"rendered":"<div style=\"text-align: justify;\">\nO <strong>rio do Choro<\/strong> tem atualmente, um comprimento de 2,6 km, com sua nascente a 312 metros de altitude, no morro do Bul\u00e9. A partir da altitude de 72 m, nas coordenadas de latitude= -23,003968\u00b0 e longitude= -44,322250, o rio j\u00e1 entra em \u00e1rea habitada. Desce at\u00e9 encontrar a Rua Santo Ant\u00f4nio, seguindo com sua margem direita paralela a esta, at\u00e9 a Rua Moacir de Paula Lobo e depois a Rua Raul Pompeia. Pela planta do IBGE seguia at\u00e9 desaguar pr\u00f3ximo ao Porto de Angra dos Reis. Aparentemente como o constru\u00e7\u00e3o do sistema de drenagem, antes de cruzar a rua da Concei\u00e7\u00e3o ele foi desviado por um canal aberto, at\u00e9 unir-se a um c\u00f3rrego que descia do Morro do Abel e desaguava na Bahia pr\u00f3ximo ao F\u00f3rum. Ele desce com uma inclina\u00e7\u00e3o m\u00e9dia de 6,0% e m\u00e1xima de 37,9% (fig.1).<\/p>\n<div id=\"attachment_3833\" style=\"width: 1323px\" class=\"wp-caption aligncenter\"><img loading=\"lazy\" decoding=\"async\" aria-describedby=\"caption-attachment-3833\" class=\"size-full wp-image-3833\" src=\"http:\/\/nossacasa.net\/nossosriachos\/rios\/wp-content\/uploads\/sites\/8\/2021\/12\/Figura_10-2.jpg\" alt=\"\" width=\"1313\" height=\"649\" srcset=\"http:\/\/nossacasa.net\/nossosriachos\/rios\/wp-content\/uploads\/sites\/8\/2021\/12\/Figura_10-2.jpg 1313w, http:\/\/nossacasa.net\/nossosriachos\/rios\/wp-content\/uploads\/sites\/8\/2021\/12\/Figura_10-2-300x148.jpg 300w, http:\/\/nossacasa.net\/nossosriachos\/rios\/wp-content\/uploads\/sites\/8\/2021\/12\/Figura_10-2-1024x506.jpg 1024w, http:\/\/nossacasa.net\/nossosriachos\/rios\/wp-content\/uploads\/sites\/8\/2021\/12\/Figura_10-2-768x380.jpg 768w, http:\/\/nossacasa.net\/nossosriachos\/rios\/wp-content\/uploads\/sites\/8\/2021\/12\/Figura_10-2-500x247.jpg 500w\" sizes=\"auto, (max-width: 1313px) 100vw, 1313px\" \/><p id=\"caption-attachment-3833\" class=\"wp-caption-text\">Figura 1 &#8211; Imagem de sat\u00e9lite com o percurso e perfil do rio do Choro<\/p><\/div>\n<div id=\"attachment_4323\" style=\"width: 983px\" class=\"wp-caption aligncenter\"><img loading=\"lazy\" decoding=\"async\" aria-describedby=\"caption-attachment-4323\" src=\"http:\/\/nossacasa.net\/nossosriachos\/rios\/wp-content\/uploads\/sites\/8\/2022\/12\/Figura-2-mapa-do-rio-do-Choro.jpg\" alt=\"\" width=\"973\" height=\"619\" class=\"size-full wp-image-4323\" srcset=\"http:\/\/nossacasa.net\/nossosriachos\/rios\/wp-content\/uploads\/sites\/8\/2022\/12\/Figura-2-mapa-do-rio-do-Choro.jpg 973w, http:\/\/nossacasa.net\/nossosriachos\/rios\/wp-content\/uploads\/sites\/8\/2022\/12\/Figura-2-mapa-do-rio-do-Choro-300x191.jpg 300w, http:\/\/nossacasa.net\/nossosriachos\/rios\/wp-content\/uploads\/sites\/8\/2022\/12\/Figura-2-mapa-do-rio-do-Choro-768x489.jpg 768w, http:\/\/nossacasa.net\/nossosriachos\/rios\/wp-content\/uploads\/sites\/8\/2022\/12\/Figura-2-mapa-do-rio-do-Choro-472x300.jpg 472w\" sizes=\"auto, (max-width: 973px) 100vw, 973px\" \/><p id=\"caption-attachment-4323\" class=\"wp-caption-text\">Figura 2 &#8211; mapa do rio do Choro<\/p><\/div>\n<div id=\"attachment_4327\" style=\"width: 1450px\" class=\"wp-caption aligncenter\"><img loading=\"lazy\" decoding=\"async\" aria-describedby=\"caption-attachment-4327\" src=\"http:\/\/nossacasa.net\/nossosriachos\/rios\/wp-content\/uploads\/sites\/8\/2022\/12\/Foto-1a-Foz-do-rio-do-Choro-scaled.jpg\" alt=\"\" width=\"1440\" height=\"2560\" class=\"size-full wp-image-4327\" srcset=\"http:\/\/nossacasa.net\/nossosriachos\/rios\/wp-content\/uploads\/sites\/8\/2022\/12\/Foto-1a-Foz-do-rio-do-Choro-scaled.jpg 1440w, http:\/\/nossacasa.net\/nossosriachos\/rios\/wp-content\/uploads\/sites\/8\/2022\/12\/Foto-1a-Foz-do-rio-do-Choro-169x300.jpg 169w, http:\/\/nossacasa.net\/nossosriachos\/rios\/wp-content\/uploads\/sites\/8\/2022\/12\/Foto-1a-Foz-do-rio-do-Choro-576x1024.jpg 576w, http:\/\/nossacasa.net\/nossosriachos\/rios\/wp-content\/uploads\/sites\/8\/2022\/12\/Foto-1a-Foz-do-rio-do-Choro-768x1365.jpg 768w, http:\/\/nossacasa.net\/nossosriachos\/rios\/wp-content\/uploads\/sites\/8\/2022\/12\/Foto-1a-Foz-do-rio-do-Choro-864x1536.jpg 864w, http:\/\/nossacasa.net\/nossosriachos\/rios\/wp-content\/uploads\/sites\/8\/2022\/12\/Foto-1a-Foz-do-rio-do-Choro-1152x2048.jpg 1152w\" sizes=\"auto, (max-width: 1440px) 100vw, 1440px\" \/><p id=\"caption-attachment-4327\" class=\"wp-caption-text\">Foto 1a &#8211; Foz do rio do Choro<\/p><\/div>\n<div id=\"attachment_4326\" style=\"width: 1450px\" class=\"wp-caption aligncenter\"><img loading=\"lazy\" decoding=\"async\" aria-describedby=\"caption-attachment-4326\" src=\"http:\/\/nossacasa.net\/nossosriachos\/rios\/wp-content\/uploads\/sites\/8\/2022\/12\/Figura-1b-Proximo-a-foz-do-rio-do-Chor-scaled.jpg\" alt=\"\" width=\"1440\" height=\"2560\" class=\"size-full wp-image-4326\" srcset=\"http:\/\/nossacasa.net\/nossosriachos\/rios\/wp-content\/uploads\/sites\/8\/2022\/12\/Figura-1b-Proximo-a-foz-do-rio-do-Chor-scaled.jpg 1440w, http:\/\/nossacasa.net\/nossosriachos\/rios\/wp-content\/uploads\/sites\/8\/2022\/12\/Figura-1b-Proximo-a-foz-do-rio-do-Chor-169x300.jpg 169w, http:\/\/nossacasa.net\/nossosriachos\/rios\/wp-content\/uploads\/sites\/8\/2022\/12\/Figura-1b-Proximo-a-foz-do-rio-do-Chor-576x1024.jpg 576w, http:\/\/nossacasa.net\/nossosriachos\/rios\/wp-content\/uploads\/sites\/8\/2022\/12\/Figura-1b-Proximo-a-foz-do-rio-do-Chor-768x1365.jpg 768w, http:\/\/nossacasa.net\/nossosriachos\/rios\/wp-content\/uploads\/sites\/8\/2022\/12\/Figura-1b-Proximo-a-foz-do-rio-do-Chor-864x1536.jpg 864w, http:\/\/nossacasa.net\/nossosriachos\/rios\/wp-content\/uploads\/sites\/8\/2022\/12\/Figura-1b-Proximo-a-foz-do-rio-do-Chor-1152x2048.jpg 1152w\" sizes=\"auto, (max-width: 1440px) 100vw, 1440px\" \/><p id=\"caption-attachment-4326\" class=\"wp-caption-text\">Figura 1b &#8211; Pr\u00f3ximo a foz do rio do Choro<\/p><\/div>\n<div id=\"attachment_4331\" style=\"width: 1450px\" class=\"wp-caption aligncenter\"><img loading=\"lazy\" decoding=\"async\" aria-describedby=\"caption-attachment-4331\" src=\"http:\/\/nossacasa.net\/nossosriachos\/rios\/wp-content\/uploads\/sites\/8\/2022\/12\/Foto-2a_Rio-do-Choro-na-rua-Pereira-Peixoto-Angra-jusante-1-scaled.jpg\" alt=\"\" width=\"1440\" height=\"2560\" class=\"size-full wp-image-4331\" srcset=\"http:\/\/nossacasa.net\/nossosriachos\/rios\/wp-content\/uploads\/sites\/8\/2022\/12\/Foto-2a_Rio-do-Choro-na-rua-Pereira-Peixoto-Angra-jusante-1-scaled.jpg 1440w, http:\/\/nossacasa.net\/nossosriachos\/rios\/wp-content\/uploads\/sites\/8\/2022\/12\/Foto-2a_Rio-do-Choro-na-rua-Pereira-Peixoto-Angra-jusante-1-169x300.jpg 169w, http:\/\/nossacasa.net\/nossosriachos\/rios\/wp-content\/uploads\/sites\/8\/2022\/12\/Foto-2a_Rio-do-Choro-na-rua-Pereira-Peixoto-Angra-jusante-1-576x1024.jpg 576w, http:\/\/nossacasa.net\/nossosriachos\/rios\/wp-content\/uploads\/sites\/8\/2022\/12\/Foto-2a_Rio-do-Choro-na-rua-Pereira-Peixoto-Angra-jusante-1-768x1365.jpg 768w, http:\/\/nossacasa.net\/nossosriachos\/rios\/wp-content\/uploads\/sites\/8\/2022\/12\/Foto-2a_Rio-do-Choro-na-rua-Pereira-Peixoto-Angra-jusante-1-864x1536.jpg 864w, http:\/\/nossacasa.net\/nossosriachos\/rios\/wp-content\/uploads\/sites\/8\/2022\/12\/Foto-2a_Rio-do-Choro-na-rua-Pereira-Peixoto-Angra-jusante-1-1152x2048.jpg 1152w\" sizes=\"auto, (max-width: 1440px) 100vw, 1440px\" \/><p id=\"caption-attachment-4331\" class=\"wp-caption-text\">Foto-2a_Rio-do-Choro-na-rua-Pereira-Peixoto-Angra-jusante-1<\/p><\/div>\n<div id=\"attachment_4329\" style=\"width: 1450px\" class=\"wp-caption aligncenter\"><img loading=\"lazy\" decoding=\"async\" aria-describedby=\"caption-attachment-4329\" src=\"http:\/\/nossacasa.net\/nossosriachos\/rios\/wp-content\/uploads\/sites\/8\/2022\/12\/Foto-2b_Rio-do-Choro-na-rua-Pereira-Peixoto-Angra-montante-scaled.jpg\" alt=\"\" width=\"1440\" height=\"2560\" class=\"size-full wp-image-4329\" srcset=\"http:\/\/nossacasa.net\/nossosriachos\/rios\/wp-content\/uploads\/sites\/8\/2022\/12\/Foto-2b_Rio-do-Choro-na-rua-Pereira-Peixoto-Angra-montante-scaled.jpg 1440w, http:\/\/nossacasa.net\/nossosriachos\/rios\/wp-content\/uploads\/sites\/8\/2022\/12\/Foto-2b_Rio-do-Choro-na-rua-Pereira-Peixoto-Angra-montante-169x300.jpg 169w, http:\/\/nossacasa.net\/nossosriachos\/rios\/wp-content\/uploads\/sites\/8\/2022\/12\/Foto-2b_Rio-do-Choro-na-rua-Pereira-Peixoto-Angra-montante-576x1024.jpg 576w, http:\/\/nossacasa.net\/nossosriachos\/rios\/wp-content\/uploads\/sites\/8\/2022\/12\/Foto-2b_Rio-do-Choro-na-rua-Pereira-Peixoto-Angra-montante-768x1365.jpg 768w, http:\/\/nossacasa.net\/nossosriachos\/rios\/wp-content\/uploads\/sites\/8\/2022\/12\/Foto-2b_Rio-do-Choro-na-rua-Pereira-Peixoto-Angra-montante-864x1536.jpg 864w, http:\/\/nossacasa.net\/nossosriachos\/rios\/wp-content\/uploads\/sites\/8\/2022\/12\/Foto-2b_Rio-do-Choro-na-rua-Pereira-Peixoto-Angra-montante-1152x2048.jpg 1152w\" sizes=\"auto, (max-width: 1440px) 100vw, 1440px\" \/><p id=\"caption-attachment-4329\" class=\"wp-caption-text\">Foto 2b_Rio do Choro na rua Pereira Peixoto Angra (montante)<\/p><\/div>\n<p><div id=\"attachment_4330\" style=\"width: 910px\" class=\"wp-caption aligncenter\"><img loading=\"lazy\" decoding=\"async\" aria-describedby=\"caption-attachment-4330\" src=\"http:\/\/nossacasa.net\/nossosriachos\/rios\/wp-content\/uploads\/sites\/8\/2022\/12\/Foto3_Rio-do-Choro-na-Coronel-Carvalho.jpeg\" alt=\"\" width=\"900\" height=\"1600\" class=\"size-full wp-image-4330\" srcset=\"http:\/\/nossacasa.net\/nossosriachos\/rios\/wp-content\/uploads\/sites\/8\/2022\/12\/Foto3_Rio-do-Choro-na-Coronel-Carvalho.jpeg 900w, http:\/\/nossacasa.net\/nossosriachos\/rios\/wp-content\/uploads\/sites\/8\/2022\/12\/Foto3_Rio-do-Choro-na-Coronel-Carvalho-169x300.jpeg 169w, http:\/\/nossacasa.net\/nossosriachos\/rios\/wp-content\/uploads\/sites\/8\/2022\/12\/Foto3_Rio-do-Choro-na-Coronel-Carvalho-576x1024.jpeg 576w, http:\/\/nossacasa.net\/nossosriachos\/rios\/wp-content\/uploads\/sites\/8\/2022\/12\/Foto3_Rio-do-Choro-na-Coronel-Carvalho-768x1365.jpeg 768w, http:\/\/nossacasa.net\/nossosriachos\/rios\/wp-content\/uploads\/sites\/8\/2022\/12\/Foto3_Rio-do-Choro-na-Coronel-Carvalho-864x1536.jpeg 864w\" sizes=\"auto, (max-width: 900px) 100vw, 900px\" \/><p id=\"caption-attachment-4330\" class=\"wp-caption-text\">Foto 3_Rio do Choro na Coronel Carvalho<\/p><\/div>\n<\/div>\n","protected":false},"excerpt":{"rendered":"<p>O rio do Choro tem atualmente, um comprimento de 2,6 km, com sua nascente a 312 metros de altitude, no morro do Bul\u00e9. A partir da altitude de 72 m, nas coordenadas de latitude= -23,003968\u00b0 e longitude= -44,322250, o rio &hellip; <a href=\"http:\/\/nossacasa.net\/nossosriachos\/rios\/rio-do-choro\/\">Continue lendo <span class=\"meta-nav\">&rarr;<\/span><\/a><\/p>\n","protected":false},"author":1,"featured_media":3691,"parent":0,"menu_order":0,"comment_status":"closed","ping_status":"closed","template":"","meta":{"footnotes":""},"class_list":["post-4320","page","type-page","status-publish","has-post-thumbnail","hentry"],"_links":{"self":[{"href":"http:\/\/nossacasa.net\/nossosriachos\/rios\/wp-json\/wp\/v2\/pages\/4320","targetHints":{"allow":["GET"]}}],"collection":[{"href":"http:\/\/nossacasa.net\/nossosriachos\/rios\/wp-json\/wp\/v2\/pages"}],"about":[{"href":"http:\/\/nossacasa.net\/nossosriachos\/rios\/wp-json\/wp\/v2\/types\/page"}],"author":[{"embeddable":true,"href":"http:\/\/nossacasa.net\/nossosriachos\/rios\/wp-json\/wp\/v2\/users\/1"}],"replies":[{"embeddable":true,"href":"http:\/\/nossacasa.net\/nossosriachos\/rios\/wp-json\/wp\/v2\/comments?post=4320"}],"version-history":[{"count":4,"href":"http:\/\/nossacasa.net\/nossosriachos\/rios\/wp-json\/wp\/v2\/pages\/4320\/revisions"}],"predecessor-version":[{"id":4332,"href":"http:\/\/nossacasa.net\/nossosriachos\/rios\/wp-json\/wp\/v2\/pages\/4320\/revisions\/4332"}],"wp:featuredmedia":[{"embeddable":true,"href":"http:\/\/nossacasa.net\/nossosriachos\/rios\/wp-json\/wp\/v2\/media\/3691"}],"wp:attachment":[{"href":"http:\/\/nossacasa.net\/nossosriachos\/rios\/wp-json\/wp\/v2\/media?parent=4320"}],"curies":[{"name":"wp","href":"https:\/\/api.w.org\/{rel}","templated":true}]}}