{"id":4374,"date":"2022-12-07T09:57:17","date_gmt":"2022-12-07T12:57:17","guid":{"rendered":"http:\/\/nossacasa.net\/nossosriachos\/rios\/?page_id=4374"},"modified":"2022-12-07T10:09:43","modified_gmt":"2022-12-07T13:09:43","slug":"corrego-ponta-do-contador","status":"publish","type":"page","link":"http:\/\/nossacasa.net\/nossosriachos\/rios\/corrego-ponta-do-contador\/","title":{"rendered":"C\u00f3rrego Ponta do Contador"},"content":{"rendered":"<div style=\"text-align: justify;\">\nO <strong>C\u00f3rrego Ponta do Contador<\/strong> tem 0,8 km de comprimento.(fig.1).<\/p>\n<div id=\"attachment_4378\" style=\"width: 773px\" class=\"wp-caption aligncenter\"><img loading=\"lazy\" decoding=\"async\" aria-describedby=\"caption-attachment-4378\" src=\"http:\/\/nossacasa.net\/nossosriachos\/rios\/wp-content\/uploads\/sites\/8\/2022\/12\/Figura-1-mapa-do-corrego-da-Ponta-do-Contador.jpg\" alt=\"\" width=\"763\" height=\"618\" class=\"size-full wp-image-4378\" srcset=\"http:\/\/nossacasa.net\/nossosriachos\/rios\/wp-content\/uploads\/sites\/8\/2022\/12\/Figura-1-mapa-do-corrego-da-Ponta-do-Contador.jpg 763w, http:\/\/nossacasa.net\/nossosriachos\/rios\/wp-content\/uploads\/sites\/8\/2022\/12\/Figura-1-mapa-do-corrego-da-Ponta-do-Contador-300x243.jpg 300w, http:\/\/nossacasa.net\/nossosriachos\/rios\/wp-content\/uploads\/sites\/8\/2022\/12\/Figura-1-mapa-do-corrego-da-Ponta-do-Contador-370x300.jpg 370w\" sizes=\"auto, (max-width: 763px) 100vw, 763px\" \/><p id=\"caption-attachment-4378\" class=\"wp-caption-text\">Figura 1 &#8211; mapa do c\u00f3rrego Ponta do Contador<\/p><\/div>\n<div id=\"attachment_4380\" style=\"width: 1450px\" class=\"wp-caption aligncenter\"><img loading=\"lazy\" decoding=\"async\" aria-describedby=\"caption-attachment-4380\" src=\"http:\/\/nossacasa.net\/nossosriachos\/rios\/wp-content\/uploads\/sites\/8\/2022\/12\/Foto-1-cruzamento-do-corrego-Ponta-do-Contador-com-a-Estrada-do-Contorno-scaled.jpg\" alt=\"\" width=\"1440\" height=\"2560\" class=\"size-full wp-image-4380\" srcset=\"http:\/\/nossacasa.net\/nossosriachos\/rios\/wp-content\/uploads\/sites\/8\/2022\/12\/Foto-1-cruzamento-do-corrego-Ponta-do-Contador-com-a-Estrada-do-Contorno-scaled.jpg 1440w, http:\/\/nossacasa.net\/nossosriachos\/rios\/wp-content\/uploads\/sites\/8\/2022\/12\/Foto-1-cruzamento-do-corrego-Ponta-do-Contador-com-a-Estrada-do-Contorno-169x300.jpg 169w, http:\/\/nossacasa.net\/nossosriachos\/rios\/wp-content\/uploads\/sites\/8\/2022\/12\/Foto-1-cruzamento-do-corrego-Ponta-do-Contador-com-a-Estrada-do-Contorno-576x1024.jpg 576w, http:\/\/nossacasa.net\/nossosriachos\/rios\/wp-content\/uploads\/sites\/8\/2022\/12\/Foto-1-cruzamento-do-corrego-Ponta-do-Contador-com-a-Estrada-do-Contorno-768x1365.jpg 768w, http:\/\/nossacasa.net\/nossosriachos\/rios\/wp-content\/uploads\/sites\/8\/2022\/12\/Foto-1-cruzamento-do-corrego-Ponta-do-Contador-com-a-Estrada-do-Contorno-864x1536.jpg 864w, http:\/\/nossacasa.net\/nossosriachos\/rios\/wp-content\/uploads\/sites\/8\/2022\/12\/Foto-1-cruzamento-do-corrego-Ponta-do-Contador-com-a-Estrada-do-Contorno-1152x2048.jpg 1152w\" sizes=\"auto, (max-width: 1440px) 100vw, 1440px\" \/><p id=\"caption-attachment-4380\" class=\"wp-caption-text\">Foto 1 &#8211; cruzamento do c\u00f3rrego Ponta do Contador com a Estrada do Contorno<\/p><\/div>\n<p>V\u00eddeo no cruzamento do c\u00f3rrego Ponta do Contador com a Estrada do Contorno<br \/>\n<figure class=\"wp-block-embed wp-block-embed-youtube is-type-video is-provider-youtube epyt-figure\"><div class=\"wp-block-embed__wrapper\"><iframe loading=\"lazy\"  id=\"_ytid_73323\"  width=\"584\" height=\"329\"  data-origwidth=\"584\" data-origheight=\"329\" src=\"https:\/\/www.youtube.com\/embed\/zWKr5naWYJo?enablejsapi=1&autoplay=0&cc_load_policy=0&cc_lang_pref=&iv_load_policy=1&loop=0&rel=1&fs=1&playsinline=0&autohide=2&theme=dark&color=red&controls=1&disablekb=0&\" class=\"__youtube_prefs__  no-lazyload\" title=\"YouTube player\"  allow=\"fullscreen; accelerometer; autoplay; clipboard-write; encrypted-media; gyroscope; picture-in-picture; web-share\" referrerpolicy=\"strict-origin-when-cross-origin\" allowfullscreen data-no-lazy=\"1\" data-skipgform_ajax_framebjll=\"\"><\/iframe><\/div><\/figure><\/p>\n<\/div>\n","protected":false},"excerpt":{"rendered":"<p>O C\u00f3rrego Ponta do Contador tem 0,8 km de comprimento.(fig.1). V\u00eddeo no cruzamento do c\u00f3rrego Ponta do Contador com a Estrada do Contorno<\/p>\n","protected":false},"author":1,"featured_media":3691,"parent":0,"menu_order":0,"comment_status":"closed","ping_status":"closed","template":"","meta":{"footnotes":""},"class_list":["post-4374","page","type-page","status-publish","has-post-thumbnail","hentry"],"_links":{"self":[{"href":"http:\/\/nossacasa.net\/nossosriachos\/rios\/wp-json\/wp\/v2\/pages\/4374","targetHints":{"allow":["GET"]}}],"collection":[{"href":"http:\/\/nossacasa.net\/nossosriachos\/rios\/wp-json\/wp\/v2\/pages"}],"about":[{"href":"http:\/\/nossacasa.net\/nossosriachos\/rios\/wp-json\/wp\/v2\/types\/page"}],"author":[{"embeddable":true,"href":"http:\/\/nossacasa.net\/nossosriachos\/rios\/wp-json\/wp\/v2\/users\/1"}],"replies":[{"embeddable":true,"href":"http:\/\/nossacasa.net\/nossosriachos\/rios\/wp-json\/wp\/v2\/comments?post=4374"}],"version-history":[{"count":4,"href":"http:\/\/nossacasa.net\/nossosriachos\/rios\/wp-json\/wp\/v2\/pages\/4374\/revisions"}],"predecessor-version":[{"id":4381,"href":"http:\/\/nossacasa.net\/nossosriachos\/rios\/wp-json\/wp\/v2\/pages\/4374\/revisions\/4381"}],"wp:featuredmedia":[{"embeddable":true,"href":"http:\/\/nossacasa.net\/nossosriachos\/rios\/wp-json\/wp\/v2\/media\/3691"}],"wp:attachment":[{"href":"http:\/\/nossacasa.net\/nossosriachos\/rios\/wp-json\/wp\/v2\/media?parent=4374"}],"curies":[{"name":"wp","href":"https:\/\/api.w.org\/{rel}","templated":true}]}}