{"id":4382,"date":"2022-12-07T10:14:29","date_gmt":"2022-12-07T13:14:29","guid":{"rendered":"http:\/\/nossacasa.net\/nossosriachos\/rios\/?page_id=4382"},"modified":"2022-12-07T10:27:46","modified_gmt":"2022-12-07T13:27:46","slug":"rio-tangua","status":"publish","type":"page","link":"http:\/\/nossacasa.net\/nossosriachos\/rios\/rio-tangua\/","title":{"rendered":"Rio Tangu\u00e1"},"content":{"rendered":"<div style=\"text-align: justify;\">\nO rio Tangu\u00e1 tem um comprimento de 2,0 km, com sua nascente a 303 metros de altitude. Corre inteiramente em \u00e1rea preservada, at\u00e9 desaguar pr\u00f3ximo ao Hotel Via Gal\u00e9, na borda da Praia do Tangu\u00e1, na ba\u00eda da Ilha Grande. Ele desce com uma inclina\u00e7\u00e3o m\u00e9dia de 21,8% e m\u00e1xima de 72,3% (fig.1 e 2).<\/p>\n<div id=\"attachment_4190\" style=\"width: 1324px\" class=\"wp-caption aligncenter\"><img loading=\"lazy\" decoding=\"async\" aria-describedby=\"caption-attachment-4190\" class=\"size-full wp-image-4190\" src=\"http:\/\/nossacasa.net\/nossosriachos\/rios\/wp-content\/uploads\/sites\/8\/2022\/01\/Figura_12-3.jpg\" alt=\"\" width=\"1314\" height=\"663\" srcset=\"http:\/\/nossacasa.net\/nossosriachos\/rios\/wp-content\/uploads\/sites\/8\/2022\/01\/Figura_12-3.jpg 1314w, http:\/\/nossacasa.net\/nossosriachos\/rios\/wp-content\/uploads\/sites\/8\/2022\/01\/Figura_12-3-300x151.jpg 300w, http:\/\/nossacasa.net\/nossosriachos\/rios\/wp-content\/uploads\/sites\/8\/2022\/01\/Figura_12-3-1024x517.jpg 1024w, http:\/\/nossacasa.net\/nossosriachos\/rios\/wp-content\/uploads\/sites\/8\/2022\/01\/Figura_12-3-768x388.jpg 768w, http:\/\/nossacasa.net\/nossosriachos\/rios\/wp-content\/uploads\/sites\/8\/2022\/01\/Figura_12-3-500x252.jpg 500w\" sizes=\"auto, (max-width: 1314px) 100vw, 1314px\" \/><p id=\"caption-attachment-4190\" class=\"wp-caption-text\">Figura 1 &#8211; Imagem de sat\u00e9lite com o percurso e perfil do c\u00f3rrego do Retiro<\/p><\/div>\n<div id=\"attachment_4390\" style=\"width: 1243px\" class=\"wp-caption aligncenter\"><img loading=\"lazy\" decoding=\"async\" aria-describedby=\"caption-attachment-4390\" src=\"http:\/\/nossacasa.net\/nossosriachos\/rios\/wp-content\/uploads\/sites\/8\/2022\/12\/Figura-2-mapa-do-rio-Tangua.jpg\" alt=\"\" width=\"1233\" height=\"619\" class=\"size-full wp-image-4390\" srcset=\"http:\/\/nossacasa.net\/nossosriachos\/rios\/wp-content\/uploads\/sites\/8\/2022\/12\/Figura-2-mapa-do-rio-Tangua.jpg 1233w, http:\/\/nossacasa.net\/nossosriachos\/rios\/wp-content\/uploads\/sites\/8\/2022\/12\/Figura-2-mapa-do-rio-Tangua-300x151.jpg 300w, http:\/\/nossacasa.net\/nossosriachos\/rios\/wp-content\/uploads\/sites\/8\/2022\/12\/Figura-2-mapa-do-rio-Tangua-1024x514.jpg 1024w, http:\/\/nossacasa.net\/nossosriachos\/rios\/wp-content\/uploads\/sites\/8\/2022\/12\/Figura-2-mapa-do-rio-Tangua-768x386.jpg 768w, http:\/\/nossacasa.net\/nossosriachos\/rios\/wp-content\/uploads\/sites\/8\/2022\/12\/Figura-2-mapa-do-rio-Tangua-500x251.jpg 500w\" sizes=\"auto, (max-width: 1233px) 100vw, 1233px\" \/><p id=\"caption-attachment-4390\" class=\"wp-caption-text\">Figura 2 &#8211; mapa do rio Tangu\u00e1<\/p><\/div>\n<div id=\"attachment_4388\" style=\"width: 1450px\" class=\"wp-caption aligncenter\"><img loading=\"lazy\" decoding=\"async\" aria-describedby=\"caption-attachment-4388\" src=\"http:\/\/nossacasa.net\/nossosriachos\/rios\/wp-content\/uploads\/sites\/8\/2022\/12\/Foto-1-cruzamento-do-rio-Tangua-com-a-Estrada-do-Contorno-scaled.jpg\" alt=\"\" width=\"1440\" height=\"2560\" class=\"size-full wp-image-4388\" srcset=\"http:\/\/nossacasa.net\/nossosriachos\/rios\/wp-content\/uploads\/sites\/8\/2022\/12\/Foto-1-cruzamento-do-rio-Tangua-com-a-Estrada-do-Contorno-scaled.jpg 1440w, http:\/\/nossacasa.net\/nossosriachos\/rios\/wp-content\/uploads\/sites\/8\/2022\/12\/Foto-1-cruzamento-do-rio-Tangua-com-a-Estrada-do-Contorno-169x300.jpg 169w, http:\/\/nossacasa.net\/nossosriachos\/rios\/wp-content\/uploads\/sites\/8\/2022\/12\/Foto-1-cruzamento-do-rio-Tangua-com-a-Estrada-do-Contorno-576x1024.jpg 576w, http:\/\/nossacasa.net\/nossosriachos\/rios\/wp-content\/uploads\/sites\/8\/2022\/12\/Foto-1-cruzamento-do-rio-Tangua-com-a-Estrada-do-Contorno-768x1365.jpg 768w, http:\/\/nossacasa.net\/nossosriachos\/rios\/wp-content\/uploads\/sites\/8\/2022\/12\/Foto-1-cruzamento-do-rio-Tangua-com-a-Estrada-do-Contorno-864x1536.jpg 864w, http:\/\/nossacasa.net\/nossosriachos\/rios\/wp-content\/uploads\/sites\/8\/2022\/12\/Foto-1-cruzamento-do-rio-Tangua-com-a-Estrada-do-Contorno-1152x2048.jpg 1152w\" sizes=\"auto, (max-width: 1440px) 100vw, 1440px\" \/><p id=\"caption-attachment-4388\" class=\"wp-caption-text\">Foto 1 &#8211; cruzamento do rio Tangu\u00e1 com a Estrada do Contorno<\/p><\/div>\n<\/div>\n","protected":false},"excerpt":{"rendered":"<p>O rio Tangu\u00e1 tem um comprimento de 2,0 km, com sua nascente a 303 metros de altitude. Corre inteiramente em \u00e1rea preservada, at\u00e9 desaguar pr\u00f3ximo ao Hotel Via Gal\u00e9, na borda da Praia do Tangu\u00e1, na ba\u00eda da Ilha Grande. &hellip; <a href=\"http:\/\/nossacasa.net\/nossosriachos\/rios\/rio-tangua\/\">Continue lendo <span class=\"meta-nav\">&rarr;<\/span><\/a><\/p>\n","protected":false},"author":1,"featured_media":3691,"parent":0,"menu_order":0,"comment_status":"closed","ping_status":"closed","template":"","meta":{"footnotes":""},"class_list":["post-4382","page","type-page","status-publish","has-post-thumbnail","hentry"],"_links":{"self":[{"href":"http:\/\/nossacasa.net\/nossosriachos\/rios\/wp-json\/wp\/v2\/pages\/4382","targetHints":{"allow":["GET"]}}],"collection":[{"href":"http:\/\/nossacasa.net\/nossosriachos\/rios\/wp-json\/wp\/v2\/pages"}],"about":[{"href":"http:\/\/nossacasa.net\/nossosriachos\/rios\/wp-json\/wp\/v2\/types\/page"}],"author":[{"embeddable":true,"href":"http:\/\/nossacasa.net\/nossosriachos\/rios\/wp-json\/wp\/v2\/users\/1"}],"replies":[{"embeddable":true,"href":"http:\/\/nossacasa.net\/nossosriachos\/rios\/wp-json\/wp\/v2\/comments?post=4382"}],"version-history":[{"count":4,"href":"http:\/\/nossacasa.net\/nossosriachos\/rios\/wp-json\/wp\/v2\/pages\/4382\/revisions"}],"predecessor-version":[{"id":4391,"href":"http:\/\/nossacasa.net\/nossosriachos\/rios\/wp-json\/wp\/v2\/pages\/4382\/revisions\/4391"}],"wp:featuredmedia":[{"embeddable":true,"href":"http:\/\/nossacasa.net\/nossosriachos\/rios\/wp-json\/wp\/v2\/media\/3691"}],"wp:attachment":[{"href":"http:\/\/nossacasa.net\/nossosriachos\/rios\/wp-json\/wp\/v2\/media?parent=4382"}],"curies":[{"name":"wp","href":"https:\/\/api.w.org\/{rel}","templated":true}]}}