{"id":4392,"date":"2022-12-07T10:30:02","date_gmt":"2022-12-07T13:30:02","guid":{"rendered":"http:\/\/nossacasa.net\/nossosriachos\/rios\/?page_id=4392"},"modified":"2022-12-07T10:47:50","modified_gmt":"2022-12-07T13:47:50","slug":"rio-do-retiro","status":"publish","type":"page","link":"http:\/\/nossacasa.net\/nossosriachos\/rios\/rio-do-retiro\/","title":{"rendered":"Rio do Retiro"},"content":{"rendered":"<div style=\"text-align: justify;\">\nO rio do Retiro tem um comprimento de 1,76 km, com sua nascente a 349 metros de altitude. Corre a maior parte no Parque Natural Municipal da Mata Atl\u00e2ntica, at\u00e9 desaguar pr\u00f3ximo a praia do Retiro, na ba\u00eda da Ilha Grande. Ele desce com uma inclina\u00e7\u00e3o m\u00e9dia de 24,4% e m\u00e1xima de 74,9% (fig. 1).<\/p>\n<div id=\"attachment_4395\" style=\"width: 1324px\" class=\"wp-caption aligncenter\"><img loading=\"lazy\" decoding=\"async\" aria-describedby=\"caption-attachment-4395\" src=\"http:\/\/nossacasa.net\/nossosriachos\/rios\/wp-content\/uploads\/sites\/8\/2022\/12\/Figura_12.jpg\" alt=\"\" width=\"1314\" height=\"663\" class=\"size-full wp-image-4395\" srcset=\"http:\/\/nossacasa.net\/nossosriachos\/rios\/wp-content\/uploads\/sites\/8\/2022\/12\/Figura_12.jpg 1314w, http:\/\/nossacasa.net\/nossosriachos\/rios\/wp-content\/uploads\/sites\/8\/2022\/12\/Figura_12-300x151.jpg 300w, http:\/\/nossacasa.net\/nossosriachos\/rios\/wp-content\/uploads\/sites\/8\/2022\/12\/Figura_12-1024x517.jpg 1024w, http:\/\/nossacasa.net\/nossosriachos\/rios\/wp-content\/uploads\/sites\/8\/2022\/12\/Figura_12-768x388.jpg 768w, http:\/\/nossacasa.net\/nossosriachos\/rios\/wp-content\/uploads\/sites\/8\/2022\/12\/Figura_12-500x252.jpg 500w\" sizes=\"auto, (max-width: 1314px) 100vw, 1314px\" \/><p id=\"caption-attachment-4395\" class=\"wp-caption-text\">Figura 1 &#8211; Rio do Retiro<\/p><\/div>\n<div id=\"attachment_4396\" style=\"width: 522px\" class=\"wp-caption aligncenter\"><img loading=\"lazy\" decoding=\"async\" aria-describedby=\"caption-attachment-4396\" src=\"http:\/\/nossacasa.net\/nossosriachos\/rios\/wp-content\/uploads\/sites\/8\/2022\/12\/Figura-2-mapa-do-rio-do-Retiro.jpg\" alt=\"\" width=\"512\" height=\"620\" class=\"size-full wp-image-4396\" srcset=\"http:\/\/nossacasa.net\/nossosriachos\/rios\/wp-content\/uploads\/sites\/8\/2022\/12\/Figura-2-mapa-do-rio-do-Retiro.jpg 512w, http:\/\/nossacasa.net\/nossosriachos\/rios\/wp-content\/uploads\/sites\/8\/2022\/12\/Figura-2-mapa-do-rio-do-Retiro-248x300.jpg 248w\" sizes=\"auto, (max-width: 512px) 100vw, 512px\" \/><p id=\"caption-attachment-4396\" class=\"wp-caption-text\">Figura 2 &#8211; mapa do rio do Retiro<\/p><\/div>\n<div id=\"attachment_4397\" style=\"width: 1450px\" class=\"wp-caption aligncenter\"><img loading=\"lazy\" decoding=\"async\" aria-describedby=\"caption-attachment-4397\" src=\"http:\/\/nossacasa.net\/nossosriachos\/rios\/wp-content\/uploads\/sites\/8\/2022\/12\/Foto-1a-Rio-do-Retiro-no-cruzamento-da-Estrada-do-Contorno-jusante-scaled.jpg\" alt=\"\" width=\"1440\" height=\"2560\" class=\"size-full wp-image-4397\" srcset=\"http:\/\/nossacasa.net\/nossosriachos\/rios\/wp-content\/uploads\/sites\/8\/2022\/12\/Foto-1a-Rio-do-Retiro-no-cruzamento-da-Estrada-do-Contorno-jusante-scaled.jpg 1440w, http:\/\/nossacasa.net\/nossosriachos\/rios\/wp-content\/uploads\/sites\/8\/2022\/12\/Foto-1a-Rio-do-Retiro-no-cruzamento-da-Estrada-do-Contorno-jusante-169x300.jpg 169w, http:\/\/nossacasa.net\/nossosriachos\/rios\/wp-content\/uploads\/sites\/8\/2022\/12\/Foto-1a-Rio-do-Retiro-no-cruzamento-da-Estrada-do-Contorno-jusante-576x1024.jpg 576w, http:\/\/nossacasa.net\/nossosriachos\/rios\/wp-content\/uploads\/sites\/8\/2022\/12\/Foto-1a-Rio-do-Retiro-no-cruzamento-da-Estrada-do-Contorno-jusante-768x1365.jpg 768w, http:\/\/nossacasa.net\/nossosriachos\/rios\/wp-content\/uploads\/sites\/8\/2022\/12\/Foto-1a-Rio-do-Retiro-no-cruzamento-da-Estrada-do-Contorno-jusante-864x1536.jpg 864w, http:\/\/nossacasa.net\/nossosriachos\/rios\/wp-content\/uploads\/sites\/8\/2022\/12\/Foto-1a-Rio-do-Retiro-no-cruzamento-da-Estrada-do-Contorno-jusante-1152x2048.jpg 1152w\" sizes=\"auto, (max-width: 1440px) 100vw, 1440px\" \/><p id=\"caption-attachment-4397\" class=\"wp-caption-text\">Foto 1a &#8211; Rio do Retiro no cruzamento da Estrada do Contorno (jusante)<\/p><\/div>\n<div id=\"attachment_4398\" style=\"width: 1450px\" class=\"wp-caption aligncenter\"><img loading=\"lazy\" decoding=\"async\" aria-describedby=\"caption-attachment-4398\" src=\"http:\/\/nossacasa.net\/nossosriachos\/rios\/wp-content\/uploads\/sites\/8\/2022\/12\/Foto-1b-Rio-do-Retiro-no-cruzamento-da-Estrada-do-Contorno-montante-scaled.jpg\" alt=\"\" width=\"1440\" height=\"2560\" class=\"size-full wp-image-4398\" srcset=\"http:\/\/nossacasa.net\/nossosriachos\/rios\/wp-content\/uploads\/sites\/8\/2022\/12\/Foto-1b-Rio-do-Retiro-no-cruzamento-da-Estrada-do-Contorno-montante-scaled.jpg 1440w, http:\/\/nossacasa.net\/nossosriachos\/rios\/wp-content\/uploads\/sites\/8\/2022\/12\/Foto-1b-Rio-do-Retiro-no-cruzamento-da-Estrada-do-Contorno-montante-169x300.jpg 169w, http:\/\/nossacasa.net\/nossosriachos\/rios\/wp-content\/uploads\/sites\/8\/2022\/12\/Foto-1b-Rio-do-Retiro-no-cruzamento-da-Estrada-do-Contorno-montante-576x1024.jpg 576w, http:\/\/nossacasa.net\/nossosriachos\/rios\/wp-content\/uploads\/sites\/8\/2022\/12\/Foto-1b-Rio-do-Retiro-no-cruzamento-da-Estrada-do-Contorno-montante-768x1365.jpg 768w, http:\/\/nossacasa.net\/nossosriachos\/rios\/wp-content\/uploads\/sites\/8\/2022\/12\/Foto-1b-Rio-do-Retiro-no-cruzamento-da-Estrada-do-Contorno-montante-864x1536.jpg 864w, http:\/\/nossacasa.net\/nossosriachos\/rios\/wp-content\/uploads\/sites\/8\/2022\/12\/Foto-1b-Rio-do-Retiro-no-cruzamento-da-Estrada-do-Contorno-montante-1152x2048.jpg 1152w\" sizes=\"auto, (max-width: 1440px) 100vw, 1440px\" \/><p id=\"caption-attachment-4398\" class=\"wp-caption-text\">Foto 1b &#8211; Rio do Retiro no cruzamento da Estrada do Contorno (montante)<\/p><\/div>\n<\/div>\n","protected":false},"excerpt":{"rendered":"<p>O rio do Retiro tem um comprimento de 1,76 km, com sua nascente a 349 metros de altitude. Corre a maior parte no Parque Natural Municipal da Mata Atl\u00e2ntica, at\u00e9 desaguar pr\u00f3ximo a praia do Retiro, na ba\u00eda da Ilha &hellip; <a href=\"http:\/\/nossacasa.net\/nossosriachos\/rios\/rio-do-retiro\/\">Continue lendo <span class=\"meta-nav\">&rarr;<\/span><\/a><\/p>\n","protected":false},"author":1,"featured_media":3691,"parent":0,"menu_order":0,"comment_status":"closed","ping_status":"closed","template":"","meta":{"footnotes":""},"class_list":["post-4392","page","type-page","status-publish","has-post-thumbnail","hentry"],"_links":{"self":[{"href":"http:\/\/nossacasa.net\/nossosriachos\/rios\/wp-json\/wp\/v2\/pages\/4392","targetHints":{"allow":["GET"]}}],"collection":[{"href":"http:\/\/nossacasa.net\/nossosriachos\/rios\/wp-json\/wp\/v2\/pages"}],"about":[{"href":"http:\/\/nossacasa.net\/nossosriachos\/rios\/wp-json\/wp\/v2\/types\/page"}],"author":[{"embeddable":true,"href":"http:\/\/nossacasa.net\/nossosriachos\/rios\/wp-json\/wp\/v2\/users\/1"}],"replies":[{"embeddable":true,"href":"http:\/\/nossacasa.net\/nossosriachos\/rios\/wp-json\/wp\/v2\/comments?post=4392"}],"version-history":[{"count":3,"href":"http:\/\/nossacasa.net\/nossosriachos\/rios\/wp-json\/wp\/v2\/pages\/4392\/revisions"}],"predecessor-version":[{"id":4399,"href":"http:\/\/nossacasa.net\/nossosriachos\/rios\/wp-json\/wp\/v2\/pages\/4392\/revisions\/4399"}],"wp:featuredmedia":[{"embeddable":true,"href":"http:\/\/nossacasa.net\/nossosriachos\/rios\/wp-json\/wp\/v2\/media\/3691"}],"wp:attachment":[{"href":"http:\/\/nossacasa.net\/nossosriachos\/rios\/wp-json\/wp\/v2\/media?parent=4392"}],"curies":[{"name":"wp","href":"https:\/\/api.w.org\/{rel}","templated":true}]}}