{"id":4401,"date":"2022-12-07T11:07:08","date_gmt":"2022-12-07T14:07:08","guid":{"rendered":"http:\/\/nossacasa.net\/nossosriachos\/rios\/?page_id=4401"},"modified":"2022-12-07T11:15:51","modified_gmt":"2022-12-07T14:15:51","slug":"corregos-do-retiro","status":"publish","type":"page","link":"http:\/\/nossacasa.net\/nossosriachos\/rios\/corregos-do-retiro\/","title":{"rendered":"C\u00f3rregos do Retiro"},"content":{"rendered":"<div style=\"text-align: justify;\">\nS\u00e3o cinco c\u00f3rregos ap\u00f3s o rio do Retiro (fig.1).<br \/>\nC\u00f3rrego do Retiro I com comprimento de 0,7 km<br \/>\nC\u00f3rrego do Retiro II com comprimento de 0,7 km<br \/>\nC\u00f3rrego do Retiro III com comprimento de 0,8 km<br \/>\nC\u00f3rrego do Retiro IV com comprimento de 0,9 km<br \/>\nC\u00f3rrego do Retiro V com comprimento de 0,9 km<\/p>\n<div id=\"attachment_4404\" style=\"width: 588px\" class=\"wp-caption aligncenter\"><img loading=\"lazy\" decoding=\"async\" aria-describedby=\"caption-attachment-4404\" src=\"http:\/\/nossacasa.net\/nossosriachos\/rios\/wp-content\/uploads\/sites\/8\/2022\/12\/Figura-1-mapa-dos-corregos-do-Retiro.jpg\" alt=\"\" width=\"578\" height=\"619\" class=\"size-full wp-image-4404\" srcset=\"http:\/\/nossacasa.net\/nossosriachos\/rios\/wp-content\/uploads\/sites\/8\/2022\/12\/Figura-1-mapa-dos-corregos-do-Retiro.jpg 578w, http:\/\/nossacasa.net\/nossosriachos\/rios\/wp-content\/uploads\/sites\/8\/2022\/12\/Figura-1-mapa-dos-corregos-do-Retiro-280x300.jpg 280w\" sizes=\"auto, (max-width: 578px) 100vw, 578px\" \/><p id=\"caption-attachment-4404\" class=\"wp-caption-text\">Figura 1 &#8211; mapa dos c\u00f3rregos do Retiro<\/p><\/div>\n<div id=\"attachment_4405\" style=\"width: 1450px\" class=\"wp-caption aligncenter\"><img loading=\"lazy\" decoding=\"async\" aria-describedby=\"caption-attachment-4405\" src=\"http:\/\/nossacasa.net\/nossosriachos\/rios\/wp-content\/uploads\/sites\/8\/2022\/12\/Foto-1-Corrego-do-Retiro-I-na-Estrada-do-Contorno-scaled.jpg\" alt=\"\" width=\"1440\" height=\"2560\" class=\"size-full wp-image-4405\" srcset=\"http:\/\/nossacasa.net\/nossosriachos\/rios\/wp-content\/uploads\/sites\/8\/2022\/12\/Foto-1-Corrego-do-Retiro-I-na-Estrada-do-Contorno-scaled.jpg 1440w, http:\/\/nossacasa.net\/nossosriachos\/rios\/wp-content\/uploads\/sites\/8\/2022\/12\/Foto-1-Corrego-do-Retiro-I-na-Estrada-do-Contorno-169x300.jpg 169w, http:\/\/nossacasa.net\/nossosriachos\/rios\/wp-content\/uploads\/sites\/8\/2022\/12\/Foto-1-Corrego-do-Retiro-I-na-Estrada-do-Contorno-576x1024.jpg 576w, http:\/\/nossacasa.net\/nossosriachos\/rios\/wp-content\/uploads\/sites\/8\/2022\/12\/Foto-1-Corrego-do-Retiro-I-na-Estrada-do-Contorno-768x1365.jpg 768w, http:\/\/nossacasa.net\/nossosriachos\/rios\/wp-content\/uploads\/sites\/8\/2022\/12\/Foto-1-Corrego-do-Retiro-I-na-Estrada-do-Contorno-864x1536.jpg 864w, http:\/\/nossacasa.net\/nossosriachos\/rios\/wp-content\/uploads\/sites\/8\/2022\/12\/Foto-1-Corrego-do-Retiro-I-na-Estrada-do-Contorno-1152x2048.jpg 1152w\" sizes=\"auto, (max-width: 1440px) 100vw, 1440px\" \/><p id=\"caption-attachment-4405\" class=\"wp-caption-text\">Foto 1 &#8211; C\u00f3rrego do Retiro I na Estrada do Contorno<\/p><\/div>\n<div id=\"attachment_4406\" style=\"width: 1724px\" class=\"wp-caption aligncenter\"><img loading=\"lazy\" decoding=\"async\" aria-describedby=\"caption-attachment-4406\" src=\"http:\/\/nossacasa.net\/nossosriachos\/rios\/wp-content\/uploads\/sites\/8\/2022\/12\/Foto-2-Corrego-do-Retiro-3-na-foz-scaled.jpg\" alt=\"\" width=\"1714\" height=\"2560\" class=\"size-full wp-image-4406\" srcset=\"http:\/\/nossacasa.net\/nossosriachos\/rios\/wp-content\/uploads\/sites\/8\/2022\/12\/Foto-2-Corrego-do-Retiro-3-na-foz-scaled.jpg 1714w, http:\/\/nossacasa.net\/nossosriachos\/rios\/wp-content\/uploads\/sites\/8\/2022\/12\/Foto-2-Corrego-do-Retiro-3-na-foz-201x300.jpg 201w, http:\/\/nossacasa.net\/nossosriachos\/rios\/wp-content\/uploads\/sites\/8\/2022\/12\/Foto-2-Corrego-do-Retiro-3-na-foz-685x1024.jpg 685w, http:\/\/nossacasa.net\/nossosriachos\/rios\/wp-content\/uploads\/sites\/8\/2022\/12\/Foto-2-Corrego-do-Retiro-3-na-foz-768x1147.jpg 768w, http:\/\/nossacasa.net\/nossosriachos\/rios\/wp-content\/uploads\/sites\/8\/2022\/12\/Foto-2-Corrego-do-Retiro-3-na-foz-1028x1536.jpg 1028w, http:\/\/nossacasa.net\/nossosriachos\/rios\/wp-content\/uploads\/sites\/8\/2022\/12\/Foto-2-Corrego-do-Retiro-3-na-foz-1371x2048.jpg 1371w\" sizes=\"auto, (max-width: 1714px) 100vw, 1714px\" \/><p id=\"caption-attachment-4406\" class=\"wp-caption-text\">Foto 2 &#8211; C\u00f3rrego do Retiro III na foz<\/p><\/div>\n<p>V\u00eddeo na foz do c\u00f3rrego do Retiro III<br \/>\n<figure class=\"wp-block-embed wp-block-embed-youtube is-type-video is-provider-youtube epyt-figure\"><div class=\"wp-block-embed__wrapper\"><iframe loading=\"lazy\"  id=\"_ytid_77799\"  width=\"584\" height=\"329\"  data-origwidth=\"584\" data-origheight=\"329\" src=\"https:\/\/www.youtube.com\/embed\/A_erzrjRTjo?enablejsapi=1&autoplay=0&cc_load_policy=0&cc_lang_pref=&iv_load_policy=1&loop=0&rel=1&fs=1&playsinline=0&autohide=2&theme=dark&color=red&controls=1&disablekb=0&\" class=\"__youtube_prefs__  no-lazyload\" title=\"YouTube player\"  allow=\"fullscreen; accelerometer; autoplay; clipboard-write; encrypted-media; gyroscope; picture-in-picture; web-share\" referrerpolicy=\"strict-origin-when-cross-origin\" allowfullscreen data-no-lazy=\"1\" data-skipgform_ajax_framebjll=\"\"><\/iframe><\/div><\/figure><\/p>\n<\/div>\n","protected":false},"excerpt":{"rendered":"<p>S\u00e3o cinco c\u00f3rregos ap\u00f3s o rio do Retiro (fig.1). C\u00f3rrego do Retiro I com comprimento de 0,7 km C\u00f3rrego do Retiro II com comprimento de 0,7 km C\u00f3rrego do Retiro III com comprimento de 0,8 km C\u00f3rrego do Retiro IV &hellip; <a href=\"http:\/\/nossacasa.net\/nossosriachos\/rios\/corregos-do-retiro\/\">Continue lendo <span class=\"meta-nav\">&rarr;<\/span><\/a><\/p>\n","protected":false},"author":1,"featured_media":3691,"parent":0,"menu_order":0,"comment_status":"closed","ping_status":"closed","template":"","meta":{"footnotes":""},"class_list":["post-4401","page","type-page","status-publish","has-post-thumbnail","hentry"],"_links":{"self":[{"href":"http:\/\/nossacasa.net\/nossosriachos\/rios\/wp-json\/wp\/v2\/pages\/4401","targetHints":{"allow":["GET"]}}],"collection":[{"href":"http:\/\/nossacasa.net\/nossosriachos\/rios\/wp-json\/wp\/v2\/pages"}],"about":[{"href":"http:\/\/nossacasa.net\/nossosriachos\/rios\/wp-json\/wp\/v2\/types\/page"}],"author":[{"embeddable":true,"href":"http:\/\/nossacasa.net\/nossosriachos\/rios\/wp-json\/wp\/v2\/users\/1"}],"replies":[{"embeddable":true,"href":"http:\/\/nossacasa.net\/nossosriachos\/rios\/wp-json\/wp\/v2\/comments?post=4401"}],"version-history":[{"count":3,"href":"http:\/\/nossacasa.net\/nossosriachos\/rios\/wp-json\/wp\/v2\/pages\/4401\/revisions"}],"predecessor-version":[{"id":4407,"href":"http:\/\/nossacasa.net\/nossosriachos\/rios\/wp-json\/wp\/v2\/pages\/4401\/revisions\/4407"}],"wp:featuredmedia":[{"embeddable":true,"href":"http:\/\/nossacasa.net\/nossosriachos\/rios\/wp-json\/wp\/v2\/media\/3691"}],"wp:attachment":[{"href":"http:\/\/nossacasa.net\/nossosriachos\/rios\/wp-json\/wp\/v2\/media?parent=4401"}],"curies":[{"name":"wp","href":"https:\/\/api.w.org\/{rel}","templated":true}]}}