{"id":4433,"date":"2023-03-04T09:27:27","date_gmt":"2023-03-04T12:27:27","guid":{"rendered":"http:\/\/nossacasa.net\/nossosriachos\/rios\/?page_id=4433"},"modified":"2023-03-04T09:56:48","modified_gmt":"2023-03-04T12:56:48","slug":"schizolecis-guentheri","status":"publish","type":"page","link":"http:\/\/nossacasa.net\/nossosriachos\/rios\/schizolecis-guentheri\/","title":{"rendered":"Schizolecis guentheri"},"content":{"rendered":"<div style=\"text-align: justify;\">\n<strong><em>Schizolecis guentheri<\/em><\/strong> (Miranda Ribeiro, 1918), o cascudinho da Serra do Mar.<br \/>\n<div id=\"attachment_4436\" style=\"width: 1610px\" class=\"wp-caption aligncenter\"><img loading=\"lazy\" decoding=\"async\" aria-describedby=\"caption-attachment-4436\" src=\"http:\/\/nossacasa.net\/nossosriachos\/rios\/wp-content\/uploads\/sites\/8\/2023\/03\/WhatsApp-Image-2023-03-02-at-15.54.44.jpeg\" alt=\"\" width=\"1600\" height=\"900\" class=\"size-full wp-image-4436\" srcset=\"http:\/\/nossacasa.net\/nossosriachos\/rios\/wp-content\/uploads\/sites\/8\/2023\/03\/WhatsApp-Image-2023-03-02-at-15.54.44.jpeg 1600w, http:\/\/nossacasa.net\/nossosriachos\/rios\/wp-content\/uploads\/sites\/8\/2023\/03\/WhatsApp-Image-2023-03-02-at-15.54.44-300x169.jpeg 300w, http:\/\/nossacasa.net\/nossosriachos\/rios\/wp-content\/uploads\/sites\/8\/2023\/03\/WhatsApp-Image-2023-03-02-at-15.54.44-1024x576.jpeg 1024w, http:\/\/nossacasa.net\/nossosriachos\/rios\/wp-content\/uploads\/sites\/8\/2023\/03\/WhatsApp-Image-2023-03-02-at-15.54.44-768x432.jpeg 768w, http:\/\/nossacasa.net\/nossosriachos\/rios\/wp-content\/uploads\/sites\/8\/2023\/03\/WhatsApp-Image-2023-03-02-at-15.54.44-1536x864.jpeg 1536w, http:\/\/nossacasa.net\/nossosriachos\/rios\/wp-content\/uploads\/sites\/8\/2023\/03\/WhatsApp-Image-2023-03-02-at-15.54.44-500x281.jpeg 500w\" sizes=\"auto, (max-width: 1600px) 100vw, 1600px\" \/><p id=\"caption-attachment-4436\" class=\"wp-caption-text\">Schizolecis guentheri<\/p><\/div><\/p>\n<p>\u00c9 um pequeno peixe habitante de rios em correnteza fraca a moderada, de leito de areia ou pedrinhas. Onde vive, \u00e9 f\u00e1cil ach\u00e1-los junto \u00e0 vegeta\u00e7\u00e3o da margem, entre as folhas e galhos submersos. <\/p>\n<figure class=\"wp-block-embed wp-block-embed-youtube is-type-video is-provider-youtube epyt-figure\"><div class=\"wp-block-embed__wrapper\"><iframe loading=\"lazy\"  id=\"_ytid_85269\"  width=\"584\" height=\"329\"  data-origwidth=\"584\" data-origheight=\"329\" src=\"https:\/\/www.youtube.com\/embed\/IuTu-lScwzs?enablejsapi=1&autoplay=0&cc_load_policy=0&cc_lang_pref=&iv_load_policy=1&loop=0&rel=1&fs=1&playsinline=0&autohide=2&theme=dark&color=red&controls=1&disablekb=0&\" class=\"__youtube_prefs__  no-lazyload\" title=\"YouTube player\"  allow=\"fullscreen; accelerometer; autoplay; clipboard-write; encrypted-media; gyroscope; picture-in-picture; web-share\" referrerpolicy=\"strict-origin-when-cross-origin\" allowfullscreen data-no-lazy=\"1\" data-skipgform_ajax_framebjll=\"\"><\/iframe><\/div><\/figure>\n<p>Foi descrito de Itanha\u00e9m, no litoral de S\u00e3o Paulo, mas esses cascudinhos podem ser encontrados em muitos riachos na encosta da Serra do Mar, entre Santa Catarina e o Rio de Janeiro.<\/p>\n<p>O peixinho aqui foi encontrado no rio Zungu, em um enclave com o C\u00f3rrego Barro Branco e um outro afluente sem nome. O rio Zungu \u00e9 um contribuinte do rio Jurumirim, em Angra dos Reis. <\/p>\n<figure class=\"wp-block-embed wp-block-embed-youtube is-type-video is-provider-youtube epyt-figure\"><div class=\"wp-block-embed__wrapper\"><iframe loading=\"lazy\"  id=\"_ytid_48080\"  width=\"584\" height=\"329\"  data-origwidth=\"584\" data-origheight=\"329\" src=\"https:\/\/www.youtube.com\/embed\/v8cvqKbeKRI?enablejsapi=1&autoplay=0&cc_load_policy=0&cc_lang_pref=&iv_load_policy=1&loop=0&rel=1&fs=1&playsinline=0&autohide=2&theme=dark&color=red&controls=1&disablekb=0&\" class=\"__youtube_prefs__  no-lazyload\" title=\"YouTube player\"  allow=\"fullscreen; accelerometer; autoplay; clipboard-write; encrypted-media; gyroscope; picture-in-picture; web-share\" referrerpolicy=\"strict-origin-when-cross-origin\" allowfullscreen data-no-lazy=\"1\" data-skipgform_ajax_framebjll=\"\"><\/iframe><\/div><\/figure>\n<p>Vivem em \u00e1guas limpas, e n\u00e3o est\u00e3o amea\u00e7ados de extin\u00e7\u00e3o. <\/p>\n<p>As pequenas varia\u00e7\u00f5es morfol\u00f3gicas entre as sub-popula\u00e7\u00f5es deixam d\u00favidas se estes cascudinhos representam mesmo uma \u00fanica esp\u00e9cie, ou s\u00e3o um complexo de v\u00e1rias esp\u00e9cies. Mas por enquanto ele continua sendo o cascudinho mais comum nos riachos da serra do mar.\n<\/p><\/div>\n","protected":false},"excerpt":{"rendered":"<p>Schizolecis guentheri (Miranda Ribeiro, 1918), o cascudinho da Serra do Mar. \u00c9 um pequeno peixe habitante de rios em correnteza fraca a moderada, de leito de areia ou pedrinhas. Onde vive, \u00e9 f\u00e1cil ach\u00e1-los junto \u00e0 vegeta\u00e7\u00e3o da margem, entre &hellip; <a href=\"http:\/\/nossacasa.net\/nossosriachos\/rios\/schizolecis-guentheri\/\">Continue lendo <span class=\"meta-nav\">&rarr;<\/span><\/a><\/p>\n","protected":false},"author":1,"featured_media":9,"parent":0,"menu_order":0,"comment_status":"closed","ping_status":"open","template":"","meta":{"footnotes":""},"class_list":["post-4433","page","type-page","status-publish","has-post-thumbnail","hentry"],"_links":{"self":[{"href":"http:\/\/nossacasa.net\/nossosriachos\/rios\/wp-json\/wp\/v2\/pages\/4433","targetHints":{"allow":["GET"]}}],"collection":[{"href":"http:\/\/nossacasa.net\/nossosriachos\/rios\/wp-json\/wp\/v2\/pages"}],"about":[{"href":"http:\/\/nossacasa.net\/nossosriachos\/rios\/wp-json\/wp\/v2\/types\/page"}],"author":[{"embeddable":true,"href":"http:\/\/nossacasa.net\/nossosriachos\/rios\/wp-json\/wp\/v2\/users\/1"}],"replies":[{"embeddable":true,"href":"http:\/\/nossacasa.net\/nossosriachos\/rios\/wp-json\/wp\/v2\/comments?post=4433"}],"version-history":[{"count":3,"href":"http:\/\/nossacasa.net\/nossosriachos\/rios\/wp-json\/wp\/v2\/pages\/4433\/revisions"}],"predecessor-version":[{"id":4435,"href":"http:\/\/nossacasa.net\/nossosriachos\/rios\/wp-json\/wp\/v2\/pages\/4433\/revisions\/4435"}],"wp:featuredmedia":[{"embeddable":true,"href":"http:\/\/nossacasa.net\/nossosriachos\/rios\/wp-json\/wp\/v2\/media\/9"}],"wp:attachment":[{"href":"http:\/\/nossacasa.net\/nossosriachos\/rios\/wp-json\/wp\/v2\/media?parent=4433"}],"curies":[{"name":"wp","href":"https:\/\/api.w.org\/{rel}","templated":true}]}}