{"id":45,"date":"2018-02-13T13:58:41","date_gmt":"2018-02-13T15:58:41","guid":{"rendered":"http:\/\/nossacasa.net\/nossosriachos\/rios\/?page_id=45"},"modified":"2018-02-14T15:23:16","modified_gmt":"2018-02-14T17:23:16","slug":"bacia-do-uruguai","status":"publish","type":"page","link":"http:\/\/nossacasa.net\/nossosriachos\/rios\/bacia-do-uruguai\/","title":{"rendered":"Bacia do Uruguai"},"content":{"rendered":"<div style=\"text-align:justify\">\n<img loading=\"lazy\" decoding=\"async\" src=\"http:\/\/nossacasa.net\/nossosriachos\/rios\/wp-content\/uploads\/sites\/8\/2018\/02\/regiao-hidrografica-uruguai-1308329925.gif\" alt=\"\" width=\"283\" height=\"279\" class=\"aligncenter size-full wp-image-90\" \/><br \/>\n<strong>Regi\u00e3o Hidrogr\u00e1fica do Uruguai<\/strong><\/p>\n<p>Regi\u00e3o Hidrogr\u00e1fica do Uruguai \u00c9 constitu\u00edda pela bacia hidrogr\u00e1fica do rio Uruguai situada no territ\u00f3rio nacional, estando limitada ao norte pela regi\u00e3o hidrogr\u00e1fica do Paran\u00e1, a oeste pela Argentina e ao sul pelo Uruguai.<\/p>\n<hr>\n<p>Com 2.200 km de extens\u00e3o, o rio Uruguai nasce na jun\u00e7\u00e3o dos rios Pelotas e Peixe, e segue em dire\u00e7\u00e3o ao oeste dividindo os Estados do Rio Grande do Sul e Santa Catarina. Em seu caminho, ele tamb\u00e9m se une com o rio Peperi-Gua\u00e7u, servindo de fronteira entre Brasil e Argentina. Seguindo na dire\u00e7\u00e3o sudoeste, o Uruguai se une com o rio Quarai (que limita o Brasil e o Uruguai) e da\u00ed toma a dire\u00e7\u00e3o sul, passando a dividir Argentina e Uruguai at\u00e9 a sua foz.<\/p>\n<p>A regi\u00e3o hidrogr\u00e1fica do Uruguai tem grande import\u00e2ncia para o pa\u00eds, pois atende a agroind\u00fastria e tem grande potencial hidrel\u00e9trico. Junto com as regi\u00f5es hidrogr\u00e1ficas do Paran\u00e1 e Paraguai, ela forma a grande bacia do Prata.<\/p>\n<p>A bacia do Uruguai se divide entre os Estados do Rio Grande do Sul e Santa Catarina. Sua \u00e1rea total 385.000 km2, sendo que 45% em territ\u00f3rio nacional.\n<\/p><\/div>\n<p>Fonte:<br \/>\n<a href=\"http:\/\/www.mma.gov.br\/sitio\/index.php?ido=conteudo.monta&#038;idEstrutura=161&#038;idConteudo=9513\" rel=\"noopener\" target=\"_blank\">Plano Nacional de Recursos H\u00eddricos<\/a><\/p>\n","protected":false},"excerpt":{"rendered":"<p>Regi\u00e3o Hidrogr\u00e1fica do Uruguai Regi\u00e3o Hidrogr\u00e1fica do Uruguai \u00c9 constitu\u00edda pela bacia hidrogr\u00e1fica do rio Uruguai situada no territ\u00f3rio nacional, estando limitada ao norte pela regi\u00e3o hidrogr\u00e1fica do Paran\u00e1, a oeste pela Argentina e ao sul pelo Uruguai. Com 2.200 &hellip; <a href=\"http:\/\/nossacasa.net\/nossosriachos\/rios\/bacia-do-uruguai\/\">Continue lendo <span class=\"meta-nav\">&rarr;<\/span><\/a><\/p>\n","protected":false},"author":1,"featured_media":90,"parent":0,"menu_order":0,"comment_status":"closed","ping_status":"closed","template":"","meta":{"footnotes":""},"class_list":["post-45","page","type-page","status-publish","has-post-thumbnail","hentry"],"_links":{"self":[{"href":"http:\/\/nossacasa.net\/nossosriachos\/rios\/wp-json\/wp\/v2\/pages\/45","targetHints":{"allow":["GET"]}}],"collection":[{"href":"http:\/\/nossacasa.net\/nossosriachos\/rios\/wp-json\/wp\/v2\/pages"}],"about":[{"href":"http:\/\/nossacasa.net\/nossosriachos\/rios\/wp-json\/wp\/v2\/types\/page"}],"author":[{"embeddable":true,"href":"http:\/\/nossacasa.net\/nossosriachos\/rios\/wp-json\/wp\/v2\/users\/1"}],"replies":[{"embeddable":true,"href":"http:\/\/nossacasa.net\/nossosriachos\/rios\/wp-json\/wp\/v2\/comments?post=45"}],"version-history":[{"count":4,"href":"http:\/\/nossacasa.net\/nossosriachos\/rios\/wp-json\/wp\/v2\/pages\/45\/revisions"}],"predecessor-version":[{"id":129,"href":"http:\/\/nossacasa.net\/nossosriachos\/rios\/wp-json\/wp\/v2\/pages\/45\/revisions\/129"}],"wp:featuredmedia":[{"embeddable":true,"href":"http:\/\/nossacasa.net\/nossosriachos\/rios\/wp-json\/wp\/v2\/media\/90"}],"wp:attachment":[{"href":"http:\/\/nossacasa.net\/nossosriachos\/rios\/wp-json\/wp\/v2\/media?parent=45"}],"curies":[{"name":"wp","href":"https:\/\/api.w.org\/{rel}","templated":true}]}}