{"id":468,"date":"2019-08-05T14:12:51","date_gmt":"2019-08-05T17:12:51","guid":{"rendered":"http:\/\/nossacasa.net\/nossosriachos\/rios\/?page_id=468"},"modified":"2019-09-05T21:10:17","modified_gmt":"2019-09-06T00:10:17","slug":"anguilliformes","status":"publish","type":"page","link":"http:\/\/nossacasa.net\/nossosriachos\/rios\/anguilliformes\/","title":{"rendered":"Anguilliformes"},"content":{"rendered":"<div style=\"text-align: justify;\">\n<h1>Os Anguilliformes Berg, 1943<\/h1>\n<p><img loading=\"lazy\" decoding=\"async\" src=\"http:\/\/nossacasa.net\/nossosriachos\/rios\/wp-content\/uploads\/sites\/8\/2019\/08\/Anguilliformes.png\" alt=\"\" width=\"800\" height=\"235\" class=\"aligncenter size-full wp-image-469\" srcset=\"http:\/\/nossacasa.net\/nossosriachos\/rios\/wp-content\/uploads\/sites\/8\/2019\/08\/Anguilliformes.png 800w, http:\/\/nossacasa.net\/nossosriachos\/rios\/wp-content\/uploads\/sites\/8\/2019\/08\/Anguilliformes-300x88.png 300w, http:\/\/nossacasa.net\/nossosriachos\/rios\/wp-content\/uploads\/sites\/8\/2019\/08\/Anguilliformes-768x226.png 768w, http:\/\/nossacasa.net\/nossosriachos\/rios\/wp-content\/uploads\/sites\/8\/2019\/08\/Anguilliformes-500x147.png 500w\" sizes=\"auto, (max-width: 800px) 100vw, 800px\" \/><\/p>\n<p>A ordem <strong>Anguilliformes<\/strong> \u00e9 composta por 15 fam\u00edlias com aproximadamente 791 esp\u00e9cies. Essa ordem compreende as enguias e moreias, que durante os est\u00e1gios iniciais de desenvolvimento possuem larvas denominadas leptocephalus. Essas larvas possuem cabe\u00e7a diminuta e corpo lateralmente comprimido e transparente, permitindo a visualiza\u00e7\u00e3o dos mi\u00f4meros. As leptocephali dessa ordem podem variar de exemplares pequenos a muito grandes. Possuem nadadeira caudal pequena e cont\u00ednua com as nadadeiras dorsal e anal. N\u00e3o possuem nadadeiras p\u00e9lvicas. As nadadeiras peitorais podem ser presentes ou ausentes, sendo de tamanho reduzido em alguns casos (Bonecker et al., 2014).<\/p>\n<p>Nos tabuleiros da Mata Atl\u00e2ntica encontramos apenas esp\u00e9cies da fam\u00edlia <strong><a href=\"http:\/\/nossacasa.net\/nossosriachos\/rios\/ophichthidae\/\">Ophichthidae<\/a><\/strong>, pertencentes a subordem dos Congroidei.<\/p>\n<hr>\n<p><a href=\"http:\/\/nossacasa.net\/nossosriachos\/rios\/chave-de-anguilliformes\/\">CHAVE DE ANGUILIFORMES<\/a><\/p>\n<hr>\n<\/div>\n","protected":false},"excerpt":{"rendered":"<p>Os Anguilliformes Berg, 1943 A ordem Anguilliformes \u00e9 composta por 15 fam\u00edlias com aproximadamente 791 esp\u00e9cies. Essa ordem compreende as enguias e moreias, que durante os est\u00e1gios iniciais de desenvolvimento possuem larvas denominadas leptocephalus. Essas larvas possuem cabe\u00e7a diminuta e &hellip; <a href=\"http:\/\/nossacasa.net\/nossosriachos\/rios\/anguilliformes\/\">Continue lendo <span class=\"meta-nav\">&rarr;<\/span><\/a><\/p>\n","protected":false},"author":1,"featured_media":0,"parent":0,"menu_order":0,"comment_status":"closed","ping_status":"closed","template":"","meta":{"footnotes":""},"class_list":["post-468","page","type-page","status-publish","hentry"],"_links":{"self":[{"href":"http:\/\/nossacasa.net\/nossosriachos\/rios\/wp-json\/wp\/v2\/pages\/468","targetHints":{"allow":["GET"]}}],"collection":[{"href":"http:\/\/nossacasa.net\/nossosriachos\/rios\/wp-json\/wp\/v2\/pages"}],"about":[{"href":"http:\/\/nossacasa.net\/nossosriachos\/rios\/wp-json\/wp\/v2\/types\/page"}],"author":[{"embeddable":true,"href":"http:\/\/nossacasa.net\/nossosriachos\/rios\/wp-json\/wp\/v2\/users\/1"}],"replies":[{"embeddable":true,"href":"http:\/\/nossacasa.net\/nossosriachos\/rios\/wp-json\/wp\/v2\/comments?post=468"}],"version-history":[{"count":9,"href":"http:\/\/nossacasa.net\/nossosriachos\/rios\/wp-json\/wp\/v2\/pages\/468\/revisions"}],"predecessor-version":[{"id":1257,"href":"http:\/\/nossacasa.net\/nossosriachos\/rios\/wp-json\/wp\/v2\/pages\/468\/revisions\/1257"}],"wp:attachment":[{"href":"http:\/\/nossacasa.net\/nossosriachos\/rios\/wp-json\/wp\/v2\/media?parent=468"}],"curies":[{"name":"wp","href":"https:\/\/api.w.org\/{rel}","templated":true}]}}