{"id":478,"date":"2019-08-05T14:32:21","date_gmt":"2019-08-05T17:32:21","guid":{"rendered":"http:\/\/nossacasa.net\/nossosriachos\/rios\/?page_id=478"},"modified":"2019-09-07T12:17:48","modified_gmt":"2019-09-07T15:17:48","slug":"ophichthidae","status":"publish","type":"page","link":"http:\/\/nossacasa.net\/nossosriachos\/rios\/ophichthidae\/","title":{"rendered":"Ophichthidae"},"content":{"rendered":"<div style=\"text-align: justify;\">\n<strong>Os Ophichthidae<\/strong> G\u00fcnther, 1870<\/p>\n<p><img loading=\"lazy\" decoding=\"async\" src=\"http:\/\/nossacasa.net\/nossosriachos\/rios\/wp-content\/uploads\/sites\/8\/2019\/08\/Ophichthidae-1.png\" alt=\"\" width=\"800\" height=\"679\" class=\"aligncenter size-full wp-image-636\" srcset=\"http:\/\/nossacasa.net\/nossosriachos\/rios\/wp-content\/uploads\/sites\/8\/2019\/08\/Ophichthidae-1.png 800w, http:\/\/nossacasa.net\/nossosriachos\/rios\/wp-content\/uploads\/sites\/8\/2019\/08\/Ophichthidae-1-300x255.png 300w, http:\/\/nossacasa.net\/nossosriachos\/rios\/wp-content\/uploads\/sites\/8\/2019\/08\/Ophichthidae-1-768x652.png 768w, http:\/\/nossacasa.net\/nossosriachos\/rios\/wp-content\/uploads\/sites\/8\/2019\/08\/Ophichthidae-1-353x300.png 353w\" sizes=\"auto, (max-width: 800px) 100vw, 800px\" \/><br \/>\nAlgumas caracter\u00edsticas da fam\u00edlia <strong>Ophichthidae<\/strong> est\u00e3o indicadas na figura acima.<\/p>\n<p>A fam\u00edlia <strong>Ophichthidae<\/strong> \u00e9 a \u00fanica representante dos Anguilliformes nas regi\u00f5es dos tabuleiros, sendo encontrada pr\u00f3ximo a foz dos pequenos riachos que desembocam no Oceano Atl\u00e2ntico. Os peixes <strong>Ophichthidae<\/strong> s\u00e3o coletivamente chamados de Caramuru no extremo sul da Bahia.<\/p>\n<p>A fam\u00edlia <strong>Ophichthidae<\/strong> \u00e9 marinha, mas algumas esp\u00e9cies ocasionalmente podem entrar em ambientes de \u00e1gua doce. Ocorre nos oceanos tropicais e temperados quentes. Compreende 52 g\u00eaneros com 250 esp\u00e9cies (Eschmeyer &#038; Fricke, 2019). Os est\u00e1gios larvais de peixes desta fam\u00edlia s\u00e3o nomeados de larva lepidoc\u00e9fala, vivem no plancton, e experimentam metamorfose no seu desenvolvimento. As larvas s\u00e3o alongadas com tamanho que n\u00e3o chega a 100 mm. Possuem no m\u00ednimo duas voltas no intestino, f\u00edgado dividido em dois ou tr\u00eas l\u00f3bulos com uma ves\u00edcula gasosa presente no \u00faltimo l\u00f3bulo. Uma caracter\u00edstica importante \u00e9 que o nefros termina at\u00e9 15 mi\u00f4meros antes do \u00e2nus (http:\/\/www.intranet.biologia.ufrj.br).<\/p>\n<p>Na regi\u00e3o dos tabuleiros da Mata Atl\u00e2ntica foram encontrados tr\u00eas g\u00eaneros pertencentes a fam\u00edlia <strong>Ophichthidae<\/strong>: <em><a href=\"http:\/\/nossacasa.net\/nossosriachos\/rios\/ahlia\/\">Ahlia<\/a><\/em>, <em><a href=\"http:\/\/nossacasa.net\/nossosriachos\/rios\/myrophis\/\">Myrophis<\/a><\/em> e <em><a href=\"http:\/\/nossacasa.net\/nossosriachos\/rios\/ophichthus\/\">Ophichthus<\/a><\/em>.<\/p>\n<hr>\n<p><a href=\"http:\/\/nossacasa.net\/nossosriachos\/rios\/chave-de-ophichthidae\/\">CHAVE DE OPHICHTHIDAE<\/a><\/p>\n<hr>\n<\/div>\n","protected":false},"excerpt":{"rendered":"<p>Os Ophichthidae G\u00fcnther, 1870 Algumas caracter\u00edsticas da fam\u00edlia Ophichthidae est\u00e3o indicadas na figura acima. A fam\u00edlia Ophichthidae \u00e9 a \u00fanica representante dos Anguilliformes nas regi\u00f5es dos tabuleiros, sendo encontrada pr\u00f3ximo a foz dos pequenos riachos que desembocam no Oceano Atl\u00e2ntico. &hellip; <a href=\"http:\/\/nossacasa.net\/nossosriachos\/rios\/ophichthidae\/\">Continue lendo <span class=\"meta-nav\">&rarr;<\/span><\/a><\/p>\n","protected":false},"author":1,"featured_media":0,"parent":0,"menu_order":0,"comment_status":"closed","ping_status":"closed","template":"","meta":{"footnotes":""},"class_list":["post-478","page","type-page","status-publish","hentry"],"_links":{"self":[{"href":"http:\/\/nossacasa.net\/nossosriachos\/rios\/wp-json\/wp\/v2\/pages\/478","targetHints":{"allow":["GET"]}}],"collection":[{"href":"http:\/\/nossacasa.net\/nossosriachos\/rios\/wp-json\/wp\/v2\/pages"}],"about":[{"href":"http:\/\/nossacasa.net\/nossosriachos\/rios\/wp-json\/wp\/v2\/types\/page"}],"author":[{"embeddable":true,"href":"http:\/\/nossacasa.net\/nossosriachos\/rios\/wp-json\/wp\/v2\/users\/1"}],"replies":[{"embeddable":true,"href":"http:\/\/nossacasa.net\/nossosriachos\/rios\/wp-json\/wp\/v2\/comments?post=478"}],"version-history":[{"count":5,"href":"http:\/\/nossacasa.net\/nossosriachos\/rios\/wp-json\/wp\/v2\/pages\/478\/revisions"}],"predecessor-version":[{"id":1418,"href":"http:\/\/nossacasa.net\/nossosriachos\/rios\/wp-json\/wp\/v2\/pages\/478\/revisions\/1418"}],"wp:attachment":[{"href":"http:\/\/nossacasa.net\/nossosriachos\/rios\/wp-json\/wp\/v2\/media?parent=478"}],"curies":[{"name":"wp","href":"https:\/\/api.w.org\/{rel}","templated":true}]}}