{"id":544,"date":"2019-08-06T15:16:15","date_gmt":"2019-08-06T18:16:15","guid":{"rendered":"http:\/\/nossacasa.net\/nossosriachos\/rios\/?page_id=544"},"modified":"2019-09-06T11:55:20","modified_gmt":"2019-09-06T14:55:20","slug":"cichliformes","status":"publish","type":"page","link":"http:\/\/nossacasa.net\/nossosriachos\/rios\/cichliformes\/","title":{"rendered":"Cichliformes"},"content":{"rendered":"<div style=\"text-align: justify;\">\n<h1>Os Cichliformes<\/h1>\n<p><img loading=\"lazy\" decoding=\"async\" src=\"http:\/\/nossacasa.net\/nossosriachos\/rios\/wp-content\/uploads\/sites\/8\/2019\/08\/Ordem_9A.png\" alt=\"\" width=\"800\" height=\"416\" class=\"aligncenter size-full wp-image-456\" srcset=\"http:\/\/nossacasa.net\/nossosriachos\/rios\/wp-content\/uploads\/sites\/8\/2019\/08\/Ordem_9A.png 800w, http:\/\/nossacasa.net\/nossosriachos\/rios\/wp-content\/uploads\/sites\/8\/2019\/08\/Ordem_9A-300x156.png 300w, http:\/\/nossacasa.net\/nossosriachos\/rios\/wp-content\/uploads\/sites\/8\/2019\/08\/Ordem_9A-768x399.png 768w, http:\/\/nossacasa.net\/nossosriachos\/rios\/wp-content\/uploads\/sites\/8\/2019\/08\/Ordem_9A-500x260.png 500w\" sizes=\"auto, (max-width: 800px) 100vw, 800px\" \/> <\/p>\n<p>Os peixes da ordem <strong>Cichliformes<\/strong> formam um grupo natural, reconhecido recentemente atrav\u00e9s de estudos morfol\u00f3gicos e integrativos, incluindo an\u00e1lises moleculares (Betancur-R. et al. 2013, Mirande 2017, Betancur-R. et al. 2017, Ilves et al. 2018).<\/p>\n<p>Abrigam duas fam\u00edlias, que at\u00e9 recentemente estavam inclu\u00eddas dentro da taxonomicamente conflitiva ordem Perciformes: <strong>Cichlidae<\/strong> e  <strong>Pholidichthyidae<\/strong>. A fam\u00edlia <strong>Pholidichthyidae<\/strong> \u00e9 monot\u00edpica, enquanto a fam\u00edlia <strong>Cichlidae<\/strong> abriga 1711 esp\u00e9cies (Fricke et al. 2018) distribu\u00eddas em \u00e1gua doce e estu\u00e1rios da Am\u00e9rica do Sul, Am\u00e9rica central e Am\u00e9rica do norte. Habitam ainda a \u00c1frica, vale do rio Jord\u00e3o, Madagascar, Ir\u00e3, sul da \u00cdndia e Sri Lanka (Kullander<br \/>\n2003). <\/p>\n<p>Os peixes da fam\u00edlia <strong>Cichlidae<\/strong> incluem o mais diversificado agrupamento de peixes n\u00e3o ostariof\u00edseos a habitar as \u00e1guas doces do planeta.  Os ostariofiseos por sua vez comp\u00f5em a superordem Ostariophysi- ordens com registro para a regi\u00e3o neotropical incluem <strong>Characifirmes<\/strong>, <strong>Siluriformes<\/strong> e <strong>Gymnotiformes<\/strong>. <\/p>\n<p>Nos tabuleiros da Mata Atl\u00e2ntica encontramos apenas esp\u00e9cies da fam\u00edlia <strong><a href=\"http:\/\/nossacasa.net\/nossosriachos\/rios\/cichlidae\/\">Cichlidae<\/a><\/strong>, pertencentes a subordem dos Congroidei.<\/p>\n<hr>\n<p><a href=\"http:\/\/nossacasa.net\/nossosriachos\/rios\/chave-de-cichliformes\/\">CHAVE DE CICHLIFORMES<\/a><\/p>\n<hr>\n<\/div>\n","protected":false},"excerpt":{"rendered":"<p>Os Cichliformes Os peixes da ordem Cichliformes formam um grupo natural, reconhecido recentemente atrav\u00e9s de estudos morfol\u00f3gicos e integrativos, incluindo an\u00e1lises moleculares (Betancur-R. et al. 2013, Mirande 2017, Betancur-R. et al. 2017, Ilves et al. 2018). Abrigam duas fam\u00edlias, que &hellip; <a href=\"http:\/\/nossacasa.net\/nossosriachos\/rios\/cichliformes\/\">Continue lendo <span class=\"meta-nav\">&rarr;<\/span><\/a><\/p>\n","protected":false},"author":1,"featured_media":0,"parent":0,"menu_order":0,"comment_status":"closed","ping_status":"closed","template":"","meta":{"footnotes":""},"class_list":["post-544","page","type-page","status-publish","hentry"],"_links":{"self":[{"href":"http:\/\/nossacasa.net\/nossosriachos\/rios\/wp-json\/wp\/v2\/pages\/544","targetHints":{"allow":["GET"]}}],"collection":[{"href":"http:\/\/nossacasa.net\/nossosriachos\/rios\/wp-json\/wp\/v2\/pages"}],"about":[{"href":"http:\/\/nossacasa.net\/nossosriachos\/rios\/wp-json\/wp\/v2\/types\/page"}],"author":[{"embeddable":true,"href":"http:\/\/nossacasa.net\/nossosriachos\/rios\/wp-json\/wp\/v2\/users\/1"}],"replies":[{"embeddable":true,"href":"http:\/\/nossacasa.net\/nossosriachos\/rios\/wp-json\/wp\/v2\/comments?post=544"}],"version-history":[{"count":6,"href":"http:\/\/nossacasa.net\/nossosriachos\/rios\/wp-json\/wp\/v2\/pages\/544\/revisions"}],"predecessor-version":[{"id":1337,"href":"http:\/\/nossacasa.net\/nossosriachos\/rios\/wp-json\/wp\/v2\/pages\/544\/revisions\/1337"}],"wp:attachment":[{"href":"http:\/\/nossacasa.net\/nossosriachos\/rios\/wp-json\/wp\/v2\/media?parent=544"}],"curies":[{"name":"wp","href":"https:\/\/api.w.org\/{rel}","templated":true}]}}