{"id":602,"date":"2019-08-10T12:34:00","date_gmt":"2019-08-10T15:34:00","guid":{"rendered":"http:\/\/nossacasa.net\/nossosriachos\/rios\/?page_id=602"},"modified":"2019-09-06T18:18:39","modified_gmt":"2019-09-06T21:18:39","slug":"syngnathiformes","status":"publish","type":"page","link":"http:\/\/nossacasa.net\/nossosriachos\/rios\/syngnathiformes\/","title":{"rendered":"Syngnathiformes"},"content":{"rendered":"<div style=\"text-align: justify;\">\n<strong>Os Syngnathiformes<\/strong><br \/>\n<img loading=\"lazy\" decoding=\"async\" src=\"http:\/\/nossacasa.net\/nossosriachos\/rios\/wp-content\/uploads\/sites\/8\/2019\/08\/Syngnathiforme.png\" alt=\"\" width=\"800\" height=\"211\" class=\"aligncenter size-full wp-image-603\" srcset=\"http:\/\/nossacasa.net\/nossosriachos\/rios\/wp-content\/uploads\/sites\/8\/2019\/08\/Syngnathiforme.png 800w, http:\/\/nossacasa.net\/nossosriachos\/rios\/wp-content\/uploads\/sites\/8\/2019\/08\/Syngnathiforme-300x79.png 300w, http:\/\/nossacasa.net\/nossosriachos\/rios\/wp-content\/uploads\/sites\/8\/2019\/08\/Syngnathiforme-768x203.png 768w, http:\/\/nossacasa.net\/nossosriachos\/rios\/wp-content\/uploads\/sites\/8\/2019\/08\/Syngnathiforme-500x132.png 500w\" sizes=\"auto, (max-width: 800px) 100vw, 800px\" \/><\/p>\n<p>Algumas caracter\u00edsticas dos <strong>Syngnathiformes<\/strong> encontram-se ilustradas acima.<\/p>\n<p>Os peixes da ordem <strong>Syngnathiformes<\/strong> formam um grupo bastante peculiar de peixes marinhos e estuarinos. Possuem a boca pequena, na extremidade distal do focinho tubular. <\/p>\n<p>Uma parcela das fam\u00edlias em Syngnathiformes possui o corpo totalmente revestido por placas articuladas. Inclui os cavalos marinhos e peixes cachimbo,  e ocorrem em \u00e1reas tropicais e temperadas.<\/p>\n<p>S\u00e3o organizados em oito fam\u00edlias abrigando quase 70 diferentes g\u00eaneros. Na regi\u00e3o Neotropical Syngnathidae \u00e9 a \u00fanica fam\u00edlia a habitar.<\/p>\n<p>Nos tabuleiros da Mata Atl\u00e2ntica encontramos esp\u00e9cie de uma \u00fanica fam\u00edlia de Syngnathiforme: <strong>Syngnathidae<\/strong>.<\/p>\n<hr>\n<p><a href=\"http:\/\/nossacasa.net\/nossosriachos\/rios\/chave-de-syngnathiformes\/\">CHAVE DE SYNGNATHIFORMES<\/a><\/p>\n<hr>\n<\/div>\n","protected":false},"excerpt":{"rendered":"<p>Os Syngnathiformes Algumas caracter\u00edsticas dos Syngnathiformes encontram-se ilustradas acima. Os peixes da ordem Syngnathiformes formam um grupo bastante peculiar de peixes marinhos e estuarinos. Possuem a boca pequena, na extremidade distal do focinho tubular. Uma parcela das fam\u00edlias em Syngnathiformes &hellip; <a href=\"http:\/\/nossacasa.net\/nossosriachos\/rios\/syngnathiformes\/\">Continue lendo <span class=\"meta-nav\">&rarr;<\/span><\/a><\/p>\n","protected":false},"author":1,"featured_media":0,"parent":0,"menu_order":0,"comment_status":"closed","ping_status":"closed","template":"","meta":{"footnotes":""},"class_list":["post-602","page","type-page","status-publish","hentry"],"_links":{"self":[{"href":"http:\/\/nossacasa.net\/nossosriachos\/rios\/wp-json\/wp\/v2\/pages\/602","targetHints":{"allow":["GET"]}}],"collection":[{"href":"http:\/\/nossacasa.net\/nossosriachos\/rios\/wp-json\/wp\/v2\/pages"}],"about":[{"href":"http:\/\/nossacasa.net\/nossosriachos\/rios\/wp-json\/wp\/v2\/types\/page"}],"author":[{"embeddable":true,"href":"http:\/\/nossacasa.net\/nossosriachos\/rios\/wp-json\/wp\/v2\/users\/1"}],"replies":[{"embeddable":true,"href":"http:\/\/nossacasa.net\/nossosriachos\/rios\/wp-json\/wp\/v2\/comments?post=602"}],"version-history":[{"count":3,"href":"http:\/\/nossacasa.net\/nossosriachos\/rios\/wp-json\/wp\/v2\/pages\/602\/revisions"}],"predecessor-version":[{"id":621,"href":"http:\/\/nossacasa.net\/nossosriachos\/rios\/wp-json\/wp\/v2\/pages\/602\/revisions\/621"}],"wp:attachment":[{"href":"http:\/\/nossacasa.net\/nossosriachos\/rios\/wp-json\/wp\/v2\/media?parent=602"}],"curies":[{"name":"wp","href":"https:\/\/api.w.org\/{rel}","templated":true}]}}