{"id":653,"date":"2019-08-12T11:38:35","date_gmt":"2019-08-12T14:38:35","guid":{"rendered":"http:\/\/nossacasa.net\/nossosriachos\/rios\/?page_id=653"},"modified":"2019-08-13T11:22:19","modified_gmt":"2019-08-13T14:22:19","slug":"anostomidae","status":"publish","type":"page","link":"http:\/\/nossacasa.net\/nossosriachos\/rios\/anostomidae\/","title":{"rendered":"Anostomidae"},"content":{"rendered":"<div style=\"text-align: justify;\">\n<strong>Os Anostomidae<\/strong> G\u00fcnther, 1864<\/p>\n<p><img loading=\"lazy\" decoding=\"async\" src=\"http:\/\/nossacasa.net\/nossosriachos\/rios\/wp-content\/uploads\/sites\/8\/2019\/08\/Anostomidae.png\" alt=\"\" width=\"800\" height=\"182\" class=\"aligncenter size-full wp-image-654\" srcset=\"http:\/\/nossacasa.net\/nossosriachos\/rios\/wp-content\/uploads\/sites\/8\/2019\/08\/Anostomidae.png 800w, http:\/\/nossacasa.net\/nossosriachos\/rios\/wp-content\/uploads\/sites\/8\/2019\/08\/Anostomidae-300x68.png 300w, http:\/\/nossacasa.net\/nossosriachos\/rios\/wp-content\/uploads\/sites\/8\/2019\/08\/Anostomidae-768x175.png 768w, http:\/\/nossacasa.net\/nossosriachos\/rios\/wp-content\/uploads\/sites\/8\/2019\/08\/Anostomidae-500x114.png 500w\" sizes=\"auto, (max-width: 800px) 100vw, 800px\" \/><\/p>\n<p>Algumas caracter\u00edsticas da fam\u00edlia <strong>Anostomidae<\/strong> est\u00e3o indicadas na figura acima.<\/p>\n<p>A fam\u00edlia <strong>Anostomidae<\/strong> \u00e9 facilmente distinguida dos demais <strong>Characiformes<\/strong> na regi\u00e3o dos tabuleiros por conta do formato peculiar dos dentes, irregulares, com bordo cortante, em n\u00famero de tr\u00eas a quatro em cada arcada (Garavello &#038; Britski, 2003). Os dentes fortes e \u00e1speros lhes permitem ingerir alimentos duros, como sementes e ainda cortar folhas. O corpo fusiforme, caracter\u00edstico de peixes bons nadadores, as escamas grandes sobre o corpo, a nadadeira adiposa sempre presente facilitam seu reconhecimento. <\/p>\n<p>S\u00e3o peixes exclusivos dos ambientes de \u00e1gua doce, os adultos vivem nos grandes rios, nadando nas corredeiras, e muitas esp\u00e9cies s\u00e3o migradoras, percorrendo longas dist\u00e2ncias para se reproduzirem. Os jovens s\u00e3o muito mais coloridos que os adultos e se criam nos riachos, que lhes servem de ber\u00e7\u00e1rio. S\u00e3o coletivamente chamados de piau, e por serem peixes de tamanho m\u00e9dio a grande, alcan\u00e7ando at\u00e9 80 cent\u00edmetros, servem de alimento aos ribeirinhos e tem valor comercial. Ocorrem em diversos sistemas h\u00eddricos da regi\u00e3o neotropical, distribu\u00eddos em 15 g\u00eaneros com 158 esp\u00e9cies (Eschmeyer &#038; Fricke, 2019). <\/p>\n<p>Os tabuleiros da Mata Atl\u00e2ntica s\u00e3o povoados por peixes pertencentes a tr\u00eas g\u00eaneros da fam\u00edlia <strong>Anostomidae<\/strong>: <strong><em>Megaleporinus<\/em><\/strong>, <strong><em>Leporinus<\/em><\/strong> e <strong><em>Hypomasticus<\/em><\/strong>.<\/p>\n<hr>\n<p><a href=\"http:\/\/nossacasa.net\/nossosriachos\/rios\/chave-de-anostomidae\">CHAVE DE ANOSTOMIDAE<\/a><\/p>\n<\/div>\n","protected":false},"excerpt":{"rendered":"<p>Os Anostomidae G\u00fcnther, 1864 Algumas caracter\u00edsticas da fam\u00edlia Anostomidae est\u00e3o indicadas na figura acima. A fam\u00edlia Anostomidae \u00e9 facilmente distinguida dos demais Characiformes na regi\u00e3o dos tabuleiros por conta do formato peculiar dos dentes, irregulares, com bordo cortante, em n\u00famero &hellip; <a href=\"http:\/\/nossacasa.net\/nossosriachos\/rios\/anostomidae\/\">Continue lendo <span class=\"meta-nav\">&rarr;<\/span><\/a><\/p>\n","protected":false},"author":1,"featured_media":0,"parent":0,"menu_order":0,"comment_status":"closed","ping_status":"closed","template":"","meta":{"footnotes":""},"class_list":["post-653","page","type-page","status-publish","hentry"],"_links":{"self":[{"href":"http:\/\/nossacasa.net\/nossosriachos\/rios\/wp-json\/wp\/v2\/pages\/653","targetHints":{"allow":["GET"]}}],"collection":[{"href":"http:\/\/nossacasa.net\/nossosriachos\/rios\/wp-json\/wp\/v2\/pages"}],"about":[{"href":"http:\/\/nossacasa.net\/nossosriachos\/rios\/wp-json\/wp\/v2\/types\/page"}],"author":[{"embeddable":true,"href":"http:\/\/nossacasa.net\/nossosriachos\/rios\/wp-json\/wp\/v2\/users\/1"}],"replies":[{"embeddable":true,"href":"http:\/\/nossacasa.net\/nossosriachos\/rios\/wp-json\/wp\/v2\/comments?post=653"}],"version-history":[{"count":3,"href":"http:\/\/nossacasa.net\/nossosriachos\/rios\/wp-json\/wp\/v2\/pages\/653\/revisions"}],"predecessor-version":[{"id":682,"href":"http:\/\/nossacasa.net\/nossosriachos\/rios\/wp-json\/wp\/v2\/pages\/653\/revisions\/682"}],"wp:attachment":[{"href":"http:\/\/nossacasa.net\/nossosriachos\/rios\/wp-json\/wp\/v2\/media?parent=653"}],"curies":[{"name":"wp","href":"https:\/\/api.w.org\/{rel}","templated":true}]}}