{"id":678,"date":"2019-08-13T11:20:51","date_gmt":"2019-08-13T14:20:51","guid":{"rendered":"http:\/\/nossacasa.net\/nossosriachos\/rios\/?page_id=678"},"modified":"2019-08-13T11:20:51","modified_gmt":"2019-08-13T14:20:51","slug":"bryconidae","status":"publish","type":"page","link":"http:\/\/nossacasa.net\/nossosriachos\/rios\/bryconidae\/","title":{"rendered":"Bryconidae"},"content":{"rendered":"<div style=\"text-align: justify;\">\n<strong>Os Bryconidae<\/strong> <\/p>\n<p><img loading=\"lazy\" decoding=\"async\" src=\"http:\/\/nossacasa.net\/nossosriachos\/rios\/wp-content\/uploads\/sites\/8\/2019\/08\/Bryconidae_s.png\" alt=\"\" width=\"800\" height=\"193\" class=\"aligncenter size-full wp-image-680\" srcset=\"http:\/\/nossacasa.net\/nossosriachos\/rios\/wp-content\/uploads\/sites\/8\/2019\/08\/Bryconidae_s.png 800w, http:\/\/nossacasa.net\/nossosriachos\/rios\/wp-content\/uploads\/sites\/8\/2019\/08\/Bryconidae_s-300x72.png 300w, http:\/\/nossacasa.net\/nossosriachos\/rios\/wp-content\/uploads\/sites\/8\/2019\/08\/Bryconidae_s-768x185.png 768w, http:\/\/nossacasa.net\/nossosriachos\/rios\/wp-content\/uploads\/sites\/8\/2019\/08\/Bryconidae_s-500x121.png 500w\" sizes=\"auto, (max-width: 800px) 100vw, 800px\" \/><br \/>\n<img loading=\"lazy\" decoding=\"async\" src=\"http:\/\/nossacasa.net\/nossosriachos\/rios\/wp-content\/uploads\/sites\/8\/2019\/08\/Bryconidae_i.png\" alt=\"\" width=\"800\" height=\"485\" class=\"aligncenter size-full wp-image-679\" srcset=\"http:\/\/nossacasa.net\/nossosriachos\/rios\/wp-content\/uploads\/sites\/8\/2019\/08\/Bryconidae_i.png 800w, http:\/\/nossacasa.net\/nossosriachos\/rios\/wp-content\/uploads\/sites\/8\/2019\/08\/Bryconidae_i-300x182.png 300w, http:\/\/nossacasa.net\/nossosriachos\/rios\/wp-content\/uploads\/sites\/8\/2019\/08\/Bryconidae_i-768x466.png 768w, http:\/\/nossacasa.net\/nossosriachos\/rios\/wp-content\/uploads\/sites\/8\/2019\/08\/Bryconidae_i-495x300.png 495w\" sizes=\"auto, (max-width: 800px) 100vw, 800px\" \/><\/p>\n<p>Algumas caracter\u00edsticas da fam\u00edlia <strong>Bryconidae<\/strong> est\u00e3o indicadas na figura acima.<\/p>\n<p>A fam\u00edlia <strong>Bryconidae<\/strong> (Piabanha) \u00e9 facilmente distinguida dos demais <strong>Characiformes<\/strong> na regi\u00e3o dos tabuleiros por apresentarem m\u00faltiplas fileiras de dentes, organizados em duas a tr\u00eas fileiras no premaxilar (Abe et al, 2014). Os ossos infraorbitais s\u00e3o bem desenvolvidos e nitidamente vis\u00edveis na cabe\u00e7a, entre olhos e op\u00e9rculo. Corpo fusiforme, olhos grandes, nadadeira adiposa presente.<\/p>\n<p>S\u00e3o peixes de ambientes de \u00e1gua doce, os adultos vivem nos grandes rios e \u00e1reas lacustres. Juvenis podem ser encontrados em riachos, em \u00e1reas de cabeceira. Todos os <strong>Bryconidae<\/strong> s\u00e3o nadadores ativos, em meia \u00e1gua ou superf\u00edcie. Alguns <strong>Bryconidae<\/strong> s\u00e3o conhecidos pela sua frugivoria, e a capacidade de dispers\u00e3o de sementes. Por apreciarem consumir sementes na alimenta\u00e7\u00e3o gostam de viver em rios com mata ciliar.  Contudo, a maioria das esp\u00e9cies desta fam\u00edlia se encontra em categoria de amea\u00e7a de extin\u00e7\u00e3o, j\u00e1 que a supress\u00e3o da vegeta\u00e7\u00e3o natural na floresta de tabuleiro, deixou poucos ambientes para esses peixes em rios e riachos. No passado eram apreciados como alimento, e alvo da pesca recreativa. Ocorrem naturalmente em diversos sistemas h\u00eddricos da regi\u00e3o neotropical, distribu\u00eddos em 4 g\u00eaneros com 49 esp\u00e9cies (Eschmeyer &#038; Fricke, 2019). <\/p>\n<p>Os tabuleiros da Mata Atl\u00e2ntica s\u00e3o povoados por peixes pertencentes a tr\u00eas g\u00eaneros da fam\u00edlia <strong>Bryconidaee<\/strong>: <strong><em>Brycon<\/em><\/strong>, <strong><em>Henochilus<\/em><\/strong> e <strong><em>Salminus<\/em><\/strong>.<\/p>\n<p>Os tabuleiros da Mata Atl\u00e2ntica s\u00e3o povoados por peixes pertencentes a tr\u00eas g\u00eaneros da fam\u00edlia : ,  e , com um total de seis esp\u00e9cies na regi\u00e3o.<\/p>\n<hr>\n<p><a href=\"http:\/\/nossacasa.net\/nossosriachos\/rios\/chave-de-bryconidae\">CHAVE DE BRYCONIDAE<\/a><\/p>\n<\/div>\n","protected":false},"excerpt":{"rendered":"<p>Os Bryconidae Algumas caracter\u00edsticas da fam\u00edlia Bryconidae est\u00e3o indicadas na figura acima. A fam\u00edlia Bryconidae (Piabanha) \u00e9 facilmente distinguida dos demais Characiformes na regi\u00e3o dos tabuleiros por apresentarem m\u00faltiplas fileiras de dentes, organizados em duas a tr\u00eas fileiras no premaxilar &hellip; <a href=\"http:\/\/nossacasa.net\/nossosriachos\/rios\/bryconidae\/\">Continue lendo <span class=\"meta-nav\">&rarr;<\/span><\/a><\/p>\n","protected":false},"author":1,"featured_media":0,"parent":0,"menu_order":0,"comment_status":"closed","ping_status":"closed","template":"","meta":{"footnotes":""},"class_list":["post-678","page","type-page","status-publish","hentry"],"_links":{"self":[{"href":"http:\/\/nossacasa.net\/nossosriachos\/rios\/wp-json\/wp\/v2\/pages\/678","targetHints":{"allow":["GET"]}}],"collection":[{"href":"http:\/\/nossacasa.net\/nossosriachos\/rios\/wp-json\/wp\/v2\/pages"}],"about":[{"href":"http:\/\/nossacasa.net\/nossosriachos\/rios\/wp-json\/wp\/v2\/types\/page"}],"author":[{"embeddable":true,"href":"http:\/\/nossacasa.net\/nossosriachos\/rios\/wp-json\/wp\/v2\/users\/1"}],"replies":[{"embeddable":true,"href":"http:\/\/nossacasa.net\/nossosriachos\/rios\/wp-json\/wp\/v2\/comments?post=678"}],"version-history":[{"count":1,"href":"http:\/\/nossacasa.net\/nossosriachos\/rios\/wp-json\/wp\/v2\/pages\/678\/revisions"}],"predecessor-version":[{"id":681,"href":"http:\/\/nossacasa.net\/nossosriachos\/rios\/wp-json\/wp\/v2\/pages\/678\/revisions\/681"}],"wp:attachment":[{"href":"http:\/\/nossacasa.net\/nossosriachos\/rios\/wp-json\/wp\/v2\/media?parent=678"}],"curies":[{"name":"wp","href":"https:\/\/api.w.org\/{rel}","templated":true}]}}