{"id":731,"date":"2019-08-14T17:39:25","date_gmt":"2019-08-14T20:39:25","guid":{"rendered":"http:\/\/nossacasa.net\/nossosriachos\/rios\/?page_id=731"},"modified":"2019-08-14T17:46:52","modified_gmt":"2019-08-14T20:46:52","slug":"crenuchidae","status":"publish","type":"page","link":"http:\/\/nossacasa.net\/nossosriachos\/rios\/crenuchidae\/","title":{"rendered":"Crenuchidae"},"content":{"rendered":"<div style=\"text-align: justify;\">\n<strong>Os Crenuchidae<\/strong> <\/p>\n<p><img loading=\"lazy\" decoding=\"async\" src=\"http:\/\/nossacasa.net\/nossosriachos\/rios\/wp-content\/uploads\/sites\/8\/2019\/08\/Crenuchidae-1.png\" alt=\"\" width=\"800\" height=\"336\" class=\"aligncenter size-full wp-image-733\" srcset=\"http:\/\/nossacasa.net\/nossosriachos\/rios\/wp-content\/uploads\/sites\/8\/2019\/08\/Crenuchidae-1.png 800w, http:\/\/nossacasa.net\/nossosriachos\/rios\/wp-content\/uploads\/sites\/8\/2019\/08\/Crenuchidae-1-300x126.png 300w, http:\/\/nossacasa.net\/nossosriachos\/rios\/wp-content\/uploads\/sites\/8\/2019\/08\/Crenuchidae-1-768x323.png 768w, http:\/\/nossacasa.net\/nossosriachos\/rios\/wp-content\/uploads\/sites\/8\/2019\/08\/Crenuchidae-1-500x210.png 500w\" sizes=\"auto, (max-width: 800px) 100vw, 800px\" \/><\/p>\n<p>Algumas caracter\u00edsticas da fam\u00edlia <strong>Crenuchidae<\/strong> s\u00e3o ilustradas na figura acima.<\/p>\n<p><strong><em>Characidium<\/em><\/strong> \u00e9 o mais especioso g\u00eanero da fam\u00edlia <strong>Crenuchidae<\/strong>, e o \u00fanico com registro para os rios da Mata Atl\u00e2ntica de tabuleiros. Nos \u00faltimos dez anos estudos ictiol\u00f3gicos no Esp\u00edrito Santo e Bahia vem permitindo o reconhecimento de novas esp\u00e9cies em <strong><em>Characidium<\/em><\/strong> (Malanski et al., 2019). <\/p>\n<p>A floresta de tabuleiro \u00e9 habitada por cinco distintas esp\u00e9cies de <strong><em>Characidium<\/em><\/strong>.<\/p>\n<p><strong><em>Characidium<\/em><\/strong> regionalmente inclui peixes de tamanho pequeno, n\u00e3o ultrapassando 80 mil\u00edmetros de comprimento padr\u00e3o, em geral com uma faixa escura lateral vis\u00edvel e barras verticais irregulares, muitas vezes pouco evidentes. Em geral possuem uma consp\u00edcua mancha basicaudal. O colorido entre jovens e adultos \u00e9 vari\u00e1vel e pode confundir a identifica\u00e7\u00e3o da esp\u00e9cie. A boca sub-inferior aproximadamente reta cont\u00e9m delicados dentes cuspidados, aproximadamente sim\u00e9tricos, que lhes permite uma alimenta\u00e7\u00e3o perifit\u00edvora. S\u00e3o peixes de nata\u00e7\u00e3o ativa, habitando \u00e1guas de correnteza moderada a r\u00e1pida e fundo pedregoso dos riachos. S\u00e3o peixes sem import\u00e2ncia comercial, n\u00e3o aproveitados como fonte de alimento, e raramente s\u00e3o encontrados na aquariofilia, como esp\u00e9cie ornamental.<\/p>\n<p>Os tabuleiros da Mata Atl\u00e2ntica possui apenas um g\u00eanero da fam\u00edlia <strong>Crenuchidae<\/strong>: <strong><em>Characidium<\/em><\/strong>.<\/p>\n<hr>\n<p><a href=\"http:\/\/nossacasa.net\/nossosriachos\/rios\/chave-de-crenuchidae\">CHAVE DE CRENUCHIDAE<\/a>\n<\/div>\n","protected":false},"excerpt":{"rendered":"<p>Os Crenuchidae Algumas caracter\u00edsticas da fam\u00edlia Crenuchidae s\u00e3o ilustradas na figura acima. Characidium \u00e9 o mais especioso g\u00eanero da fam\u00edlia Crenuchidae, e o \u00fanico com registro para os rios da Mata Atl\u00e2ntica de tabuleiros. Nos \u00faltimos dez anos estudos ictiol\u00f3gicos &hellip; <a href=\"http:\/\/nossacasa.net\/nossosriachos\/rios\/crenuchidae\/\">Continue lendo <span class=\"meta-nav\">&rarr;<\/span><\/a><\/p>\n","protected":false},"author":1,"featured_media":0,"parent":0,"menu_order":0,"comment_status":"closed","ping_status":"closed","template":"","meta":{"footnotes":""},"class_list":["post-731","page","type-page","status-publish","hentry"],"_links":{"self":[{"href":"http:\/\/nossacasa.net\/nossosriachos\/rios\/wp-json\/wp\/v2\/pages\/731","targetHints":{"allow":["GET"]}}],"collection":[{"href":"http:\/\/nossacasa.net\/nossosriachos\/rios\/wp-json\/wp\/v2\/pages"}],"about":[{"href":"http:\/\/nossacasa.net\/nossosriachos\/rios\/wp-json\/wp\/v2\/types\/page"}],"author":[{"embeddable":true,"href":"http:\/\/nossacasa.net\/nossosriachos\/rios\/wp-json\/wp\/v2\/users\/1"}],"replies":[{"embeddable":true,"href":"http:\/\/nossacasa.net\/nossosriachos\/rios\/wp-json\/wp\/v2\/comments?post=731"}],"version-history":[{"count":3,"href":"http:\/\/nossacasa.net\/nossosriachos\/rios\/wp-json\/wp\/v2\/pages\/731\/revisions"}],"predecessor-version":[{"id":735,"href":"http:\/\/nossacasa.net\/nossosriachos\/rios\/wp-json\/wp\/v2\/pages\/731\/revisions\/735"}],"wp:attachment":[{"href":"http:\/\/nossacasa.net\/nossosriachos\/rios\/wp-json\/wp\/v2\/media?parent=731"}],"curies":[{"name":"wp","href":"https:\/\/api.w.org\/{rel}","templated":true}]}}