{"id":779,"date":"2019-08-28T15:21:26","date_gmt":"2019-08-28T18:21:26","guid":{"rendered":"http:\/\/nossacasa.net\/nossosriachos\/rios\/?page_id=779"},"modified":"2019-08-28T15:42:23","modified_gmt":"2019-08-28T18:42:23","slug":"prochilodontidae","status":"publish","type":"page","link":"http:\/\/nossacasa.net\/nossosriachos\/rios\/prochilodontidae\/","title":{"rendered":"Prochilodontidae"},"content":{"rendered":"<div style=\"text-align: justify;\">\n<strong>Os Prochilodontidae<\/strong><br \/>\n<img loading=\"lazy\" decoding=\"async\" src=\"http:\/\/nossacasa.net\/nossosriachos\/rios\/wp-content\/uploads\/sites\/8\/2019\/08\/Prochilodontidae-1.png\" alt=\"\" width=\"800\" height=\"323\" class=\"aligncenter size-full wp-image-783\" srcset=\"http:\/\/nossacasa.net\/nossosriachos\/rios\/wp-content\/uploads\/sites\/8\/2019\/08\/Prochilodontidae-1.png 800w, http:\/\/nossacasa.net\/nossosriachos\/rios\/wp-content\/uploads\/sites\/8\/2019\/08\/Prochilodontidae-1-300x121.png 300w, http:\/\/nossacasa.net\/nossosriachos\/rios\/wp-content\/uploads\/sites\/8\/2019\/08\/Prochilodontidae-1-768x310.png 768w, http:\/\/nossacasa.net\/nossosriachos\/rios\/wp-content\/uploads\/sites\/8\/2019\/08\/Prochilodontidae-1-500x202.png 500w\" sizes=\"auto, (max-width: 800px) 100vw, 800px\" \/><\/p>\n<p>Algumas caracter\u00edsticas da fam\u00edlia <strong>Prochilodontidae<\/strong>, s\u00e3o ilustradas na figura acima.est\u00e3o indicadas na figura acima.<\/p>\n<p>Os peixes da fam\u00edlia <strong>Prochilodontidae<\/strong> est\u00e3o distribu\u00eddos em tr\u00eas g\u00eaneros, dois deles ocorrendo apenas na regi\u00e3o Amaz\u00f4nica. <\/p>\n<p>Os tabuleiros da Mata Atl\u00e2ntica s\u00e3o povoados por peixes pertencentes a um g\u00eanero da fam\u00edlia <strong>Prochilodontidae<\/strong>: <strong><em>Prochilodus<\/em><\/strong>.<\/p>\n<hr>\n<p><a href=\"http:\/\/nossacasa.net\/nossosriachos\/rios\/chave-de-prochilodontidae\">CHAVE DE PROCHILODONTIDAE<\/a>\n<\/div>\n","protected":false},"excerpt":{"rendered":"<p>Os Prochilodontidae Algumas caracter\u00edsticas da fam\u00edlia Prochilodontidae, s\u00e3o ilustradas na figura acima.est\u00e3o indicadas na figura acima. Os peixes da fam\u00edlia Prochilodontidae est\u00e3o distribu\u00eddos em tr\u00eas g\u00eaneros, dois deles ocorrendo apenas na regi\u00e3o Amaz\u00f4nica. Os tabuleiros da Mata Atl\u00e2ntica s\u00e3o povoados &hellip; <a href=\"http:\/\/nossacasa.net\/nossosriachos\/rios\/prochilodontidae\/\">Continue lendo <span class=\"meta-nav\">&rarr;<\/span><\/a><\/p>\n","protected":false},"author":1,"featured_media":0,"parent":0,"menu_order":0,"comment_status":"closed","ping_status":"closed","template":"","meta":{"footnotes":""},"class_list":["post-779","page","type-page","status-publish","hentry"],"_links":{"self":[{"href":"http:\/\/nossacasa.net\/nossosriachos\/rios\/wp-json\/wp\/v2\/pages\/779","targetHints":{"allow":["GET"]}}],"collection":[{"href":"http:\/\/nossacasa.net\/nossosriachos\/rios\/wp-json\/wp\/v2\/pages"}],"about":[{"href":"http:\/\/nossacasa.net\/nossosriachos\/rios\/wp-json\/wp\/v2\/types\/page"}],"author":[{"embeddable":true,"href":"http:\/\/nossacasa.net\/nossosriachos\/rios\/wp-json\/wp\/v2\/users\/1"}],"replies":[{"embeddable":true,"href":"http:\/\/nossacasa.net\/nossosriachos\/rios\/wp-json\/wp\/v2\/comments?post=779"}],"version-history":[{"count":4,"href":"http:\/\/nossacasa.net\/nossosriachos\/rios\/wp-json\/wp\/v2\/pages\/779\/revisions"}],"predecessor-version":[{"id":785,"href":"http:\/\/nossacasa.net\/nossosriachos\/rios\/wp-json\/wp\/v2\/pages\/779\/revisions\/785"}],"wp:attachment":[{"href":"http:\/\/nossacasa.net\/nossosriachos\/rios\/wp-json\/wp\/v2\/media?parent=779"}],"curies":[{"name":"wp","href":"https:\/\/api.w.org\/{rel}","templated":true}]}}