{"id":840,"date":"2019-08-28T19:17:43","date_gmt":"2019-08-28T22:17:43","guid":{"rendered":"http:\/\/nossacasa.net\/nossosriachos\/rios\/?page_id=840"},"modified":"2019-08-28T19:17:43","modified_gmt":"2019-08-28T22:17:43","slug":"serrasalmidae","status":"publish","type":"page","link":"http:\/\/nossacasa.net\/nossosriachos\/rios\/serrasalmidae\/","title":{"rendered":"Serrasalmidae"},"content":{"rendered":"<div style=\"text-align: justify;\">\n<strong>Os Serrasalmidae<\/strong> (pacus e piranhas)<\/p>\n<p><img loading=\"lazy\" decoding=\"async\" src=\"http:\/\/nossacasa.net\/nossosriachos\/rios\/wp-content\/uploads\/sites\/8\/2019\/08\/Serrasalmidae-1.png\" alt=\"\" width=\"800\" height=\"569\" class=\"aligncenter size-full wp-image-830\" srcset=\"http:\/\/nossacasa.net\/nossosriachos\/rios\/wp-content\/uploads\/sites\/8\/2019\/08\/Serrasalmidae-1.png 800w, http:\/\/nossacasa.net\/nossosriachos\/rios\/wp-content\/uploads\/sites\/8\/2019\/08\/Serrasalmidae-1-300x213.png 300w, http:\/\/nossacasa.net\/nossosriachos\/rios\/wp-content\/uploads\/sites\/8\/2019\/08\/Serrasalmidae-1-768x546.png 768w, http:\/\/nossacasa.net\/nossosriachos\/rios\/wp-content\/uploads\/sites\/8\/2019\/08\/Serrasalmidae-1-422x300.png 422w\" sizes=\"auto, (max-width: 800px) 100vw, 800px\" \/><\/p>\n<p>Algumas caracter\u00edsticas da fam\u00edlia <strong>Serrasalmidae<\/strong>, s\u00e3o ilustradas na figura acima.est\u00e3o indicadas na figura acima.<\/p>\n<p>Pacus ou peixe CD e as piranhas comp\u00f5em a fam\u00edlia <strong>Serrasalmidae<\/strong>. Estes peixes possuem um corpo comprimido alto, marcado por uma quilha ventral geralmente com uma s\u00e9rie de espinhos abdominais e ainda um espinho pr\u00e9 dorsal orientado anteriormente, e localizado a frente da nadadeira dorsal (espinho ausente em <em>Piaractus<\/em>). <\/p>\n<p>Os pacus (<em>Metynnis<\/em> e <em>Myleus<\/em>) e tambaquis (<em>Piaractus<\/em>)s\u00e3o peixes aproveitados na pesca comercial e sua introdu\u00e7\u00e3o \u00e9 relativamente comum em diversas \u00e1reas. <\/p>\n<p>As piranhas s\u00e3o utilizadas na pesca de subsist\u00eancia. Todas as esp\u00e9cies aqui listadas de <strong>Serrasalmidae<\/strong> foram introduzidas no rio Doce e Barra seca. <\/p>\n<p>S\u00e3o peixes muito encontrados em \u00e1reas lacustres e ambientes de remanso. Pacus e tambaquis se alimentam de frutos e sementes, enquanto que piranhas s\u00e3o pisc\u00edvoras ou carniceiras. Grandes cardumes s\u00e3o encontrados nos lagos do baixo rio Doce.<\/p>\n<p>Na regi\u00e3o dos tabuleiros da Mata Atl\u00e2ntica foram encontrados cinco g\u00eaneros pertencentes a fam\u00edlia Serrasalmidae, cada um com uma esp\u00e9cie.<\/p>\n<p>Os tabuleiros da Mata Atl\u00e2ntica s\u00e3o povoados por peixes pertencentes a cinco g\u00eanero da fam\u00edlia <strong>Serrasalmidae<\/strong>: <em>Metynnis<\/em>, <em>Myleus<\/em>, <em>Piaractus<\/em>, <em>Pygocentrus<\/em> e <em>Serrasalmus<\/em>.<\/p>\n<hr>\n<p><a href=\"http:\/\/nossacasa.net\/nossosriachos\/rios\/chave-de-serrasalmidae\">CHAVE DE SERRASALMIDAE<\/a>\n<\/div>\n","protected":false},"excerpt":{"rendered":"<p>Os Serrasalmidae (pacus e piranhas) Algumas caracter\u00edsticas da fam\u00edlia Serrasalmidae, s\u00e3o ilustradas na figura acima.est\u00e3o indicadas na figura acima. Pacus ou peixe CD e as piranhas comp\u00f5em a fam\u00edlia Serrasalmidae. Estes peixes possuem um corpo comprimido alto, marcado por uma &hellip; <a href=\"http:\/\/nossacasa.net\/nossosriachos\/rios\/serrasalmidae\/\">Continue lendo <span class=\"meta-nav\">&rarr;<\/span><\/a><\/p>\n","protected":false},"author":1,"featured_media":0,"parent":0,"menu_order":0,"comment_status":"closed","ping_status":"closed","template":"","meta":{"footnotes":""},"class_list":["post-840","page","type-page","status-publish","hentry"],"_links":{"self":[{"href":"http:\/\/nossacasa.net\/nossosriachos\/rios\/wp-json\/wp\/v2\/pages\/840","targetHints":{"allow":["GET"]}}],"collection":[{"href":"http:\/\/nossacasa.net\/nossosriachos\/rios\/wp-json\/wp\/v2\/pages"}],"about":[{"href":"http:\/\/nossacasa.net\/nossosriachos\/rios\/wp-json\/wp\/v2\/types\/page"}],"author":[{"embeddable":true,"href":"http:\/\/nossacasa.net\/nossosriachos\/rios\/wp-json\/wp\/v2\/users\/1"}],"replies":[{"embeddable":true,"href":"http:\/\/nossacasa.net\/nossosriachos\/rios\/wp-json\/wp\/v2\/comments?post=840"}],"version-history":[{"count":1,"href":"http:\/\/nossacasa.net\/nossosriachos\/rios\/wp-json\/wp\/v2\/pages\/840\/revisions"}],"predecessor-version":[{"id":841,"href":"http:\/\/nossacasa.net\/nossosriachos\/rios\/wp-json\/wp\/v2\/pages\/840\/revisions\/841"}],"wp:attachment":[{"href":"http:\/\/nossacasa.net\/nossosriachos\/rios\/wp-json\/wp\/v2\/media?parent=840"}],"curies":[{"name":"wp","href":"https:\/\/api.w.org\/{rel}","templated":true}]}}