{"id":876,"date":"2019-08-29T15:16:07","date_gmt":"2019-08-29T18:16:07","guid":{"rendered":"http:\/\/nossacasa.net\/nossosriachos\/rios\/?page_id=876"},"modified":"2019-08-29T15:25:06","modified_gmt":"2019-08-29T18:25:06","slug":"auchenipteridae","status":"publish","type":"page","link":"http:\/\/nossacasa.net\/nossosriachos\/rios\/auchenipteridae\/","title":{"rendered":"Auchenipteridae"},"content":{"rendered":"<div style=\"text-align: justify;\">\n<strong>Os Auchenipteridae<\/strong> (judeu, pacu branco)<\/p>\n<p><img loading=\"lazy\" decoding=\"async\" src=\"http:\/\/nossacasa.net\/nossosriachos\/rios\/wp-content\/uploads\/sites\/8\/2019\/08\/Auchenipteridae-1.png\" alt=\"\" width=\"800\" height=\"308\" class=\"aligncenter size-full wp-image-878\" srcset=\"http:\/\/nossacasa.net\/nossosriachos\/rios\/wp-content\/uploads\/sites\/8\/2019\/08\/Auchenipteridae-1.png 800w, http:\/\/nossacasa.net\/nossosriachos\/rios\/wp-content\/uploads\/sites\/8\/2019\/08\/Auchenipteridae-1-300x116.png 300w, http:\/\/nossacasa.net\/nossosriachos\/rios\/wp-content\/uploads\/sites\/8\/2019\/08\/Auchenipteridae-1-768x296.png 768w, http:\/\/nossacasa.net\/nossosriachos\/rios\/wp-content\/uploads\/sites\/8\/2019\/08\/Auchenipteridae-1-500x193.png 500w\" sizes=\"auto, (max-width: 800px) 100vw, 800px\" \/><\/p>\n<p>Algumas caracter\u00edsticas da fam\u00edlia <strong>Auchenipteridae<\/strong>, s\u00e3o ilustradas na figura acima.<\/p>\n<p>Os <strong>Auchenipteridae<\/strong> s\u00e3o uma das poucas fam\u00edlias de peixes Siluriformes capazes de realizar fertiliza\u00e7\u00e3o interna. A modifica\u00e7\u00e3o da nadadeira anal de machos sexualmente maduros em um condutor de esperma \u00e9 uma das caracter\u00edsticas mais marcantes deste grupo. <\/p>\n<p>S\u00e3o peixes geralmente de h\u00e1bitos crepusculares a noturnos e muitas formas t\u00eam h\u00e1bitos associados ao fundo (demersais), sendo encontrados no leito profundo de rios e lagos. <\/p>\n<p>Poucas esp\u00e9cies de bagres de \u00e1gua doce frequentam \u00e1reas estuarinas, mas entre os auchenipter\u00eddeos na Mata Atl\u00e2ntica de tabuleiros h\u00e1 uma esp\u00e9cie comumente encontrada em \u00e1guas salobras: Pseudauchenipterus affinis. Estes bagres chegam a ser capturados em \u00e1reas estuarinas junto com esp\u00e9cies do bagre marinho Genidens genidens, junto a desembocadura de grandes rios, e n\u00e3o raro, h\u00e1 confus\u00e3o no reconhecimento destes bagres de \u00e1gua doce e salgada. <\/p>\n<p>Pseudauchenipterus affinis pode facilmente ser distinguida das esp\u00e9cies marinhas de Ariidae por possuir as narinas anterior e posterior afastadas entre si (versus narinas muito pr\u00f3ximas entre si em Ariidae).  A esp\u00e9cie mais comum na Mata Atl\u00e2ntica Nordeste \u00e9 o Judeu, Parauchenipterus striatulus, comum em lagoas marginais e rios de correnteza fraca. Na Mata Atl\u00e2ntica de tabuleiros s\u00e3o reconhecidos tr\u00eas g\u00eaneros com uma esp\u00e9cie cada.. <\/p>\n<p>Os tabuleiros da Mata Atl\u00e2ntica s\u00e3o povoados por peixes pertencentes a tr\u00eas g\u00eanero da fam\u00edlia <strong>Auchenipteridae<\/strong>: <em>Glanidium<\/em>, <em>Pseudauchenipterus<\/em> e <em>Trachelyopterus<\/em>. <\/p>\n<hr>\n<p><a href=\"http:\/\/nossacasa.net\/nossosriachos\/rios\/chave-de-auchenipteridae\">CHAVE DE AUCHENIPTERIDAE<\/a>\n<\/div>\n","protected":false},"excerpt":{"rendered":"<p>Os Auchenipteridae (judeu, pacu branco) Algumas caracter\u00edsticas da fam\u00edlia Auchenipteridae, s\u00e3o ilustradas na figura acima. Os Auchenipteridae s\u00e3o uma das poucas fam\u00edlias de peixes Siluriformes capazes de realizar fertiliza\u00e7\u00e3o interna. A modifica\u00e7\u00e3o da nadadeira anal de machos sexualmente maduros em &hellip; <a href=\"http:\/\/nossacasa.net\/nossosriachos\/rios\/auchenipteridae\/\">Continue lendo <span class=\"meta-nav\">&rarr;<\/span><\/a><\/p>\n","protected":false},"author":1,"featured_media":0,"parent":0,"menu_order":0,"comment_status":"closed","ping_status":"closed","template":"","meta":{"footnotes":""},"class_list":["post-876","page","type-page","status-publish","hentry"],"_links":{"self":[{"href":"http:\/\/nossacasa.net\/nossosriachos\/rios\/wp-json\/wp\/v2\/pages\/876","targetHints":{"allow":["GET"]}}],"collection":[{"href":"http:\/\/nossacasa.net\/nossosriachos\/rios\/wp-json\/wp\/v2\/pages"}],"about":[{"href":"http:\/\/nossacasa.net\/nossosriachos\/rios\/wp-json\/wp\/v2\/types\/page"}],"author":[{"embeddable":true,"href":"http:\/\/nossacasa.net\/nossosriachos\/rios\/wp-json\/wp\/v2\/users\/1"}],"replies":[{"embeddable":true,"href":"http:\/\/nossacasa.net\/nossosriachos\/rios\/wp-json\/wp\/v2\/comments?post=876"}],"version-history":[{"count":3,"href":"http:\/\/nossacasa.net\/nossosriachos\/rios\/wp-json\/wp\/v2\/pages\/876\/revisions"}],"predecessor-version":[{"id":883,"href":"http:\/\/nossacasa.net\/nossosriachos\/rios\/wp-json\/wp\/v2\/pages\/876\/revisions\/883"}],"wp:attachment":[{"href":"http:\/\/nossacasa.net\/nossosriachos\/rios\/wp-json\/wp\/v2\/media?parent=876"}],"curies":[{"name":"wp","href":"https:\/\/api.w.org\/{rel}","templated":true}]}}