{"id":916,"date":"2019-08-29T18:51:35","date_gmt":"2019-08-29T21:51:35","guid":{"rendered":"http:\/\/nossacasa.net\/nossosriachos\/rios\/?page_id=916"},"modified":"2019-08-29T18:51:35","modified_gmt":"2019-08-29T21:51:35","slug":"heptapteridae","status":"publish","type":"page","link":"http:\/\/nossacasa.net\/nossosriachos\/rios\/heptapteridae\/","title":{"rendered":"Heptapteridae"},"content":{"rendered":"<div style=\"text-align: justify;\">\n<strong>Os Heptapteridae<\/strong> (Bagrinhos, mandis e jundi\u00e1s)<\/p>\n<p><img loading=\"lazy\" decoding=\"async\" src=\"http:\/\/nossacasa.net\/nossosriachos\/rios\/wp-content\/uploads\/sites\/8\/2019\/08\/Heptapteridae.png\" alt=\"\" width=\"800\" height=\"333\" class=\"aligncenter size-full wp-image-917\" srcset=\"http:\/\/nossacasa.net\/nossosriachos\/rios\/wp-content\/uploads\/sites\/8\/2019\/08\/Heptapteridae.png 800w, http:\/\/nossacasa.net\/nossosriachos\/rios\/wp-content\/uploads\/sites\/8\/2019\/08\/Heptapteridae-300x125.png 300w, http:\/\/nossacasa.net\/nossosriachos\/rios\/wp-content\/uploads\/sites\/8\/2019\/08\/Heptapteridae-768x320.png 768w, http:\/\/nossacasa.net\/nossosriachos\/rios\/wp-content\/uploads\/sites\/8\/2019\/08\/Heptapteridae-500x208.png 500w\" sizes=\"auto, (max-width: 800px) 100vw, 800px\" \/><\/p>\n<p>Algumas caracter\u00edsticas da fam\u00edlia <strong>Heptapteridae<\/strong>, s\u00e3o ilustradas na figura acima.<\/p>\n<p>Os peixes da fam\u00edlia <strong>Heptapteridae<\/strong> correspondem a um dos mais representativos grupos em pequenos corpos d\u2019\u00e1gua, com muitas esp\u00e9cies encontradas em riachos da Mata Atl\u00e2ntica.<\/p>\n<p>Abriga formas peculiares, como o bagrinho <em>Acentronichthys leptos<\/em> habitante de riachos florestados na baixada litor\u00e2nea, e sob amea\u00e7a de extin\u00e7\u00e3o. <\/p>\n<p>O grupo \u00e9 reconhecido por caracteres anat\u00f4micos(Lundberg and McDade 1986; Lundberg et al. 1991; Bockmann 1998), mas externamente podem ser reconhecidos pela pele nua, canal laterosensorial simples, narinas separadas entre si, tr\u00eas pares de barbilh\u00f5es sensoriais (maxilar, latero-mental e mental), nadadeira adiposa bem desenvolvida, e ainda espinhos pungentes (como aculeos) muitas vezes presente no primeiro raio da nadadeira dorsal e peitorais (Bockmann &#038; Guazelli, 2003). <\/p>\n<p>Muitos peixes heptepter\u00eddeos na floresta de tabuleiro necessitam estudos de revis\u00e3o taxon\u00f4mica, a exemplo das esp\u00e9cies em <em>Pimelodella<\/em> e <em>Rhamdia<\/em>, carecendo de um nome formal para a regi\u00e3o onde habitam. <\/p>\n<p>Os tabuleiros da Mata Atl\u00e2ntica s\u00e3o povoados por peixes pertencentes a quatro g\u00eaneros da fam\u00edlia <strong>Heptapteridae<\/strong>: <em>Acentronichthyss<\/em>, <em>Imparfinis<\/em>, <em>Pimelodella<\/em> e <em>Rhamdia<\/em>. <\/p>\n<hr>\n<p><a href=\"http:\/\/nossacasa.net\/nossosriachos\/rios\/chave-de-heptapteridae\">CHAVE DE HEPTAPTERIDAE<\/a>\n<\/div>\n","protected":false},"excerpt":{"rendered":"<p>Os Heptapteridae (Bagrinhos, mandis e jundi\u00e1s) Algumas caracter\u00edsticas da fam\u00edlia Heptapteridae, s\u00e3o ilustradas na figura acima. Os peixes da fam\u00edlia Heptapteridae correspondem a um dos mais representativos grupos em pequenos corpos d\u2019\u00e1gua, com muitas esp\u00e9cies encontradas em riachos da Mata &hellip; <a href=\"http:\/\/nossacasa.net\/nossosriachos\/rios\/heptapteridae\/\">Continue lendo <span class=\"meta-nav\">&rarr;<\/span><\/a><\/p>\n","protected":false},"author":1,"featured_media":0,"parent":0,"menu_order":0,"comment_status":"closed","ping_status":"closed","template":"","meta":{"footnotes":""},"class_list":["post-916","page","type-page","status-publish","hentry"],"_links":{"self":[{"href":"http:\/\/nossacasa.net\/nossosriachos\/rios\/wp-json\/wp\/v2\/pages\/916","targetHints":{"allow":["GET"]}}],"collection":[{"href":"http:\/\/nossacasa.net\/nossosriachos\/rios\/wp-json\/wp\/v2\/pages"}],"about":[{"href":"http:\/\/nossacasa.net\/nossosriachos\/rios\/wp-json\/wp\/v2\/types\/page"}],"author":[{"embeddable":true,"href":"http:\/\/nossacasa.net\/nossosriachos\/rios\/wp-json\/wp\/v2\/users\/1"}],"replies":[{"embeddable":true,"href":"http:\/\/nossacasa.net\/nossosriachos\/rios\/wp-json\/wp\/v2\/comments?post=916"}],"version-history":[{"count":1,"href":"http:\/\/nossacasa.net\/nossosriachos\/rios\/wp-json\/wp\/v2\/pages\/916\/revisions"}],"predecessor-version":[{"id":926,"href":"http:\/\/nossacasa.net\/nossosriachos\/rios\/wp-json\/wp\/v2\/pages\/916\/revisions\/926"}],"wp:attachment":[{"href":"http:\/\/nossacasa.net\/nossosriachos\/rios\/wp-json\/wp\/v2\/media?parent=916"}],"curies":[{"name":"wp","href":"https:\/\/api.w.org\/{rel}","templated":true}]}}