{"id":984,"date":"2019-08-30T18:11:43","date_gmt":"2019-08-30T21:11:43","guid":{"rendered":"http:\/\/nossacasa.net\/nossosriachos\/rios\/?page_id=984"},"modified":"2019-08-30T18:11:43","modified_gmt":"2019-08-30T21:11:43","slug":"pimelodidae","status":"publish","type":"page","link":"http:\/\/nossacasa.net\/nossosriachos\/rios\/pimelodidae\/","title":{"rendered":"Pimelodidae"},"content":{"rendered":"<div style=\"text-align: justify;\">\n<strong>Os Pimelodidae<\/strong> (Bagre dos rios)<\/p>\n<p><img loading=\"lazy\" decoding=\"async\" src=\"http:\/\/nossacasa.net\/nossosriachos\/rios\/wp-content\/uploads\/sites\/8\/2019\/08\/Pimelodidae.png\" alt=\"\" width=\"800\" height=\"318\" class=\"aligncenter size-full wp-image-985\" srcset=\"http:\/\/nossacasa.net\/nossosriachos\/rios\/wp-content\/uploads\/sites\/8\/2019\/08\/Pimelodidae.png 800w, http:\/\/nossacasa.net\/nossosriachos\/rios\/wp-content\/uploads\/sites\/8\/2019\/08\/Pimelodidae-300x119.png 300w, http:\/\/nossacasa.net\/nossosriachos\/rios\/wp-content\/uploads\/sites\/8\/2019\/08\/Pimelodidae-768x305.png 768w, http:\/\/nossacasa.net\/nossosriachos\/rios\/wp-content\/uploads\/sites\/8\/2019\/08\/Pimelodidae-500x199.png 500w\" sizes=\"auto, (max-width: 800px) 100vw, 800px\" \/><\/p>\n<p>Algumas caracter\u00edsticas da fam\u00edlia <strong>Pimelodidae<\/strong>, s\u00e3o ilustradas na figura acima.<\/p>\n<p>Os peixes da fam\u00edlia <strong>Pimelodidae<\/strong> incluem os grandes bagres de rio. O grupo \u00e9 reconhecido com base em um conjunto de atributos anat\u00f4micos, como a pele nua, o sistema laterosensorial muito ramificado na cabe\u00e7a e parte anterior do corpo; tr\u00eas pares de barbilh\u00f5es sensoriais;  nadadeira caudal bilobada; nadadeiras dorsal e peitorais com espinhos pungentes ; nadadeira adiposa bem desenvolvida; cabe\u00e7a muito ossificada, coberta por pele fina e ossos esculturados sob a pele (Lundberg &#038; Littmann 2003).  <\/p>\n<p>Aten\u00e7\u00e3o, pois peixes desta fam\u00edlia muitas vezes s\u00e3o confundidos com os Heptapteridae, das quais se distinguem por possu\u00edrem o processo humeral robusto e usualmente v\u00f4mer com dentes (dentes no palato). <\/p>\n<p>A esp\u00e9cie mais comum em grandes rios \u00e9 <em>Pimelodus maculatus<\/em>, ilustrada nesta se\u00e7\u00e3o.<\/p>\n<p>Os tabuleiros da Mata Atl\u00e2ntica s\u00e3o povoados por peixes pertencentes a dois g\u00eaneros da fam\u00edlia <strong>Pimelodidae<\/strong>: <em>Pimelodus<\/em> e <em>Steindachneridon<\/em> <\/p>\n<hr>\n<p><a href=\"http:\/\/nossacasa.net\/nossosriachos\/rios\/chave-de-pimelodidae\">CHAVE DE PIMELODIDAE<\/a>\n<\/div>\n","protected":false},"excerpt":{"rendered":"<p>Os Pimelodidae (Bagre dos rios) Algumas caracter\u00edsticas da fam\u00edlia Pimelodidae, s\u00e3o ilustradas na figura acima. Os peixes da fam\u00edlia Pimelodidae incluem os grandes bagres de rio. O grupo \u00e9 reconhecido com base em um conjunto de atributos anat\u00f4micos, como a &hellip; <a href=\"http:\/\/nossacasa.net\/nossosriachos\/rios\/pimelodidae\/\">Continue lendo <span class=\"meta-nav\">&rarr;<\/span><\/a><\/p>\n","protected":false},"author":1,"featured_media":0,"parent":0,"menu_order":0,"comment_status":"closed","ping_status":"closed","template":"","meta":{"footnotes":""},"class_list":["post-984","page","type-page","status-publish","hentry"],"_links":{"self":[{"href":"http:\/\/nossacasa.net\/nossosriachos\/rios\/wp-json\/wp\/v2\/pages\/984","targetHints":{"allow":["GET"]}}],"collection":[{"href":"http:\/\/nossacasa.net\/nossosriachos\/rios\/wp-json\/wp\/v2\/pages"}],"about":[{"href":"http:\/\/nossacasa.net\/nossosriachos\/rios\/wp-json\/wp\/v2\/types\/page"}],"author":[{"embeddable":true,"href":"http:\/\/nossacasa.net\/nossosriachos\/rios\/wp-json\/wp\/v2\/users\/1"}],"replies":[{"embeddable":true,"href":"http:\/\/nossacasa.net\/nossosriachos\/rios\/wp-json\/wp\/v2\/comments?post=984"}],"version-history":[{"count":1,"href":"http:\/\/nossacasa.net\/nossosriachos\/rios\/wp-json\/wp\/v2\/pages\/984\/revisions"}],"predecessor-version":[{"id":986,"href":"http:\/\/nossacasa.net\/nossosriachos\/rios\/wp-json\/wp\/v2\/pages\/984\/revisions\/986"}],"wp:attachment":[{"href":"http:\/\/nossacasa.net\/nossosriachos\/rios\/wp-json\/wp\/v2\/media?parent=984"}],"curies":[{"name":"wp","href":"https:\/\/api.w.org\/{rel}","templated":true}]}}