{"id":1001,"date":"2019-08-31T08:51:14","date_gmt":"2019-08-31T11:51:14","guid":{"rendered":"http:\/\/nossacasa.net\/nossosriachos\/rios\/?page_id=1001"},"modified":"2019-09-23T12:36:09","modified_gmt":"2019-09-23T15:36:09","slug":"gymnotidae","status":"publish","type":"page","link":"http:\/\/nossacasa.net\/nossosriachos\/tabuleiros\/gymnotidae\/","title":{"rendered":"Gymnotidae"},"content":{"rendered":"<div style=\"text-align: justify\">\n<strong>Os Gymnotidae<\/strong> (Sarap\u00f3s)<\/p>\n<p><img loading=\"lazy\" decoding=\"async\" src=\"http:\/\/nossacasa.net\/nossosriachos\/tabuleiros\/wp-content\/uploads\/sites\/8\/2019\/08\/Gymnotidae-1.png\" alt=\"\" width=\"800\" height=\"197\" class=\"aligncenter size-full wp-image-1002\" \/><\/p>\n<p>Algumas caracter\u00edsticas da fam\u00edlia <strong>Gymnotidae<\/strong>, s\u00e3o ilustradas na figura acima.<\/p>\n<p>Os peixes <strong>Gymnotidae<\/strong> possuem corpo alongado e lateralmente comprimido, que nadam graciosamente para frente e para tr\u00e1s com movimentos ondulat\u00f3rios de sua longa nadadeira anal com mais de 150 raios. <\/p>\n<p>S\u00e3o tamb\u00e9m conhecidos como \u201cpeixes-el\u00e9tricos\u201d por serem animais eletrodetectores, sens\u00edveis a est\u00edmulos el\u00e9tricos e capazes de produzir um campo el\u00e9trico. Devido a esta potencialidade el\u00e9trica, estes peixes n\u00e3o possuem nadadeiras dorsal e p\u00e9lvica, e os <strong>Gymnotidae<\/strong> nem cauda possuem. <\/p>\n<p>Nas esp\u00e9cies da Mata Atl\u00e2ntica Nordeste as descargas produzidas pelos \u00f3rg\u00e3os eletroreceptores s\u00e3o de baixa voltagem e n\u00e3o s\u00e3o percebidas ao toque<\/p>\n<p>O grupo cont\u00e9m pouco mais de 200 esp\u00e9cies distribu\u00eddas em cinco fam\u00edlias nas \u00e1guas doces Neotropicais, mas s\u00f3 duas delas ocorrem na Mata Atl\u00e2ntica de tabuleiro. <\/p>\n<p>Os tabuleiros da Mata Atl\u00e2ntica s\u00e3o povoados por peixes pertencentes a um \u00fanico g\u00eanero da fam\u00edlia <strong>Gymnotidae<\/strong>: <em><a href=\"http:\/\/nossacasa.net\/nossosriachos\/tabuleiros\/gymnotus\/\">Gymnotus<\/a><\/em>.<\/p>\n<hr>\n<p><a href=\"http:\/\/nossacasa.net\/nossosriachos\/tabuleiros\/chave-de-gymnotidae\">CHAVE DE GYMNOTIDAE<\/a>\n<\/div>\n","protected":false},"excerpt":{"rendered":"<p>Os Gymnotidae (Sarap\u00f3s) Algumas caracter\u00edsticas da fam\u00edlia Gymnotidae, s\u00e3o ilustradas na figura acima. Os peixes Gymnotidae possuem corpo alongado e lateralmente comprimido, que nadam graciosamente para frente e para tr\u00e1s com movimentos ondulat\u00f3rios de sua longa nadadeira anal com mais &hellip; <a href=\"http:\/\/nossacasa.net\/nossosriachos\/tabuleiros\/gymnotidae\/\">Continue lendo <span class=\"meta-nav\">&rarr;<\/span><\/a><\/p>\n","protected":false},"author":1,"featured_media":0,"parent":0,"menu_order":0,"comment_status":"closed","ping_status":"closed","template":"","meta":{"footnotes":""},"class_list":["post-1001","page","type-page","status-publish","hentry"],"_links":{"self":[{"href":"http:\/\/nossacasa.net\/nossosriachos\/tabuleiros\/wp-json\/wp\/v2\/pages\/1001","targetHints":{"allow":["GET"]}}],"collection":[{"href":"http:\/\/nossacasa.net\/nossosriachos\/tabuleiros\/wp-json\/wp\/v2\/pages"}],"about":[{"href":"http:\/\/nossacasa.net\/nossosriachos\/tabuleiros\/wp-json\/wp\/v2\/types\/page"}],"author":[{"embeddable":true,"href":"http:\/\/nossacasa.net\/nossosriachos\/tabuleiros\/wp-json\/wp\/v2\/users\/1"}],"replies":[{"embeddable":true,"href":"http:\/\/nossacasa.net\/nossosriachos\/tabuleiros\/wp-json\/wp\/v2\/comments?post=1001"}],"version-history":[{"count":2,"href":"http:\/\/nossacasa.net\/nossosriachos\/tabuleiros\/wp-json\/wp\/v2\/pages\/1001\/revisions"}],"predecessor-version":[{"id":3825,"href":"http:\/\/nossacasa.net\/nossosriachos\/tabuleiros\/wp-json\/wp\/v2\/pages\/1001\/revisions\/3825"}],"wp:attachment":[{"href":"http:\/\/nossacasa.net\/nossosriachos\/tabuleiros\/wp-json\/wp\/v2\/media?parent=1001"}],"curies":[{"name":"wp","href":"https:\/\/api.w.org\/{rel}","templated":true}]}}