{"id":1042,"date":"2019-09-02T09:33:51","date_gmt":"2019-09-02T12:33:51","guid":{"rendered":"http:\/\/nossacasa.net\/nossosriachos\/rios\/?page_id=1042"},"modified":"2019-09-23T10:03:25","modified_gmt":"2019-09-23T13:03:25","slug":"eleotridae","status":"publish","type":"page","link":"http:\/\/nossacasa.net\/nossosriachos\/tabuleiros\/eleotridae\/","title":{"rendered":"Eleotridae"},"content":{"rendered":"<div style=\"text-align: justify\">\n<strong>Os Eleotridae<\/strong> (Matalau\u00eas)<\/p>\n<p><img loading=\"lazy\" decoding=\"async\" src=\"http:\/\/nossacasa.net\/nossosriachos\/tabuleiros\/wp-content\/uploads\/sites\/8\/2019\/09\/Eleotridae.png\" alt=\"\" width=\"800\" height=\"342\" class=\"aligncenter size-full wp-image-1043\" \/><\/p>\n<p>Algumas caracter\u00edsticas da fam\u00edlia <strong>Eleotridae<\/strong> s\u00e3o ilustradas na figura acima.<\/p>\n<p>Os <strong>Eleotridae<\/strong> s\u00e3o peixes de corpo robusto e cabe\u00e7a larga, morfologicamente semelhantes aos Gobiidae, contudo possuem as nadadeiras p\u00e9lvicas separadas, e n\u00e3o  s\u00e3o unidas entre si, como acontece com os Gobiidae. <\/p>\n<p>Diferenciam-se ainda pela segunda nadadeira dorsal menor que a dist\u00e2ncia entre a extremidade posterior da base desta nadadeira e a base da nadadeira caudal (Figueiredo &amp; Menezes, 1985).<\/p>\n<p>Os <strong>Eleotridae<\/strong> habitam o baixo curso dos rios sempre pr\u00f3ximo ao mar, e justamente na desembocadura de rios, inclusive riachos, \u00e9 que encontramos esses pequenos peixes. <\/p>\n<p>Na regi\u00e3o dos tabuleiros da Mata Atl\u00e2ntica s\u00e3o observados peixes de tr\u00eas g\u00eaneros pertencentes a fam\u00edlia Eleotridae: ,  e . <\/p>\n<p>A regi\u00e3o dos tabuleiros da Mata Atl\u00e2ntica \u00e9 habitada por peixes da fam\u00edlia <strong>Eleotridae<\/strong>, distribuidos em tr\u00eas g\u00eaneros: <em><a href=\"http:\/\/nossacasa.net\/nossosriachos\/tabuleiros\/dormitator\/\">Dormitator<\/a><\/em>, <em><a href=\"http:\/\/nossacasa.net\/nossosriachos\/tabuleiros\/eleotris\/\">Eleotris<\/a><\/em> e <em><a href=\"http:\/\/nossacasa.net\/nossosriachos\/tabuleiros\/guavina\/\">Guavina<\/a><\/em>.<\/p>\n<hr>\n<p><a href=\"http:\/\/nossacasa.net\/nossosriachos\/tabuleiros\/chave-de-eleotridae\/\"><strong>CHAVE DE ELEOTRIDAE<\/strong><\/a><\/p>\n<hr>\n<\/div>\n","protected":false},"excerpt":{"rendered":"<p>Os Eleotridae (Matalau\u00eas) Algumas caracter\u00edsticas da fam\u00edlia Eleotridae s\u00e3o ilustradas na figura acima. Os Eleotridae s\u00e3o peixes de corpo robusto e cabe\u00e7a larga, morfologicamente semelhantes aos Gobiidae, contudo possuem as nadadeiras p\u00e9lvicas separadas, e n\u00e3o s\u00e3o unidas entre si, como &hellip; <a href=\"http:\/\/nossacasa.net\/nossosriachos\/tabuleiros\/eleotridae\/\">Continue lendo <span class=\"meta-nav\">&rarr;<\/span><\/a><\/p>\n","protected":false},"author":1,"featured_media":0,"parent":0,"menu_order":0,"comment_status":"closed","ping_status":"closed","template":"","meta":{"footnotes":""},"class_list":["post-1042","page","type-page","status-publish","hentry"],"_links":{"self":[{"href":"http:\/\/nossacasa.net\/nossosriachos\/tabuleiros\/wp-json\/wp\/v2\/pages\/1042","targetHints":{"allow":["GET"]}}],"collection":[{"href":"http:\/\/nossacasa.net\/nossosriachos\/tabuleiros\/wp-json\/wp\/v2\/pages"}],"about":[{"href":"http:\/\/nossacasa.net\/nossosriachos\/tabuleiros\/wp-json\/wp\/v2\/types\/page"}],"author":[{"embeddable":true,"href":"http:\/\/nossacasa.net\/nossosriachos\/tabuleiros\/wp-json\/wp\/v2\/users\/1"}],"replies":[{"embeddable":true,"href":"http:\/\/nossacasa.net\/nossosriachos\/tabuleiros\/wp-json\/wp\/v2\/comments?post=1042"}],"version-history":[{"count":3,"href":"http:\/\/nossacasa.net\/nossosriachos\/tabuleiros\/wp-json\/wp\/v2\/pages\/1042\/revisions"}],"predecessor-version":[{"id":3787,"href":"http:\/\/nossacasa.net\/nossosriachos\/tabuleiros\/wp-json\/wp\/v2\/pages\/1042\/revisions\/3787"}],"wp:attachment":[{"href":"http:\/\/nossacasa.net\/nossosriachos\/tabuleiros\/wp-json\/wp\/v2\/media?parent=1042"}],"curies":[{"name":"wp","href":"https:\/\/api.w.org\/{rel}","templated":true}]}}