{"id":1055,"date":"2019-09-02T10:25:35","date_gmt":"2019-09-02T13:25:35","guid":{"rendered":"http:\/\/nossacasa.net\/nossosriachos\/rios\/?page_id=1055"},"modified":"2019-09-22T14:12:11","modified_gmt":"2019-09-22T17:12:11","slug":"cichlidae","status":"publish","type":"page","link":"http:\/\/nossacasa.net\/nossosriachos\/tabuleiros\/cichlidae\/","title":{"rendered":"Cichlidae"},"content":{"rendered":"<div style=\"text-align: justify\">\n<strong>Os Cichlidae<\/strong> (Ber\u00e9s, Car\u00e1s.)<\/p>\n<p><img loading=\"lazy\" decoding=\"async\" src=\"http:\/\/nossacasa.net\/nossosriachos\/tabuleiros\/wp-content\/uploads\/sites\/8\/2019\/09\/Cichlidae.png\" alt=\"\" width=\"800\" height=\"410\" class=\"aligncenter size-full wp-image-1061\" \/><\/p>\n<p>Algumas caracter\u00edsticas da fam\u00edlia <strong>Cichlidae<\/strong> s\u00e3o ilustradas na figura acima.<\/p>\n<p>Depois dos Ostariophysi, gupo que abriga as ordens Characiformes, Siluriformes e Gymnotiformes, os <strong>Cichlidae<\/strong> s\u00e3o os mais numerosos peixes em \u00e1gua doce do planeta, reconhecidos na ordem Cichliformes (Nelson, 2016).<\/p>\n<p>Uma grande variedade dos <strong>Cichlidae<\/strong> que habitam as \u00e1guas da floresta de tabuleiro vieram de outras regi\u00f5es do Brasil, como os tucunar\u00e9s e oscar, do Pantanal, ou mesmo de outros continentes, como as til\u00e1pias (ou pilapi) da \u00c1frica tropical.<\/p>\n<p>Peixes <strong>Cichlidae<\/strong> s\u00e3o um grupo \u00fanico, e as esp\u00e9cies exibem cuidado parental a prole e possuem grande versatilidade do aparelho far\u00edngeo usado para masstiga\u00e7\u00e3o de alimento (Kullander, 2003). <\/p>\n<p>S\u00e3o facilmente separados dos demais peixes com base em caracteres anat\u00f4micos relacionados ao esqueleto branquial, ao tubo digestivo, ouvido interno e processos vertebrais. Externamente podem ser identificados por possu\u00edrem em geral 13 a 17 espinhos na nadadeira dorsal; 3 a 5 espinhos na nadadeira anal e abertura nasal \u00fanica nos lados da cabe\u00e7a. A linha lateral na maioria das esp\u00e9cies \u00e9 dividida em dois ramos, um ramo anterior, na vertical da nadadeira dorsal, e um ramo posterior, na altura do ped\u00fanculo caudal (Kullander, 2003).<\/p>\n<p>A regi\u00e3o dos tabuleiros da Mata Atl\u00e2ntica \u00e9 habitada por peixes da fam\u00edlia <strong>Cichlidae<\/strong>, distribuidos em sete g\u00eaneros: <em><a href=\"http:\/\/nossacasa.net\/nossosriachos\/tabuleiros\/astronotus\/\">Astronotus<\/a><\/em>*, <em><a href=\"http:\/\/nossacasa.net\/nossosriachos\/tabuleiros\/australoheros\/\">Australoheros<\/a><\/em>,<em> <a href=\"http:\/\/nossacasa.net\/nossosriachos\/tabuleiros\/cichla\/\">Cichla<\/a><\/em>*, <em><a href=\"http:\/\/nossacasa.net\/nossosriachos\/tabuleiros\/crenicichla\/\">Crenicichla<\/a><\/em>, <em><a href=\"http:\/\/nossacasa.net\/nossosriachos\/tabuleiros\/geophagus\/\">Geophagus<\/a><\/em>, <em><a href=\"http:\/\/nossacasa.net\/nossosriachos\/tabuleiros\/oreochromis\/\">Oreochromis<\/a><\/em>* e <em><a href=\"http:\/\/nossacasa.net\/nossosriachos\/tabuleiros\/tilapia\/\">Tilapia<\/a><\/em>*.<\/p>\n<p><strong>Nota:<\/strong> Nomes assinalados com asterisco se referem a esp\u00e9cies vindas de outros sistemas fluviais e localmente introduzidas para fins comerciais ou de aquariofilia.<\/p>\n<hr>\n<p><a href=\"http:\/\/nossacasa.net\/nossosriachos\/tabuleiros\/chave-de-cichlidae\/\">CHAVE DE CICHLIDAE<\/a><\/p>\n<hr>\n<\/div>\n","protected":false},"excerpt":{"rendered":"<p>Os Cichlidae (Ber\u00e9s, Car\u00e1s.) Algumas caracter\u00edsticas da fam\u00edlia Cichlidae s\u00e3o ilustradas na figura acima. Depois dos Ostariophysi, gupo que abriga as ordens Characiformes, Siluriformes e Gymnotiformes, os Cichlidae s\u00e3o os mais numerosos peixes em \u00e1gua doce do planeta, reconhecidos na &hellip; <a href=\"http:\/\/nossacasa.net\/nossosriachos\/tabuleiros\/cichlidae\/\">Continue lendo <span class=\"meta-nav\">&rarr;<\/span><\/a><\/p>\n","protected":false},"author":1,"featured_media":0,"parent":0,"menu_order":0,"comment_status":"closed","ping_status":"closed","template":"","meta":{"footnotes":""},"class_list":["post-1055","page","type-page","status-publish","hentry"],"_links":{"self":[{"href":"http:\/\/nossacasa.net\/nossosriachos\/tabuleiros\/wp-json\/wp\/v2\/pages\/1055","targetHints":{"allow":["GET"]}}],"collection":[{"href":"http:\/\/nossacasa.net\/nossosriachos\/tabuleiros\/wp-json\/wp\/v2\/pages"}],"about":[{"href":"http:\/\/nossacasa.net\/nossosriachos\/tabuleiros\/wp-json\/wp\/v2\/types\/page"}],"author":[{"embeddable":true,"href":"http:\/\/nossacasa.net\/nossosriachos\/tabuleiros\/wp-json\/wp\/v2\/users\/1"}],"replies":[{"embeddable":true,"href":"http:\/\/nossacasa.net\/nossosriachos\/tabuleiros\/wp-json\/wp\/v2\/comments?post=1055"}],"version-history":[{"count":2,"href":"http:\/\/nossacasa.net\/nossosriachos\/tabuleiros\/wp-json\/wp\/v2\/pages\/1055\/revisions"}],"predecessor-version":[{"id":3611,"href":"http:\/\/nossacasa.net\/nossosriachos\/tabuleiros\/wp-json\/wp\/v2\/pages\/1055\/revisions\/3611"}],"wp:attachment":[{"href":"http:\/\/nossacasa.net\/nossosriachos\/tabuleiros\/wp-json\/wp\/v2\/media?parent=1055"}],"curies":[{"name":"wp","href":"https:\/\/api.w.org\/{rel}","templated":true}]}}