{"id":1105,"date":"2019-09-03T14:12:12","date_gmt":"2019-09-03T17:12:12","guid":{"rendered":"http:\/\/nossacasa.net\/nossosriachos\/rios\/?page_id=1105"},"modified":"2019-09-24T08:36:02","modified_gmt":"2019-09-24T11:36:02","slug":"poeciliidae","status":"publish","type":"page","link":"http:\/\/nossacasa.net\/nossosriachos\/tabuleiros\/poeciliidae\/","title":{"rendered":"Poeciliidae"},"content":{"rendered":"<div style=\"text-align: justify\">\n<strong>Os Poeciliidae<\/strong> (Barrigudinhos)<\/p>\n<p><img loading=\"lazy\" decoding=\"async\" src=\"http:\/\/nossacasa.net\/nossosriachos\/tabuleiros\/wp-content\/uploads\/sites\/8\/2019\/09\/Poeciliidae.png\" alt=\"\" width=\"800\" height=\"307\" class=\"aligncenter size-full wp-image-1110\" srcset=\"http:\/\/nossacasa.net\/nossosriachos\/tabuleiros\/wp-content\/uploads\/sites\/13\/2019\/09\/Poeciliidae.png 800w, http:\/\/nossacasa.net\/nossosriachos\/tabuleiros\/wp-content\/uploads\/sites\/13\/2019\/09\/Poeciliidae-300x115.png 300w, http:\/\/nossacasa.net\/nossosriachos\/tabuleiros\/wp-content\/uploads\/sites\/13\/2019\/09\/Poeciliidae-768x295.png 768w, http:\/\/nossacasa.net\/nossosriachos\/tabuleiros\/wp-content\/uploads\/sites\/13\/2019\/09\/Poeciliidae-500x192.png 500w\" sizes=\"auto, (max-width: 800px) 100vw, 800px\" \/><\/p>\n<p>Algumas caracter\u00edsticas da fam\u00edlia <strong>Poeciliidae<\/strong> s\u00e3o ilustradas na figura acima.<\/p>\n<p>Os peixes da fam\u00edlia <strong>Poeciliidae<\/strong> s\u00e3o bastante peculiares entre os peixes da floresta de tabuleiro, pois d\u00e3o a luz filhotes vivos. Durante a gesta\u00e7\u00e3o a f\u00eamea apresenta o abdomen muito dilatado, o que lhe confere o nome de barrigudinho. <\/p>\n<p>Inclui peixes de tamanho pequeno, que em geral n\u00e3o excede 5 cent\u00edmetros de comprimento padr\u00e3o. Estes pequenos peixes possuem a nadadeira peitoral inserida em posi\u00e7\u00e3o alta, logo atr\u00e1s do op\u00e9rculo, nadadeiras p\u00e9lvicas anteriores, apoiando a nadadeira anal modificada em machos de muitas esp\u00e9cies. <\/p>\n<p>S\u00e3o peixes utilizados na aquariofilia, e alguns s\u00e3o bastante resistentes a condi\u00e7\u00f5es de baixa oxigena\u00e7\u00e3o. Nadam pr\u00f3ximo a superf\u00edcie e h\u00e1 esp\u00e9cies larv\u00f3fagas, que se alimentam de uma variedade de insetos, utilizando-se de sua boca protr\u00e1til. <\/p>\n<p>A esp\u00e9cie mais comum na floresta de tabuleiro \u00e9 <em><a href=\"http:\/\/nossacasa.net\/nossosriachos\/tabuleiros\/poecilia-vivipara\/\">Poecilia vivipara<\/a><\/em>, o barrigudinho. <\/p>\n<p>A regi\u00e3o dos tabuleiros da Mata Atl\u00e2ntica \u00e9 habitada por peixes da fam\u00edlia <strong>Poeciliidae<\/strong>, distribu\u00eddos em tr\u00eas g\u00eaneros: <em><a href=\"http:\/\/nossacasa.net\/nossosriachos\/tabuleiros\/phalloceros\/\">Phalloceros<\/a><\/em>, <em><a href=\"http:\/\/nossacasa.net\/nossosriachos\/tabuleiros\/poecilia\/\">Poecilia<\/a><\/em> e <em><a href=\"http:\/\/nossacasa.net\/nossosriachos\/tabuleiros\/xiphophorus\/\">Xiphophorus<\/a><\/em>.<\/p>\n<hr>\n<p><a href=\"http:\/\/nossacasa.net\/nossosriachos\/tabuleiros\/chave-de-poeciliidae\/\"><strong>CHAVE DE POECILIIDAE<\/strong><\/a><\/p>\n<hr>\n<\/div>\n","protected":false},"excerpt":{"rendered":"<p>Os Poeciliidae (Barrigudinhos) Algumas caracter\u00edsticas da fam\u00edlia Poeciliidae s\u00e3o ilustradas na figura acima. Os peixes da fam\u00edlia Poeciliidae s\u00e3o bastante peculiares entre os peixes da floresta de tabuleiro, pois d\u00e3o a luz filhotes vivos. Durante a gesta\u00e7\u00e3o a f\u00eamea apresenta &hellip; <a href=\"http:\/\/nossacasa.net\/nossosriachos\/tabuleiros\/poeciliidae\/\">Continue lendo <span class=\"meta-nav\">&rarr;<\/span><\/a><\/p>\n","protected":false},"author":1,"featured_media":0,"parent":0,"menu_order":0,"comment_status":"closed","ping_status":"closed","template":"","meta":{"footnotes":""},"class_list":["post-1105","page","type-page","status-publish","hentry"],"_links":{"self":[{"href":"http:\/\/nossacasa.net\/nossosriachos\/tabuleiros\/wp-json\/wp\/v2\/pages\/1105","targetHints":{"allow":["GET"]}}],"collection":[{"href":"http:\/\/nossacasa.net\/nossosriachos\/tabuleiros\/wp-json\/wp\/v2\/pages"}],"about":[{"href":"http:\/\/nossacasa.net\/nossosriachos\/tabuleiros\/wp-json\/wp\/v2\/types\/page"}],"author":[{"embeddable":true,"href":"http:\/\/nossacasa.net\/nossosriachos\/tabuleiros\/wp-json\/wp\/v2\/users\/1"}],"replies":[{"embeddable":true,"href":"http:\/\/nossacasa.net\/nossosriachos\/tabuleiros\/wp-json\/wp\/v2\/comments?post=1105"}],"version-history":[{"count":2,"href":"http:\/\/nossacasa.net\/nossosriachos\/tabuleiros\/wp-json\/wp\/v2\/pages\/1105\/revisions"}],"predecessor-version":[{"id":3906,"href":"http:\/\/nossacasa.net\/nossosriachos\/tabuleiros\/wp-json\/wp\/v2\/pages\/1105\/revisions\/3906"}],"wp:attachment":[{"href":"http:\/\/nossacasa.net\/nossosriachos\/tabuleiros\/wp-json\/wp\/v2\/media?parent=1105"}],"curies":[{"name":"wp","href":"https:\/\/api.w.org\/{rel}","templated":true}]}}