{"id":1149,"date":"2019-09-05T09:44:09","date_gmt":"2019-09-05T12:44:09","guid":{"rendered":"http:\/\/nossacasa.net\/nossosriachos\/rios\/?page_id=1149"},"modified":"2019-09-22T16:07:48","modified_gmt":"2019-09-22T19:07:48","slug":"achiridae","status":"publish","type":"page","link":"http:\/\/nossacasa.net\/nossosriachos\/tabuleiros\/achiridae\/","title":{"rendered":"Achiridae"},"content":{"rendered":"<div style=\"text-align: justify\">\n<strong>Os Achiridae<\/strong> (Marama\u00e7\u00e1)<\/p>\n<p><img loading=\"lazy\" decoding=\"async\" src=\"http:\/\/nossacasa.net\/nossosriachos\/tabuleiros\/wp-content\/uploads\/sites\/8\/2019\/09\/Achiridae.png\" alt=\"\" width=\"800\" height=\"449\" class=\"aligncenter size-full wp-image-1150\" srcset=\"http:\/\/nossacasa.net\/nossosriachos\/tabuleiros\/wp-content\/uploads\/sites\/13\/2019\/09\/Achiridae.png 800w, http:\/\/nossacasa.net\/nossosriachos\/tabuleiros\/wp-content\/uploads\/sites\/13\/2019\/09\/Achiridae-300x168.png 300w, http:\/\/nossacasa.net\/nossosriachos\/tabuleiros\/wp-content\/uploads\/sites\/13\/2019\/09\/Achiridae-768x431.png 768w, http:\/\/nossacasa.net\/nossosriachos\/tabuleiros\/wp-content\/uploads\/sites\/13\/2019\/09\/Achiridae-500x281.png 500w\" sizes=\"auto, (max-width: 800px) 100vw, 800px\" \/><\/p>\n<p>Algumas caracter\u00edsticas da fam\u00edlia <strong>Achiridae<\/strong>, s\u00e3o ilustradas na figura acima.<\/p>\n<p>Peixes da fam\u00edlia <strong>Achiridae<\/strong> possuem os olhos do lado direito do corpo (dextrais),  o corpo arredondado e a boca diminuta. A nadadeira dorsal se prolonga a frente da vertical da posi\u00e7\u00e3o dos olhos anal s\u00e3o livres da cauda. A nadadeira p\u00e9lvica \u00e9 unida por membrana a nadadeira anal, e no lado cego esta nadadeira tem tamanho reduzido.<\/p>\n<p>Peixes <strong>Achiridae<\/strong> representam os linguados (localmente nomeados marama\u00e7\u00e1) e vivem nos fundos arenosos das \u00e1reas marinhas, estuarinas e de \u00e1gua doce. S\u00e3o os linguados que mais adentram em \u00e1guas doces, podendo aparecer no ter\u00e7o inferir de c\u00f3rregos das baixadas litor\u00e2neas. Possuem tamanho pequeno, inferior a 20 cent\u00edmetros, e n\u00e3o tem valor comercial.<\/p>\n<p>A esp\u00e9cie mais comum na regi\u00e3o \u00e9 <em><a href=\"http:\/\/nossacasa.net\/nossosriachos\/tabuleiros\/trinectes-paulistanus\/\">Trinectes paulistanus<\/a><\/em>. <\/p>\n<p>Os tabuleiros da Mata Atl\u00e2ntica s\u00e3o povoados por peixes pertencentes a dois g\u00eanero da fam\u00edlia <strong>Achiridae<\/strong>: <em><a href=\"http:\/\/nossacasa.net\/nossosriachos\/tabuleiros\/trinectes\/\">Trinectes<\/a><\/em>, e <em><a href=\"http:\/\/nossacasa.net\/nossosriachos\/tabuleiros\/achirus\/\">Achirus<\/a><\/em>. <\/p>\n<hr>\n<p><a href=\"http:\/\/nossacasa.net\/nossosriachos\/tabuleiros\/chave-de-achiridae\">CHAVE DE ACHIRIDAE<\/a>\n<\/div>\n","protected":false},"excerpt":{"rendered":"<p>Os Achiridae (Marama\u00e7\u00e1) Algumas caracter\u00edsticas da fam\u00edlia Achiridae, s\u00e3o ilustradas na figura acima. Peixes da fam\u00edlia Achiridae possuem os olhos do lado direito do corpo (dextrais), o corpo arredondado e a boca diminuta. A nadadeira dorsal se prolonga a frente &hellip; <a href=\"http:\/\/nossacasa.net\/nossosriachos\/tabuleiros\/achiridae\/\">Continue lendo <span class=\"meta-nav\">&rarr;<\/span><\/a><\/p>\n","protected":false},"author":1,"featured_media":0,"parent":0,"menu_order":0,"comment_status":"closed","ping_status":"closed","template":"","meta":{"footnotes":""},"class_list":["post-1149","page","type-page","status-publish","hentry"],"_links":{"self":[{"href":"http:\/\/nossacasa.net\/nossosriachos\/tabuleiros\/wp-json\/wp\/v2\/pages\/1149","targetHints":{"allow":["GET"]}}],"collection":[{"href":"http:\/\/nossacasa.net\/nossosriachos\/tabuleiros\/wp-json\/wp\/v2\/pages"}],"about":[{"href":"http:\/\/nossacasa.net\/nossosriachos\/tabuleiros\/wp-json\/wp\/v2\/types\/page"}],"author":[{"embeddable":true,"href":"http:\/\/nossacasa.net\/nossosriachos\/tabuleiros\/wp-json\/wp\/v2\/users\/1"}],"replies":[{"embeddable":true,"href":"http:\/\/nossacasa.net\/nossosriachos\/tabuleiros\/wp-json\/wp\/v2\/comments?post=1149"}],"version-history":[{"count":3,"href":"http:\/\/nossacasa.net\/nossosriachos\/tabuleiros\/wp-json\/wp\/v2\/pages\/1149\/revisions"}],"predecessor-version":[{"id":3650,"href":"http:\/\/nossacasa.net\/nossosriachos\/tabuleiros\/wp-json\/wp\/v2\/pages\/1149\/revisions\/3650"}],"wp:attachment":[{"href":"http:\/\/nossacasa.net\/nossosriachos\/tabuleiros\/wp-json\/wp\/v2\/media?parent=1149"}],"curies":[{"name":"wp","href":"https:\/\/api.w.org\/{rel}","templated":true}]}}