{"id":1162,"date":"2019-09-05T10:08:25","date_gmt":"2019-09-05T13:08:25","guid":{"rendered":"http:\/\/nossacasa.net\/nossosriachos\/rios\/?page_id=1162"},"modified":"2019-09-23T09:33:41","modified_gmt":"2019-09-23T12:33:41","slug":"cynoglossidae","status":"publish","type":"page","link":"http:\/\/nossacasa.net\/nossosriachos\/tabuleiros\/cynoglossidae\/","title":{"rendered":"Cynoglossidae"},"content":{"rendered":"<div style=\"text-align: justify\">\n<strong>Os Cynoglossidae<\/strong> (Linguados)<\/p>\n<p><img loading=\"lazy\" decoding=\"async\" src=\"http:\/\/nossacasa.net\/nossosriachos\/tabuleiross\/wp-content\/uploads\/sites\/8\/2019\/09\/Cynoglossidae.png\" alt=\"\" width=\"800\" height=\"281\" class=\"aligncenter size-full wp-image-1163\" srcset=\"http:\/\/nossacasa.net\/nossosriachos\/tabuleiros\/wp-content\/uploads\/sites\/13\/2019\/09\/Cynoglossidae.png 800w, http:\/\/nossacasa.net\/nossosriachos\/tabuleiros\/wp-content\/uploads\/sites\/13\/2019\/09\/Cynoglossidae-300x105.png 300w, http:\/\/nossacasa.net\/nossosriachos\/tabuleiros\/wp-content\/uploads\/sites\/13\/2019\/09\/Cynoglossidae-768x270.png 768w, http:\/\/nossacasa.net\/nossosriachos\/tabuleiros\/wp-content\/uploads\/sites\/13\/2019\/09\/Cynoglossidae-500x176.png 500w\" sizes=\"auto, (max-width: 800px) 100vw, 800px\" \/><\/p>\n<p>Algumas caracter\u00edsticas da fam\u00edlia <strong>Cynoglossidae<\/strong>, s\u00e3o ilustradas na figura acima.<\/p>\n<p>Peixes da fam\u00edlia <strong>Cynoglossidae<\/strong> possuem os olhos do lado esquerdo do corpo (sinistrais), o corpo lanceolado e a boca terminal. A nadadeira p\u00e9lvica \u00e9 \u00edmpar, do lado colorido, e separada da nadadeira anal. Linha lateral inconsp\u00edcua ou ausente.<\/p>\n<p>Os tabuleiros da Mata Atl\u00e2ntica s\u00e3o povoados por peixes pertencentes a um \u00fanico g\u00eanero da fam\u00edlia <strong>Cynoglossidae<\/strong>: <em><a href=\"http:\/\/nossacasa.net\/nossosriachos\/tabuleiros\/symphurus\/\">Symphurus<\/a><\/em>. <\/p>\n<hr>\n<p><a href=\"http:\/\/nossacasa.net\/nossosriachos\/tabuleiros\/chave-de-cynoglossidae\"><strong>CHAVE DE CYNOGLOSSIDAE<\/strong><\/a>\n<\/div>\n","protected":false},"excerpt":{"rendered":"<p>Os Cynoglossidae (Linguados) Algumas caracter\u00edsticas da fam\u00edlia Cynoglossidae, s\u00e3o ilustradas na figura acima. Peixes da fam\u00edlia Cynoglossidae possuem os olhos do lado esquerdo do corpo (sinistrais), o corpo lanceolado e a boca terminal. A nadadeira p\u00e9lvica \u00e9 \u00edmpar, do lado &hellip; <a href=\"http:\/\/nossacasa.net\/nossosriachos\/tabuleiros\/cynoglossidae\/\">Continue lendo <span class=\"meta-nav\">&rarr;<\/span><\/a><\/p>\n","protected":false},"author":1,"featured_media":0,"parent":0,"menu_order":0,"comment_status":"closed","ping_status":"closed","template":"","meta":{"footnotes":""},"class_list":["post-1162","page","type-page","status-publish","hentry"],"_links":{"self":[{"href":"http:\/\/nossacasa.net\/nossosriachos\/tabuleiros\/wp-json\/wp\/v2\/pages\/1162","targetHints":{"allow":["GET"]}}],"collection":[{"href":"http:\/\/nossacasa.net\/nossosriachos\/tabuleiros\/wp-json\/wp\/v2\/pages"}],"about":[{"href":"http:\/\/nossacasa.net\/nossosriachos\/tabuleiros\/wp-json\/wp\/v2\/types\/page"}],"author":[{"embeddable":true,"href":"http:\/\/nossacasa.net\/nossosriachos\/tabuleiros\/wp-json\/wp\/v2\/users\/1"}],"replies":[{"embeddable":true,"href":"http:\/\/nossacasa.net\/nossosriachos\/tabuleiros\/wp-json\/wp\/v2\/comments?post=1162"}],"version-history":[{"count":2,"href":"http:\/\/nossacasa.net\/nossosriachos\/tabuleiros\/wp-json\/wp\/v2\/pages\/1162\/revisions"}],"predecessor-version":[{"id":3777,"href":"http:\/\/nossacasa.net\/nossosriachos\/tabuleiros\/wp-json\/wp\/v2\/pages\/1162\/revisions\/3777"}],"wp:attachment":[{"href":"http:\/\/nossacasa.net\/nossosriachos\/tabuleiros\/wp-json\/wp\/v2\/media?parent=1162"}],"curies":[{"name":"wp","href":"https:\/\/api.w.org\/{rel}","templated":true}]}}