{"id":1185,"date":"2019-09-05T11:12:06","date_gmt":"2019-09-05T14:12:06","guid":{"rendered":"http:\/\/nossacasa.net\/nossosriachos\/rios\/?page_id=1185"},"modified":"2019-09-24T13:52:37","modified_gmt":"2019-09-24T16:52:37","slug":"syngnathidae","status":"publish","type":"page","link":"http:\/\/nossacasa.net\/nossosriachos\/tabuleiros\/syngnathidae\/","title":{"rendered":"Syngnathidae"},"content":{"rendered":"<div style=\"text-align: justify\">\n<h1>Os Syngnathidae (Peixe cachimbo)<\/h1>\n<p><img loading=\"lazy\" decoding=\"async\" src=\"http:\/\/nossacasa.net\/nossosriachos\/tabuleiros\/wp-content\/uploads\/sites\/8\/2019\/09\/Syngnathidae.png\" alt=\"\" width=\"800\" height=\"222\" class=\"aligncenter size-full wp-image-1186\" \/><\/p>\n<p>Algumas caracter\u00edsticas da fam\u00edlia <strong>Syngnathidae<\/strong>, s\u00e3o ilustradas na figura acima.<\/p>\n<p>Os <strong>Syngnathidae<\/strong> s\u00e3o peixes peculiares, com corpo envolvido em an\u00e9is \u00f3sseos articulados. Apresentam movimentos lentos, com suas pequenas nadadeiras. A nadadeira dorsal \u00e9 delicada, composta apenas por raios moles; as peitorais s\u00e3o reduzidas e as p\u00e9lvicas ausentes. <\/p>\n<p>Peixes da fam\u00edlia <strong>Syngnathidae<\/strong> incluem os cavalos marinhos e os peixes cachimbo, por\u00e9m apenas os peixes cachimbo frequentam as \u00e1guas estuarinas. <\/p>\n<p>Registros de cavalos marinhos em \u00e1rea estuarina s\u00e3o citados para o rio Potengi- RN e estu\u00e1rio do rio Camurupim- PI (Mai &amp; Rosa, 2009). S\u00e3o peixes de h\u00e1bitos cr\u00edpticos e em geral se ocultam em meio a banco de algas. Alimentam-se de microcrust\u00e1ceos ingeridos por suc\u00e7\u00e3o atrav\u00e9s do focinho tubular.<\/p>\n<p>Os tabuleiros da Mata Atl\u00e2ntica s\u00e3o povoados por peixes pertencentes a tr\u00eas g\u00eaneros da fam\u00edlia <strong>Syngnathidae<\/strong>: <em><a href=\"http:\/\/nossacasa.net\/nossosriachos\/tabuleiros\/microphis\/\">Microphis<\/a><\/em>, <em><a href=\"http:\/\/nossacasa.net\/nossosriachos\/tabuleiros\/pseudophallus\/\">Pseudophallus<\/a><\/em> e <em><a href=\"http:\/\/nossacasa.net\/nossosriachos\/tabuleiros\/syngnathus\/\">Syngnathus<\/a><\/em>. <\/p>\n<hr>\n<p><strong><a href=\"http:\/\/nossacasa.net\/nossosriachos\/tabuleiros\/chave-de-syngnathidae\">CHAVE DE SYNGNATHIDAE<\/a><\/strong><\/p>\n<hr>\n<\/div>\n","protected":false},"excerpt":{"rendered":"<p>Os Syngnathidae (Peixe cachimbo) Algumas caracter\u00edsticas da fam\u00edlia Syngnathidae, s\u00e3o ilustradas na figura acima. Os Syngnathidae s\u00e3o peixes peculiares, com corpo envolvido em an\u00e9is \u00f3sseos articulados. Apresentam movimentos lentos, com suas pequenas nadadeiras. A nadadeira dorsal \u00e9 delicada, composta apenas &hellip; <a href=\"http:\/\/nossacasa.net\/nossosriachos\/tabuleiros\/syngnathidae\/\">Continue lendo <span class=\"meta-nav\">&rarr;<\/span><\/a><\/p>\n","protected":false},"author":1,"featured_media":0,"parent":0,"menu_order":0,"comment_status":"closed","ping_status":"closed","template":"","meta":{"footnotes":""},"class_list":["post-1185","page","type-page","status-publish","hentry"],"_links":{"self":[{"href":"http:\/\/nossacasa.net\/nossosriachos\/tabuleiros\/wp-json\/wp\/v2\/pages\/1185","targetHints":{"allow":["GET"]}}],"collection":[{"href":"http:\/\/nossacasa.net\/nossosriachos\/tabuleiros\/wp-json\/wp\/v2\/pages"}],"about":[{"href":"http:\/\/nossacasa.net\/nossosriachos\/tabuleiros\/wp-json\/wp\/v2\/types\/page"}],"author":[{"embeddable":true,"href":"http:\/\/nossacasa.net\/nossosriachos\/tabuleiros\/wp-json\/wp\/v2\/users\/1"}],"replies":[{"embeddable":true,"href":"http:\/\/nossacasa.net\/nossosriachos\/tabuleiros\/wp-json\/wp\/v2\/comments?post=1185"}],"version-history":[{"count":2,"href":"http:\/\/nossacasa.net\/nossosriachos\/tabuleiros\/wp-json\/wp\/v2\/pages\/1185\/revisions"}],"predecessor-version":[{"id":3975,"href":"http:\/\/nossacasa.net\/nossosriachos\/tabuleiros\/wp-json\/wp\/v2\/pages\/1185\/revisions\/3975"}],"wp:attachment":[{"href":"http:\/\/nossacasa.net\/nossosriachos\/tabuleiros\/wp-json\/wp\/v2\/media?parent=1185"}],"curies":[{"name":"wp","href":"https:\/\/api.w.org\/{rel}","templated":true}]}}