{"id":1196,"date":"2019-09-05T14:56:21","date_gmt":"2019-09-05T17:56:21","guid":{"rendered":"http:\/\/nossacasa.net\/nossosriachos\/rios\/?page_id=1196"},"modified":"2019-09-05T14:56:21","modified_gmt":"2019-09-05T17:56:21","slug":"chave-de-syngnathidae","status":"publish","type":"page","link":"http:\/\/nossacasa.net\/nossosriachos\/tabuleiros\/chave-de-syngnathidae\/","title":{"rendered":"Chave de Syngnathidae"},"content":{"rendered":"\n<table id=\"tablepress-47\" class=\"tablepress tablepress-id-47 tbody-has-connected-cells\">\n<tbody class=\"row-striping row-hover\">\n<tr class=\"row-1\">\n\t<td colspan=\"4\" class=\"column-1\"><h1>Chave de Syngnathidae<\/h1><br \/>\nOs <strong><a href=\"http:\/\/nossacasa.net\/nossosriachos\/rios\/syngnathidae\/\">Syngnathidae<\/a><\/strong> do Tabuleiro s\u00e3o representados por tr\u00eas g\u00eaneros: <strong><em><a href=\"http:\/\/nossacasa.net\/nossosriachos\/tabuleiros\/microphis\/\">Microphis<\/a><\/em><\/strong>, <strong><em><a href=\"http:\/\/nossacasa.net\/nossosriachos\/tabuleiros\/pseudophallus\/\">Pseudophallus<\/a><\/em><\/strong> e <strong><em><a href=\"http:\/\/nossacasa.net\/nossosriachos\/tabuleiros\/syngnathus\/\">Syngnathus<\/a><\/em><\/strong>.<\/td>\n<\/tr>\n<tr class=\"row-2\">\n\t<td class=\"column-1\"><strong id=\"1\">1A<\/strong><\/td><td class=\"column-2\">Cauda reta, n\u00e3o pre\u00eansil, nadadeira caudal presente; <br \/>\n13 a 14 an\u00e9is no tronco; crista mediana cont\u00ednua no tronco entre \u00e2nus e cauda; <br \/>\nnadadeira anal ausente.<\/td><td class=\"column-3\"><strong><em><a href=\"http:\/\/nossacasa.net\/nossosriachos\/rios\/pseudophallus\/\">Pseudophallus<\/a><\/em><\/strong><\/td><td class=\"column-4\"><img loading=\"lazy\" decoding=\"async\" src=\"http:\/\/nossacasa.net\/nossosriachos\/rios\/wp-content\/uploads\/sites\/8\/2019\/09\/Syngnathidae_1A.png\" alt=\"\" width=\"800\" height=\"222\" class=\"aligncenter size-full wp-image-1187\" srcset=\"http:\/\/nossacasa.net\/nossosriachos\/tabuleiros\/wp-content\/uploads\/sites\/13\/2019\/09\/Syngnathidae_1A.png 800w, http:\/\/nossacasa.net\/nossosriachos\/tabuleiros\/wp-content\/uploads\/sites\/13\/2019\/09\/Syngnathidae_1A-300x83.png 300w, http:\/\/nossacasa.net\/nossosriachos\/tabuleiros\/wp-content\/uploads\/sites\/13\/2019\/09\/Syngnathidae_1A-768x213.png 768w, http:\/\/nossacasa.net\/nossosriachos\/tabuleiros\/wp-content\/uploads\/sites\/13\/2019\/09\/Syngnathidae_1A-500x139.png 500w\" sizes=\"auto, (max-width: 800px) 100vw, 800px\" \/><\/td>\n<\/tr>\n<tr class=\"row-3\">\n\t<td class=\"column-1\"><strong>1B<\/strong><\/td><td class=\"column-2\">Cauda reta, n\u00e3o pre\u00eansil, nadadeira caudal presente; <br \/>\n16 a 19 an\u00e9is no tronco; <br \/>\ncrista mediana interrompida no tronco ou n\u00e3o; <br \/>\nnadadeira anal presente .<\/td><td class=\"column-3\"><a href=\"#2\">2<\/a><\/strong><\/td><td class=\"column-4\"><\/td>\n<\/tr>\n<tr class=\"row-4\">\n\t<td class=\"column-1\"><strong id=\"2\">2A<\/strong><\/td><td class=\"column-2\">Crista mediana no tronco interrompida; focinho curto; <br \/>\nbolsa incubadora dos machos na parte inferior da cauda.<\/td><td class=\"column-3\"><strong><em><a href=\"http:\/\/nossacasa.net\/nossosriachos\/rios\/syngnathus\/\">Syngnathus<\/a><\/em><\/strong><\/td><td class=\"column-4\"><img loading=\"lazy\" decoding=\"async\" src=\"http:\/\/nossacasa.net\/nossosriachos\/rios\/wp-content\/uploads\/sites\/8\/2019\/09\/Syngnathidae_2A.png\" alt=\"\" width=\"800\" height=\"200\" class=\"aligncenter size-full wp-image-1188\" srcset=\"http:\/\/nossacasa.net\/nossosriachos\/tabuleiros\/wp-content\/uploads\/sites\/13\/2019\/09\/Syngnathidae_2A.png 800w, http:\/\/nossacasa.net\/nossosriachos\/tabuleiros\/wp-content\/uploads\/sites\/13\/2019\/09\/Syngnathidae_2A-300x75.png 300w, http:\/\/nossacasa.net\/nossosriachos\/tabuleiros\/wp-content\/uploads\/sites\/13\/2019\/09\/Syngnathidae_2A-768x192.png 768w, http:\/\/nossacasa.net\/nossosriachos\/tabuleiros\/wp-content\/uploads\/sites\/13\/2019\/09\/Syngnathidae_2A-500x125.png 500w\" sizes=\"auto, (max-width: 800px) 100vw, 800px\" \/><\/td>\n<\/tr>\n<tr class=\"row-5\">\n\t<td class=\"column-1\"><strong>2B<\/strong><\/td><td class=\"column-2\">Crista mediana no tronco n\u00e3o interrompida, cont\u00ednua com a crista caudal; <br \/>\nfocinho alongado; <br \/>\nbolsa incubadora dos machos na altura do abdome, na parte ventral do tronco.<\/td><td class=\"column-3\"><strong><em><a href=\"http:\/\/nossacasa.net\/nossosriachos\/rios\/microphis\/\">Microphis<\/a><\/em><\/strong><\/td><td class=\"column-4\"><img loading=\"lazy\" decoding=\"async\" src=\"http:\/\/nossacasa.net\/nossosriachos\/rios\/wp-content\/uploads\/sites\/8\/2019\/09\/Syngnathidae_2B.png\" alt=\"\" width=\"800\" height=\"249\" class=\"aligncenter size-full wp-image-1189\" srcset=\"http:\/\/nossacasa.net\/nossosriachos\/tabuleiros\/wp-content\/uploads\/sites\/13\/2019\/09\/Syngnathidae_2B.png 800w, http:\/\/nossacasa.net\/nossosriachos\/tabuleiros\/wp-content\/uploads\/sites\/13\/2019\/09\/Syngnathidae_2B-300x93.png 300w, http:\/\/nossacasa.net\/nossosriachos\/tabuleiros\/wp-content\/uploads\/sites\/13\/2019\/09\/Syngnathidae_2B-768x239.png 768w, http:\/\/nossacasa.net\/nossosriachos\/tabuleiros\/wp-content\/uploads\/sites\/13\/2019\/09\/Syngnathidae_2B-500x156.png 500w\" sizes=\"auto, (max-width: 800px) 100vw, 800px\" \/><\/td>\n<\/tr>\n<tr class=\"row-6\">\n\t<td colspan=\"4\" class=\"column-1\"><hr><br \/>\n<strong>Organiza\u00e7\u00e3o:<\/strong> L.M. Sarmento-Soares e R.F. Martins-Pinheiro.<br \/>\n<strong>Imagens:<\/strong> Figueiredo &amp; Menezes (1980) e J.L. Gasparini. <br \/>\n<hr><\/td>\n<\/tr>\n<\/tbody>\n<\/table>\n\n","protected":false},"excerpt":{"rendered":"","protected":false},"author":1,"featured_media":0,"parent":0,"menu_order":0,"comment_status":"closed","ping_status":"closed","template":"template-page-builder-no-header-footer.php","meta":{"footnotes":""},"class_list":["post-1196","page","type-page","status-publish","hentry"],"_links":{"self":[{"href":"http:\/\/nossacasa.net\/nossosriachos\/tabuleiros\/wp-json\/wp\/v2\/pages\/1196","targetHints":{"allow":["GET"]}}],"collection":[{"href":"http:\/\/nossacasa.net\/nossosriachos\/tabuleiros\/wp-json\/wp\/v2\/pages"}],"about":[{"href":"http:\/\/nossacasa.net\/nossosriachos\/tabuleiros\/wp-json\/wp\/v2\/types\/page"}],"author":[{"embeddable":true,"href":"http:\/\/nossacasa.net\/nossosriachos\/tabuleiros\/wp-json\/wp\/v2\/users\/1"}],"replies":[{"embeddable":true,"href":"http:\/\/nossacasa.net\/nossosriachos\/tabuleiros\/wp-json\/wp\/v2\/comments?post=1196"}],"version-history":[{"count":0,"href":"http:\/\/nossacasa.net\/nossosriachos\/tabuleiros\/wp-json\/wp\/v2\/pages\/1196\/revisions"}],"wp:attachment":[{"href":"http:\/\/nossacasa.net\/nossosriachos\/tabuleiros\/wp-json\/wp\/v2\/media?parent=1196"}],"curies":[{"name":"wp","href":"https:\/\/api.w.org\/{rel}","templated":true}]}}